{"id":391554,"date":"2025-05-18T22:02:58","date_gmt":"2025-05-18T22:02:58","guid":{"rendered":"https:\/\/staging2.stylingagenten.com\/no\/produkt\/system-professional-alpha-energy-100ml\/"},"modified":"2026-03-30T09:48:47","modified_gmt":"2026-03-30T09:48:47","slug":"system-professional-alpha-energy-100ml","status":"publish","type":"product","link":"https:\/\/stylingagenten.com\/no\/produkt\/system-professional-alpha-energy-100ml\/","title":{"rendered":"System Professional Alpha Energy 100ml"},"content":{"rendered":"<p>System Professional Alpha Energy er en intensiv behandling som styrker hodebunnen, h\u00e5rfibrene og h\u00e5rets struktur. Den balanserer fuktighetsniv\u00e5et i hodebunnen, reduserer skader og fremmer n\u00e6ringsstr\u00f8mmen til r\u00f8ttene, noe som gir fyldigere, sunnere og mer h\u00e5ndterbart h\u00e5r. Formelen er avkj\u00f8lende og beroligende, styrker hodebunnen uten \u00e5 etterlate rester, og gj\u00f8r h\u00e5ret mer motstandsdyktig og lettere \u00e5 style. Alpha Energy passer sammen med alle System Professional-produktene og gir langvarige resultater for sunt og velpleid h\u00e5r.<\/p>\n<p>100ml<\/p>\n","protected":false},"excerpt":{"rendered":"<p>System Professional Alpha Energy er en intensiv behandling som styrker hodebunnen, h\u00e5rfibrene og h\u00e5rets struktur. Den balanserer fuktighetsniv\u00e5et i hodebunnen, reduserer skader og fremmer n\u00e6ringsstr\u00f8mmen til r\u00f8ttene, noe som gir fyldigere, sunnere og mer h\u00e5ndterbart h\u00e5r. Formelen er avkj\u00f8lende og beroligende, styrker hodebunnen uten \u00e5 etterlate rester, og gj\u00f8r h\u00e5ret mer motstandsdyktig og lettere \u00e5 [&hellip;]<\/p>\n","protected":false},"featured_media":391524,"comment_status":"open","ping_status":"closed","template":"","meta":{"_trash_the_other_posts":false},"product_brand":[],"product_cat":[615],"product_tag":[],"berocket_brand":[1995],"class_list":{"0":"post-391554","1":"product","2":"type-product","3":"status-publish","4":"has-post-thumbnail","6":"product_cat-harserum","7":"pa_brand-system-professional","8":"berocket_brand-system-professional","10":"first","11":"instock","12":"sale","13":"taxable","14":"shipping-taxable","15":"purchasable","16":"product-type-simple"},"_links":{"self":[{"href":"https:\/\/stylingagenten.com\/no\/wp-json\/wp\/v2\/product\/391554","targetHints":{"allow":["GET"]}}],"collection":[{"href":"https:\/\/stylingagenten.com\/no\/wp-json\/wp\/v2\/product"}],"about":[{"href":"https:\/\/stylingagenten.com\/no\/wp-json\/wp\/v2\/types\/product"}],"replies":[{"embeddable":true,"href":"https:\/\/stylingagenten.com\/no\/wp-json\/wp\/v2\/comments?post=391554"}],"version-history":[{"count":0,"href":"https:\/\/stylingagenten.com\/no\/wp-json\/wp\/v2\/product\/391554\/revisions"}],"wp:featuredmedia":[{"embeddable":true,"href":"https:\/\/stylingagenten.com\/no\/wp-json\/wp\/v2\/media\/391524"}],"wp:attachment":[{"href":"https:\/\/stylingagenten.com\/no\/wp-json\/wp\/v2\/media?parent=391554"}],"wp:term":[{"taxonomy":"product_brand","embeddable":true,"href":"https:\/\/stylingagenten.com\/no\/wp-json\/wp\/v2\/product_brand?post=391554"},{"taxonomy":"product_cat","embeddable":true,"href":"https:\/\/stylingagenten.com\/no\/wp-json\/wp\/v2\/product_cat?post=391554"},{"taxonomy":"product_tag","embeddable":true,"href":"https:\/\/stylingagenten.com\/no\/wp-json\/wp\/v2\/product_tag?post=391554"},{"taxonomy":"berocket_brand","embeddable":true,"href":"https:\/\/stylingagenten.com\/no\/wp-json\/wp\/v2\/berocket_brand?post=391554"}],"curies":[{"name":"wp","href":"https:\/\/api.w.org\/{rel}","templated":true}]}}