{"id":391539,"date":"2025-05-18T22:02:56","date_gmt":"2025-05-18T22:02:56","guid":{"rendered":"https:\/\/staging2.stylingagenten.com\/no\/produkt\/system-professional-elastic-force-125ml\/"},"modified":"2026-03-11T22:00:37","modified_gmt":"2026-03-11T22:00:37","slug":"system-professional-elastic-force-125ml","status":"publish","type":"product","link":"https:\/\/stylingagenten.com\/no\/produkt\/system-professional-elastic-force-125ml\/","title":{"rendered":"System Professional Elastic Force 125ml"},"content":{"rendered":"<p>System Professional Elastic Force er et leave-in-serum som gir glans og elastisitet. Denne unike sluttbehandlingen gj\u00f8r h\u00e5ret mykere, mer elastisk og lettere \u00e5 style ved f\u00f8ning. Elastic Force jevner ut h\u00e5ret og forbedrer styrken, og gir et fleksibelt og glansfullt utseende. Passer for alle h\u00e5rtyper.<\/p>\n<p>125ml<\/p>\n","protected":false},"excerpt":{"rendered":"<p>System Professional Elastic Force er et leave-in-serum som gir glans og elastisitet. Denne unike sluttbehandlingen gj\u00f8r h\u00e5ret mykere, mer elastisk og lettere \u00e5 style ved f\u00f8ning. Elastic Force jevner ut h\u00e5ret og forbedrer styrken, og gir et fleksibelt og glansfullt utseende. Passer for alle h\u00e5rtyper. 125ml<\/p>\n","protected":false},"featured_media":391522,"comment_status":"open","ping_status":"closed","template":"","meta":{"_trash_the_other_posts":false},"product_brand":[],"product_cat":[615],"product_tag":[],"berocket_brand":[1995],"class_list":{"0":"post-391539","1":"product","2":"type-product","3":"status-publish","4":"has-post-thumbnail","6":"product_cat-harserum","7":"pa_brand-system-professional","8":"berocket_brand-system-professional","10":"first","11":"instock","12":"sale","13":"taxable","14":"shipping-taxable","15":"purchasable","16":"product-type-simple"},"_links":{"self":[{"href":"https:\/\/stylingagenten.com\/no\/wp-json\/wp\/v2\/product\/391539","targetHints":{"allow":["GET"]}}],"collection":[{"href":"https:\/\/stylingagenten.com\/no\/wp-json\/wp\/v2\/product"}],"about":[{"href":"https:\/\/stylingagenten.com\/no\/wp-json\/wp\/v2\/types\/product"}],"replies":[{"embeddable":true,"href":"https:\/\/stylingagenten.com\/no\/wp-json\/wp\/v2\/comments?post=391539"}],"version-history":[{"count":0,"href":"https:\/\/stylingagenten.com\/no\/wp-json\/wp\/v2\/product\/391539\/revisions"}],"wp:featuredmedia":[{"embeddable":true,"href":"https:\/\/stylingagenten.com\/no\/wp-json\/wp\/v2\/media\/391522"}],"wp:attachment":[{"href":"https:\/\/stylingagenten.com\/no\/wp-json\/wp\/v2\/media?parent=391539"}],"wp:term":[{"taxonomy":"product_brand","embeddable":true,"href":"https:\/\/stylingagenten.com\/no\/wp-json\/wp\/v2\/product_brand?post=391539"},{"taxonomy":"product_cat","embeddable":true,"href":"https:\/\/stylingagenten.com\/no\/wp-json\/wp\/v2\/product_cat?post=391539"},{"taxonomy":"product_tag","embeddable":true,"href":"https:\/\/stylingagenten.com\/no\/wp-json\/wp\/v2\/product_tag?post=391539"},{"taxonomy":"berocket_brand","embeddable":true,"href":"https:\/\/stylingagenten.com\/no\/wp-json\/wp\/v2\/berocket_brand?post=391539"}],"curies":[{"name":"wp","href":"https:\/\/api.w.org\/{rel}","templated":true}]}}