{"id":391517,"date":"2025-05-18T22:02:54","date_gmt":"2025-05-18T22:02:54","guid":{"rendered":"https:\/\/staging2.stylingagenten.com\/no\/produkt\/wella-professionals-ultimate-repair-miracle-hair-rescue-95ml\/"},"modified":"2026-03-24T06:26:37","modified_gmt":"2026-03-24T06:26:37","slug":"wella-professionals-ultimate-repair-miracle-hair-rescue-95ml","status":"publish","type":"product","link":"https:\/\/stylingagenten.com\/no\/produkt\/wella-professionals-ultimate-repair-miracle-hair-rescue-95ml\/","title":{"rendered":"Wella Professionals Ultimate Repair Miracle Hair Rescue 95ml"},"content":{"rendered":"<p>Wella Professionals Ultimate Repair Miracle Hair Rescue er en luksuri\u00f8s leave-in-spray som reparerer og forebygger skader p\u00e5 h\u00e5ret p\u00e5 bare 90 sekunder.<\/p>\n<p>Miracle Hair Rescue inneholder alfa-hydroksysyre (AHA) og omega-9, som gjenoppbygger bindingene i h\u00e5ret og gjenoppretter den ytre barrieren i varme- og blekeskadet h\u00e5r. AHA, som vanligvis er kjent innen hudpleie, brukes i Ultimate Repair for \u00e5 styrke, pleie og forhindre h\u00e5rbrudd i b\u00e5de sunt og kjemisk behandlet h\u00e5r ved \u00e5 gjenoppbygge hydrogenbindingene og trenge dypt inn i h\u00e5rfiberen.<\/p>\n<p>Miracle Hair Rescue styrker og glatter h\u00e5ret intensivt, og gir transformasjonsresultater etter bare \u00e9n bruk, som varer i opptil 4 vasker.** Denne profesjonelle h\u00e5rbooster gir effektiv utredning av v\u00e5tt h\u00e5r og garanterer 12 ganger glattere h\u00e5r p\u00e5 bare 90 sekunder.* Dermatologisk testet og vegansk.<\/p>\n<p>*Ved bruk av Ultimate Repair Step 3<br \/>**Ved bruk av Ultimate Repair trinn 1, 2 og 3<\/p>\n<p>95ml<\/p>\n","protected":false},"excerpt":{"rendered":"<p>Wella Professionals Ultimate Repair Miracle Hair Rescue er en luksuri\u00f8s leave-in-spray som reparerer og forebygger skader p\u00e5 h\u00e5ret p\u00e5 bare 90 sekunder. Miracle Hair Rescue inneholder alfa-hydroksysyre (AHA) og omega-9, som gjenoppbygger bindingene i h\u00e5ret og gjenoppretter den ytre barrieren i varme- og blekeskadet h\u00e5r. AHA, som vanligvis er kjent innen hudpleie, brukes i Ultimate [&hellip;]<\/p>\n","protected":false},"featured_media":391485,"comment_status":"open","ping_status":"closed","template":"","meta":{"_trash_the_other_posts":false},"product_brand":[],"product_cat":[615],"product_tag":[],"berocket_brand":[1030],"class_list":{"0":"post-391517","1":"product","2":"type-product","3":"status-publish","4":"has-post-thumbnail","6":"product_cat-harserum","7":"pa_brand-wella","8":"berocket_brand-wella","10":"first","11":"instock","12":"sale","13":"taxable","14":"shipping-taxable","15":"purchasable","16":"product-type-simple"},"_links":{"self":[{"href":"https:\/\/stylingagenten.com\/no\/wp-json\/wp\/v2\/product\/391517","targetHints":{"allow":["GET"]}}],"collection":[{"href":"https:\/\/stylingagenten.com\/no\/wp-json\/wp\/v2\/product"}],"about":[{"href":"https:\/\/stylingagenten.com\/no\/wp-json\/wp\/v2\/types\/product"}],"replies":[{"embeddable":true,"href":"https:\/\/stylingagenten.com\/no\/wp-json\/wp\/v2\/comments?post=391517"}],"version-history":[{"count":0,"href":"https:\/\/stylingagenten.com\/no\/wp-json\/wp\/v2\/product\/391517\/revisions"}],"wp:featuredmedia":[{"embeddable":true,"href":"https:\/\/stylingagenten.com\/no\/wp-json\/wp\/v2\/media\/391485"}],"wp:attachment":[{"href":"https:\/\/stylingagenten.com\/no\/wp-json\/wp\/v2\/media?parent=391517"}],"wp:term":[{"taxonomy":"product_brand","embeddable":true,"href":"https:\/\/stylingagenten.com\/no\/wp-json\/wp\/v2\/product_brand?post=391517"},{"taxonomy":"product_cat","embeddable":true,"href":"https:\/\/stylingagenten.com\/no\/wp-json\/wp\/v2\/product_cat?post=391517"},{"taxonomy":"product_tag","embeddable":true,"href":"https:\/\/stylingagenten.com\/no\/wp-json\/wp\/v2\/product_tag?post=391517"},{"taxonomy":"berocket_brand","embeddable":true,"href":"https:\/\/stylingagenten.com\/no\/wp-json\/wp\/v2\/berocket_brand?post=391517"}],"curies":[{"name":"wp","href":"https:\/\/api.w.org\/{rel}","templated":true}]}}