{"id":391498,"date":"2025-05-18T22:02:52","date_gmt":"2025-05-18T22:02:52","guid":{"rendered":"https:\/\/staging2.stylingagenten.com\/no\/produkt\/olaplex-no-3-hair-perfector-100ml\/"},"modified":"2026-04-11T13:28:44","modified_gmt":"2026-04-11T13:28:44","slug":"olaplex-no-3-hair-perfector-100ml","status":"publish","type":"product","link":"https:\/\/stylingagenten.com\/no\/produkt\/olaplex-no-3-hair-perfector-100ml\/","title":{"rendered":"Olaplex No.3 Hair Perfector 100ml"},"content":{"rendered":"<h1>Olaplex Hair Perfector No.3 er en intensivt n\u00e6rende behandling for \u00e5 styrke h\u00e5ret og et salongresultat hjemme.&nbsp;<\/h1>\n<p><\/p>\n<p><\/p>\n<h2>Utgave&aring; fra et rent h\u00e5r. P\u00e5f\u00f8r en sjener\u00f8s mengde av produktet i h\u00e5ndklet\u00f8rt h\u00e5r. Gre gjennom og la virke i minst 10 min. Skyll deretter ut produktet og bruk deretter sjampo, en proteinrik innpakning og balsam. Jo lengre effekttid for Olaplex nr.3, jo mer effekt. Anbefalt bruk er en gang i uken eller etter behov.<\/h2>\n<p><\/p>\n<p><\/p>\n","protected":false},"excerpt":{"rendered":"<p>Olaplex Hair Perfector No.3 er en intensivt n\u00e6rende behandling for \u00e5 styrke h\u00e5ret og et salongresultat hjemme.&nbsp; Utgave&aring; fra et rent h\u00e5r. P\u00e5f\u00f8r en sjener\u00f8s mengde av produktet i h\u00e5ndklet\u00f8rt h\u00e5r. Gre gjennom og la virke i minst 10 min. Skyll deretter ut produktet og bruk deretter sjampo, en proteinrik innpakning og balsam. Jo lengre [&hellip;]<\/p>\n","protected":false},"featured_media":391484,"comment_status":"open","ping_status":"closed","template":"","meta":{"_trash_the_other_posts":false},"product_brand":[],"product_cat":[1003,620],"product_tag":[],"berocket_brand":[1023],"class_list":{"0":"post-391498","1":"product","2":"type-product","3":"status-publish","4":"has-post-thumbnail","6":"product_cat-bestselgere","7":"product_cat-harmaske","8":"pa_brand-olaplex","9":"berocket_brand-olaplex","11":"first","12":"instock","13":"sale","14":"taxable","15":"shipping-taxable","16":"purchasable","17":"product-type-simple"},"_links":{"self":[{"href":"https:\/\/stylingagenten.com\/no\/wp-json\/wp\/v2\/product\/391498","targetHints":{"allow":["GET"]}}],"collection":[{"href":"https:\/\/stylingagenten.com\/no\/wp-json\/wp\/v2\/product"}],"about":[{"href":"https:\/\/stylingagenten.com\/no\/wp-json\/wp\/v2\/types\/product"}],"replies":[{"embeddable":true,"href":"https:\/\/stylingagenten.com\/no\/wp-json\/wp\/v2\/comments?post=391498"}],"version-history":[{"count":0,"href":"https:\/\/stylingagenten.com\/no\/wp-json\/wp\/v2\/product\/391498\/revisions"}],"wp:featuredmedia":[{"embeddable":true,"href":"https:\/\/stylingagenten.com\/no\/wp-json\/wp\/v2\/media\/391484"}],"wp:attachment":[{"href":"https:\/\/stylingagenten.com\/no\/wp-json\/wp\/v2\/media?parent=391498"}],"wp:term":[{"taxonomy":"product_brand","embeddable":true,"href":"https:\/\/stylingagenten.com\/no\/wp-json\/wp\/v2\/product_brand?post=391498"},{"taxonomy":"product_cat","embeddable":true,"href":"https:\/\/stylingagenten.com\/no\/wp-json\/wp\/v2\/product_cat?post=391498"},{"taxonomy":"product_tag","embeddable":true,"href":"https:\/\/stylingagenten.com\/no\/wp-json\/wp\/v2\/product_tag?post=391498"},{"taxonomy":"berocket_brand","embeddable":true,"href":"https:\/\/stylingagenten.com\/no\/wp-json\/wp\/v2\/berocket_brand?post=391498"}],"curies":[{"name":"wp","href":"https:\/\/api.w.org\/{rel}","templated":true}]}}