{"id":391468,"date":"2025-05-18T22:02:47","date_gmt":"2025-05-18T22:02:47","guid":{"rendered":"https:\/\/staging2.stylingagenten.com\/no\/produkt\/orofluido-beauty-elixir-100ml\/"},"modified":"2026-04-14T20:29:00","modified_gmt":"2026-04-14T20:29:00","slug":"orofluido-beauty-elixir-100ml","status":"publish","type":"product","link":"https:\/\/stylingagenten.com\/no\/produkt\/orofluido-beauty-elixir-100ml\/","title":{"rendered":"Orofluido Beauty Elixir 100ml"},"content":{"rendered":"<p>Orofluido Hair Oil er spesielt utviklet fra en uts\u00f8kt blanding av de fineste naturlige oljene fra Orienten.<br \/>Orofluido er en skj\u00f8nnhetseliksir for alle h\u00e5rtyper, som omslutter h\u00e5ret i ren luksus.<\/p>\n<p> eliksir inneholder tre naturlige oljer i en uts\u00f8kt blanding som raskt absorberes av h\u00e5ret uten \u00e5 gj\u00f8re h\u00e5ret fett eller tynge det ned.<\/p>\n<p> Arganolje, som utvinnes fra fr\u00f8ene til Arganfrukten, er rik p\u00e5; vitamin E og viktige fettsyrer.<br \/>Det styrker h\u00e5ret og gir det utrolig glans, i tillegg til \u00e5 gj\u00f8re det silkemykt.<\/p>\n<p>Cuperys olje produseres ved kaldpressing av de t\u00f8rkede r\u00f8ttene til planten.<br \/> Den inneholder en h\u00f8y andel umettede fettsyrer og Tocopherol (fettl\u00f8selig vitamin) som gir naturlig beskyttelse mot frie radikaler og tilf\u00f8rer volum og gj\u00f8r h\u00e5ret mykt og h\u00e5ndterbart.<\/p>\n<p>Linfr\u00f8olje er den tredje grunnsteinen i Orofluido .<br \/>Takket v\u00e6re oljens betydelige innhold av umettede fettsyrer, tetter og fukter den h\u00e5rets ytre skall og gj\u00f8r h\u00e5ret glatt og jevnt.<\/p>\n<p>Resultatet er at h\u00e5rstr\u00e5ene kommer sammen og reflekterer lyset optimalt, noe som gir h\u00e5ret en unik og spektakul\u00e6r glans.<\/p>\n<p>Bruk: Legg noen dr\u00e5per Orofluido i h\u00e5ndflaten og fordel produktet i fuktig eller h\u00e5ndklet\u00f8rt h\u00e5r.<br \/>Doseringen justeres i henhold til lengden p\u00e5 h\u00e5ret og h\u00e5rtypen.<br \/> Kan brukes i t\u00f8rt h\u00e5r for \u00e5 kontrollere h\u00e5ret og gi \u00f8yeblikkelig glans.<br \/>Den silkeaktige teksturen gj\u00f8r at oljen kan absorberes umiddelbart uten \u00e5 tynge h\u00e5ret ned. <br \/>Kan brukes daglig eller etter behov og b\u00f8r ikke skylles ut.<br \/>Lukk alltid flasken ordentlig etter bruk.<\/p>\n","protected":false},"excerpt":{"rendered":"<p>Orofluido Hair Oil er spesielt utviklet fra en uts\u00f8kt blanding av de fineste naturlige oljene fra Orienten.Orofluido er en skj\u00f8nnhetseliksir for alle h\u00e5rtyper, som omslutter h\u00e5ret i ren luksus. eliksir inneholder tre naturlige oljer i en uts\u00f8kt blanding som raskt absorberes av h\u00e5ret uten \u00e5 gj\u00f8re h\u00e5ret fett eller tynge det ned. Arganolje, som utvinnes [&hellip;]<\/p>\n","protected":false},"featured_media":391467,"comment_status":"open","ping_status":"closed","template":"","meta":{"_trash_the_other_posts":false},"product_brand":[],"product_cat":[610],"product_tag":[3726],"berocket_brand":[1045],"class_list":{"0":"post-391468","1":"product","2":"type-product","3":"status-publish","4":"has-post-thumbnail","6":"product_cat-hare-olje","7":"product_tag-orofluido-beauty-elixir","8":"pa_brand-orofluido","9":"pa_variant-100ml","10":"berocket_brand-orofluido","12":"first","13":"instock","14":"sale","15":"taxable","16":"shipping-taxable","17":"purchasable","18":"product-type-simple"},"_links":{"self":[{"href":"https:\/\/stylingagenten.com\/no\/wp-json\/wp\/v2\/product\/391468","targetHints":{"allow":["GET"]}}],"collection":[{"href":"https:\/\/stylingagenten.com\/no\/wp-json\/wp\/v2\/product"}],"about":[{"href":"https:\/\/stylingagenten.com\/no\/wp-json\/wp\/v2\/types\/product"}],"replies":[{"embeddable":true,"href":"https:\/\/stylingagenten.com\/no\/wp-json\/wp\/v2\/comments?post=391468"}],"version-history":[{"count":0,"href":"https:\/\/stylingagenten.com\/no\/wp-json\/wp\/v2\/product\/391468\/revisions"}],"wp:featuredmedia":[{"embeddable":true,"href":"https:\/\/stylingagenten.com\/no\/wp-json\/wp\/v2\/media\/391467"}],"wp:attachment":[{"href":"https:\/\/stylingagenten.com\/no\/wp-json\/wp\/v2\/media?parent=391468"}],"wp:term":[{"taxonomy":"product_brand","embeddable":true,"href":"https:\/\/stylingagenten.com\/no\/wp-json\/wp\/v2\/product_brand?post=391468"},{"taxonomy":"product_cat","embeddable":true,"href":"https:\/\/stylingagenten.com\/no\/wp-json\/wp\/v2\/product_cat?post=391468"},{"taxonomy":"product_tag","embeddable":true,"href":"https:\/\/stylingagenten.com\/no\/wp-json\/wp\/v2\/product_tag?post=391468"},{"taxonomy":"berocket_brand","embeddable":true,"href":"https:\/\/stylingagenten.com\/no\/wp-json\/wp\/v2\/berocket_brand?post=391468"}],"curies":[{"name":"wp","href":"https:\/\/api.w.org\/{rel}","templated":true}]}}