{"id":391464,"date":"2025-05-18T22:02:46","date_gmt":"2025-05-18T22:02:46","guid":{"rendered":"https:\/\/staging2.stylingagenten.com\/no\/produkt\/wella-sp-luxe-oil-keratin-boost-essence-100ml\/"},"modified":"2026-04-06T18:08:45","modified_gmt":"2026-04-06T18:08:45","slug":"wella-sp-luxe-oil-keratin-boost-essence-100ml","status":"publish","type":"product","link":"https:\/\/stylingagenten.com\/no\/produkt\/wella-sp-luxe-oil-keratin-boost-essence-100ml\/","title":{"rendered":"Wella SP Luxe Oil Keratin Boost Essence 100ml"},"content":{"rendered":"<p>Luxe Oil Keratin Boost Essence er en n\u00e6ringsrik spraybehandling som trenger inn i h\u00e5ret for \u00e5 styrke keratinen, tilf\u00f8re fuktighet til h\u00e5ret og gj\u00f8re det mykt og smidig. <br \/>En sammensetning av blant annet jojoba-, mandel- og arganolje, denne sprayen verdsetter h\u00e5ret fra innsiden og ut. Gir et langvarig resultat av mykhet og smidighet samtidig som den bevarer fuktighetsbalansen s\u00e5; at h\u00e5ret ditt forblir sunt og silkemykt.<\/p>\n","protected":false},"excerpt":{"rendered":"<p>Luxe Oil Keratin Boost Essence er en n\u00e6ringsrik spraybehandling som trenger inn i h\u00e5ret for \u00e5 styrke keratinen, tilf\u00f8re fuktighet til h\u00e5ret og gj\u00f8re det mykt og smidig. En sammensetning av blant annet jojoba-, mandel- og arganolje, denne sprayen verdsetter h\u00e5ret fra innsiden og ut. Gir et langvarig resultat av mykhet og smidighet samtidig som [&hellip;]<\/p>\n","protected":false},"featured_media":391463,"comment_status":"open","ping_status":"closed","template":"","meta":{"_trash_the_other_posts":false},"product_brand":[],"product_cat":[610],"product_tag":[],"berocket_brand":[1030],"class_list":{"0":"post-391464","1":"product","2":"type-product","3":"status-publish","4":"has-post-thumbnail","6":"product_cat-hare-olje","7":"pa_brand-wella","8":"berocket_brand-wella","10":"first","11":"instock","12":"sale","13":"taxable","14":"shipping-taxable","15":"purchasable","16":"product-type-simple"},"_links":{"self":[{"href":"https:\/\/stylingagenten.com\/no\/wp-json\/wp\/v2\/product\/391464","targetHints":{"allow":["GET"]}}],"collection":[{"href":"https:\/\/stylingagenten.com\/no\/wp-json\/wp\/v2\/product"}],"about":[{"href":"https:\/\/stylingagenten.com\/no\/wp-json\/wp\/v2\/types\/product"}],"replies":[{"embeddable":true,"href":"https:\/\/stylingagenten.com\/no\/wp-json\/wp\/v2\/comments?post=391464"}],"version-history":[{"count":0,"href":"https:\/\/stylingagenten.com\/no\/wp-json\/wp\/v2\/product\/391464\/revisions"}],"wp:featuredmedia":[{"embeddable":true,"href":"https:\/\/stylingagenten.com\/no\/wp-json\/wp\/v2\/media\/391463"}],"wp:attachment":[{"href":"https:\/\/stylingagenten.com\/no\/wp-json\/wp\/v2\/media?parent=391464"}],"wp:term":[{"taxonomy":"product_brand","embeddable":true,"href":"https:\/\/stylingagenten.com\/no\/wp-json\/wp\/v2\/product_brand?post=391464"},{"taxonomy":"product_cat","embeddable":true,"href":"https:\/\/stylingagenten.com\/no\/wp-json\/wp\/v2\/product_cat?post=391464"},{"taxonomy":"product_tag","embeddable":true,"href":"https:\/\/stylingagenten.com\/no\/wp-json\/wp\/v2\/product_tag?post=391464"},{"taxonomy":"berocket_brand","embeddable":true,"href":"https:\/\/stylingagenten.com\/no\/wp-json\/wp\/v2\/berocket_brand?post=391464"}],"curies":[{"name":"wp","href":"https:\/\/api.w.org\/{rel}","templated":true}]}}