{"id":391461,"date":"2025-05-18T22:02:45","date_gmt":"2025-05-18T22:02:45","guid":{"rendered":"https:\/\/staging2.stylingagenten.com\/no\/produkt\/wella-sp-luxe-oil-reconstructive-elixir-100ml\/"},"modified":"2026-04-08T19:07:31","modified_gmt":"2026-04-08T19:07:31","slug":"wella-sp-luxe-oil-reconstructive-elixir-100ml","status":"publish","type":"product","link":"https:\/\/stylingagenten.com\/no\/produkt\/wella-sp-luxe-oil-reconstructive-elixir-100ml\/","title":{"rendered":"Wella SP Luxe Oil Reconstructive Elixir 100ml"},"content":{"rendered":"<p>Wella SP Luxe Oil er en keratinbasert h\u00e5rolje som tilf\u00f8rer fuktighet og keratin. H\u00e5rbalsamen gjenoppbygger h\u00e5r som har blitt skadet av solen eller av kjemiske behandlinger. Inneholder mye n\u00e6ring og fungerer godt som leave-in-behandling.<\/p>\n<p>Oljen kan brukes i b\u00e5de v\u00e5tt og t\u00f8rt h\u00e5r. Den har n\u00e6rende egenskaper og er utmerket for \u00e5 glatte ut h\u00e5ret etter f\u00f4ring og for \u00e5 gi h\u00e5ret ekstra glans<\/p>\n","protected":false},"excerpt":{"rendered":"<p>Wella SP Luxe Oil er en keratinbasert h\u00e5rolje som tilf\u00f8rer fuktighet og keratin. H\u00e5rbalsamen gjenoppbygger h\u00e5r som har blitt skadet av solen eller av kjemiske behandlinger. Inneholder mye n\u00e6ring og fungerer godt som leave-in-behandling. Oljen kan brukes i b\u00e5de v\u00e5tt og t\u00f8rt h\u00e5r. Den har n\u00e6rende egenskaper og er utmerket for \u00e5 glatte ut h\u00e5ret [&hellip;]<\/p>\n","protected":false},"featured_media":391455,"comment_status":"open","ping_status":"closed","template":"","meta":{"_trash_the_other_posts":false},"product_brand":[],"product_cat":[1003,610],"product_tag":[4065],"berocket_brand":[1030],"class_list":{"0":"post-391461","1":"product","2":"type-product","3":"status-publish","4":"has-post-thumbnail","6":"product_cat-bestselgere","7":"product_cat-hare-olje","8":"product_tag-wella-sp-luxe-oil-reconstructive-elixir","9":"pa_brand-wella","10":"pa_variant-100ml","11":"berocket_brand-wella","13":"first","14":"instock","15":"sale","16":"taxable","17":"shipping-taxable","18":"purchasable","19":"product-type-simple"},"_links":{"self":[{"href":"https:\/\/stylingagenten.com\/no\/wp-json\/wp\/v2\/product\/391461","targetHints":{"allow":["GET"]}}],"collection":[{"href":"https:\/\/stylingagenten.com\/no\/wp-json\/wp\/v2\/product"}],"about":[{"href":"https:\/\/stylingagenten.com\/no\/wp-json\/wp\/v2\/types\/product"}],"replies":[{"embeddable":true,"href":"https:\/\/stylingagenten.com\/no\/wp-json\/wp\/v2\/comments?post=391461"}],"version-history":[{"count":0,"href":"https:\/\/stylingagenten.com\/no\/wp-json\/wp\/v2\/product\/391461\/revisions"}],"wp:featuredmedia":[{"embeddable":true,"href":"https:\/\/stylingagenten.com\/no\/wp-json\/wp\/v2\/media\/391455"}],"wp:attachment":[{"href":"https:\/\/stylingagenten.com\/no\/wp-json\/wp\/v2\/media?parent=391461"}],"wp:term":[{"taxonomy":"product_brand","embeddable":true,"href":"https:\/\/stylingagenten.com\/no\/wp-json\/wp\/v2\/product_brand?post=391461"},{"taxonomy":"product_cat","embeddable":true,"href":"https:\/\/stylingagenten.com\/no\/wp-json\/wp\/v2\/product_cat?post=391461"},{"taxonomy":"product_tag","embeddable":true,"href":"https:\/\/stylingagenten.com\/no\/wp-json\/wp\/v2\/product_tag?post=391461"},{"taxonomy":"berocket_brand","embeddable":true,"href":"https:\/\/stylingagenten.com\/no\/wp-json\/wp\/v2\/berocket_brand?post=391461"}],"curies":[{"name":"wp","href":"https:\/\/api.w.org\/{rel}","templated":true}]}}