{"id":391427,"date":"2025-05-18T22:02:39","date_gmt":"2025-05-18T22:02:39","guid":{"rendered":"https:\/\/staging2.stylingagenten.com\/no\/produkt\/ida-warg-colour-protecting-hair-oil-50ml\/"},"modified":"2026-03-11T21:49:17","modified_gmt":"2026-03-11T21:49:17","slug":"ida-warg-colour-protecting-hair-oil-50ml","status":"publish","type":"product","link":"https:\/\/stylingagenten.com\/no\/produkt\/ida-warg-colour-protecting-hair-oil-50ml\/","title":{"rendered":"Ida Warg Colour Protecting Hair Oil 50ml"},"content":{"rendered":"<p>Color Protecting Hair Oil er beriket med avokado og arganolje som gir glans og glans til h\u00e5ret samtidig som det motvirker krus. Etterlater h\u00e5ret mykt og glatt uten \u00e5 f\u00f8les tungt.<br \/>En feminin og myk duft med spennende hint av varme krydder, vanilje og hvite blomster<br \/>100 % vegansk og grusomhetsfri<br \/>Fri for sulfater og parabener<br \/> 50 ml<br \/>Bruk: P\u00e5f\u00f8r noen dr\u00e5per i h\u00e5ndklet\u00f8rt eller t\u00f8rt h\u00e5r, konsentrer p\u00e5f\u00f8ringen p\u00e5 lengdene og endene av h\u00e5ret og unng\u00e5 hodebunnen.<\/p>\n","protected":false},"excerpt":{"rendered":"<p>Color Protecting Hair Oil er beriket med avokado og arganolje som gir glans og glans til h\u00e5ret samtidig som det motvirker krus. Etterlater h\u00e5ret mykt og glatt uten \u00e5 f\u00f8les tungt.En feminin og myk duft med spennende hint av varme krydder, vanilje og hvite blomster100 % vegansk og grusomhetsfriFri for sulfater og parabener 50 mlBruk: [&hellip;]<\/p>\n","protected":false},"featured_media":391410,"comment_status":"open","ping_status":"closed","template":"","meta":{"_trash_the_other_posts":false},"product_brand":[],"product_cat":[610],"product_tag":[],"berocket_brand":[1346],"class_list":{"0":"post-391427","1":"product","2":"type-product","3":"status-publish","4":"has-post-thumbnail","6":"product_cat-hare-olje","7":"pa_brand-ida-warg","8":"berocket_brand-ida-warg","10":"first","11":"instock","12":"sale","13":"taxable","14":"shipping-taxable","15":"purchasable","16":"product-type-simple"},"_links":{"self":[{"href":"https:\/\/stylingagenten.com\/no\/wp-json\/wp\/v2\/product\/391427","targetHints":{"allow":["GET"]}}],"collection":[{"href":"https:\/\/stylingagenten.com\/no\/wp-json\/wp\/v2\/product"}],"about":[{"href":"https:\/\/stylingagenten.com\/no\/wp-json\/wp\/v2\/types\/product"}],"replies":[{"embeddable":true,"href":"https:\/\/stylingagenten.com\/no\/wp-json\/wp\/v2\/comments?post=391427"}],"version-history":[{"count":0,"href":"https:\/\/stylingagenten.com\/no\/wp-json\/wp\/v2\/product\/391427\/revisions"}],"wp:featuredmedia":[{"embeddable":true,"href":"https:\/\/stylingagenten.com\/no\/wp-json\/wp\/v2\/media\/391410"}],"wp:attachment":[{"href":"https:\/\/stylingagenten.com\/no\/wp-json\/wp\/v2\/media?parent=391427"}],"wp:term":[{"taxonomy":"product_brand","embeddable":true,"href":"https:\/\/stylingagenten.com\/no\/wp-json\/wp\/v2\/product_brand?post=391427"},{"taxonomy":"product_cat","embeddable":true,"href":"https:\/\/stylingagenten.com\/no\/wp-json\/wp\/v2\/product_cat?post=391427"},{"taxonomy":"product_tag","embeddable":true,"href":"https:\/\/stylingagenten.com\/no\/wp-json\/wp\/v2\/product_tag?post=391427"},{"taxonomy":"berocket_brand","embeddable":true,"href":"https:\/\/stylingagenten.com\/no\/wp-json\/wp\/v2\/berocket_brand?post=391427"}],"curies":[{"name":"wp","href":"https:\/\/api.w.org\/{rel}","templated":true}]}}