{"id":391423,"date":"2025-05-18T22:02:38","date_gmt":"2025-05-18T22:02:38","guid":{"rendered":"https:\/\/staging2.stylingagenten.com\/no\/produkt\/lanza-keratin-healing-oil-hair-treatment-50ml\/"},"modified":"2026-04-08T15:25:58","modified_gmt":"2026-04-08T15:25:58","slug":"lanza-keratin-healing-oil-hair-treatment-50ml","status":"publish","type":"product","link":"https:\/\/stylingagenten.com\/no\/produkt\/lanza-keratin-healing-oil-hair-treatment-50ml\/","title":{"rendered":"L&#8217;anza Keratin Healing Oil Hair Treatment 50ml"},"content":{"rendered":"<p><strong>Healing Oil Hair Treatment 50ml&nbsp;<\/strong>Gir varmebeskyttelse og forkorter t\u00f8rketiden. Kvaliteten p\u00e5 h\u00e5ret forbedres allerede etter f\u00f8rste gangs bruk. Gjenoppbyggende, gir volum og styrke med konsentrerte reparerende egenskaper. Optimal hydrering samtidig som den gjenoppretter elastisitet og glans.<\/p>\n<p>\u2022 Ekstremt rekonstruktiv.<br \/>\u2022 Den eneste oljen som gir volum.<br \/>\u2022 Fylde.<br \/>\u2022 Full UV-beskyttelse.<br \/>\u2022 Fargebevaring .<br \/>\u2022 Varmebeskyttelse 260\u00b0C.<\/p>\n","protected":false},"excerpt":{"rendered":"<p>Healing Oil Hair Treatment 50ml&nbsp;Gir varmebeskyttelse og forkorter t\u00f8rketiden. Kvaliteten p\u00e5 h\u00e5ret forbedres allerede etter f\u00f8rste gangs bruk. Gjenoppbyggende, gir volum og styrke med konsentrerte reparerende egenskaper. Optimal hydrering samtidig som den gjenoppretter elastisitet og glans. \u2022 Ekstremt rekonstruktiv.\u2022 Den eneste oljen som gir volum.\u2022 Fylde.\u2022 Full UV-beskyttelse.\u2022 Fargebevaring .\u2022 Varmebeskyttelse 260\u00b0C.<\/p>\n","protected":false},"featured_media":391421,"comment_status":"open","ping_status":"closed","template":"","meta":{"_trash_the_other_posts":false},"product_brand":[],"product_cat":[610],"product_tag":[3201],"berocket_brand":[1082],"class_list":{"0":"post-391423","1":"product","2":"type-product","3":"status-publish","4":"has-post-thumbnail","6":"product_cat-hare-olje","7":"product_tag-lanza-keratin-healing-oil-hair-treatment","8":"pa_brand-lanza","9":"pa_variant-50ml","10":"berocket_brand-lanza","12":"first","13":"outofstock","14":"sale","15":"taxable","16":"shipping-taxable","17":"purchasable","18":"product-type-simple"},"_links":{"self":[{"href":"https:\/\/stylingagenten.com\/no\/wp-json\/wp\/v2\/product\/391423","targetHints":{"allow":["GET"]}}],"collection":[{"href":"https:\/\/stylingagenten.com\/no\/wp-json\/wp\/v2\/product"}],"about":[{"href":"https:\/\/stylingagenten.com\/no\/wp-json\/wp\/v2\/types\/product"}],"replies":[{"embeddable":true,"href":"https:\/\/stylingagenten.com\/no\/wp-json\/wp\/v2\/comments?post=391423"}],"version-history":[{"count":0,"href":"https:\/\/stylingagenten.com\/no\/wp-json\/wp\/v2\/product\/391423\/revisions"}],"wp:featuredmedia":[{"embeddable":true,"href":"https:\/\/stylingagenten.com\/no\/wp-json\/wp\/v2\/media\/391421"}],"wp:attachment":[{"href":"https:\/\/stylingagenten.com\/no\/wp-json\/wp\/v2\/media?parent=391423"}],"wp:term":[{"taxonomy":"product_brand","embeddable":true,"href":"https:\/\/stylingagenten.com\/no\/wp-json\/wp\/v2\/product_brand?post=391423"},{"taxonomy":"product_cat","embeddable":true,"href":"https:\/\/stylingagenten.com\/no\/wp-json\/wp\/v2\/product_cat?post=391423"},{"taxonomy":"product_tag","embeddable":true,"href":"https:\/\/stylingagenten.com\/no\/wp-json\/wp\/v2\/product_tag?post=391423"},{"taxonomy":"berocket_brand","embeddable":true,"href":"https:\/\/stylingagenten.com\/no\/wp-json\/wp\/v2\/berocket_brand?post=391423"}],"curies":[{"name":"wp","href":"https:\/\/api.w.org\/{rel}","templated":true}]}}