{"id":391400,"date":"2025-05-18T22:02:33","date_gmt":"2025-05-18T22:02:33","guid":{"rendered":"https:\/\/staging2.stylingagenten.com\/no\/produkt\/goldwell-stylesign-smooth-weightless-shine-oil-100ml\/"},"modified":"2026-04-06T14:48:35","modified_gmt":"2026-04-06T14:48:35","slug":"goldwell-stylesign-smooth-weightless-shine-oil-100ml","status":"publish","type":"product","link":"https:\/\/stylingagenten.com\/no\/produkt\/goldwell-stylesign-smooth-weightless-shine-oil-100ml\/","title":{"rendered":"Goldwell StyleSign Smooth Weightless Shine-Oil 100ml"},"content":{"rendered":"<p>Goldwell StyleSign Weightless Shine-Oil gir massevis av glans og kontroll og motvirker frizz i opptil 72 timer, uansett h\u00e5rstruktur. Forsegler fukt uten \u00e5 tynge h\u00e5ret. H\u00e5rfargen f\u00e5r opptil fire ganger s\u00e5 mye glans.<\/p>\n<p>Hold 0\/5, glans 3\/3.<\/p>\n<p>100ml<\/p>\n","protected":false},"excerpt":{"rendered":"<p>Goldwell StyleSign Weightless Shine-Oil gir massevis av glans og kontroll og motvirker frizz i opptil 72 timer, uansett h\u00e5rstruktur. Forsegler fukt uten \u00e5 tynge h\u00e5ret. H\u00e5rfargen f\u00e5r opptil fire ganger s\u00e5 mye glans. Hold 0\/5, glans 3\/3. 100ml<\/p>\n","protected":false},"featured_media":391392,"comment_status":"open","ping_status":"closed","template":"","meta":{"_trash_the_other_posts":false},"product_brand":[],"product_cat":[610],"product_tag":[],"berocket_brand":[1328],"class_list":{"0":"post-391400","1":"product","2":"type-product","3":"status-publish","4":"has-post-thumbnail","6":"product_cat-hare-olje","7":"pa_brand-goldwell","8":"berocket_brand-goldwell","10":"first","11":"instock","12":"sale","13":"taxable","14":"shipping-taxable","15":"purchasable","16":"product-type-simple"},"_links":{"self":[{"href":"https:\/\/stylingagenten.com\/no\/wp-json\/wp\/v2\/product\/391400","targetHints":{"allow":["GET"]}}],"collection":[{"href":"https:\/\/stylingagenten.com\/no\/wp-json\/wp\/v2\/product"}],"about":[{"href":"https:\/\/stylingagenten.com\/no\/wp-json\/wp\/v2\/types\/product"}],"replies":[{"embeddable":true,"href":"https:\/\/stylingagenten.com\/no\/wp-json\/wp\/v2\/comments?post=391400"}],"version-history":[{"count":0,"href":"https:\/\/stylingagenten.com\/no\/wp-json\/wp\/v2\/product\/391400\/revisions"}],"wp:featuredmedia":[{"embeddable":true,"href":"https:\/\/stylingagenten.com\/no\/wp-json\/wp\/v2\/media\/391392"}],"wp:attachment":[{"href":"https:\/\/stylingagenten.com\/no\/wp-json\/wp\/v2\/media?parent=391400"}],"wp:term":[{"taxonomy":"product_brand","embeddable":true,"href":"https:\/\/stylingagenten.com\/no\/wp-json\/wp\/v2\/product_brand?post=391400"},{"taxonomy":"product_cat","embeddable":true,"href":"https:\/\/stylingagenten.com\/no\/wp-json\/wp\/v2\/product_cat?post=391400"},{"taxonomy":"product_tag","embeddable":true,"href":"https:\/\/stylingagenten.com\/no\/wp-json\/wp\/v2\/product_tag?post=391400"},{"taxonomy":"berocket_brand","embeddable":true,"href":"https:\/\/stylingagenten.com\/no\/wp-json\/wp\/v2\/berocket_brand?post=391400"}],"curies":[{"name":"wp","href":"https:\/\/api.w.org\/{rel}","templated":true}]}}