{"id":391397,"date":"2025-05-18T22:02:33","date_gmt":"2025-05-18T22:02:33","guid":{"rendered":"https:\/\/staging2.stylingagenten.com\/no\/produkt\/paul-mitchell-awapuhi-wild-ginger-styling-treatment-oil-100ml\/"},"modified":"2026-04-08T15:29:12","modified_gmt":"2026-04-08T15:29:12","slug":"paul-mitchell-awapuhi-wild-ginger-styling-treatment-oil-100ml","status":"publish","type":"product","link":"https:\/\/stylingagenten.com\/no\/produkt\/paul-mitchell-awapuhi-wild-ginger-styling-treatment-oil-100ml\/","title":{"rendered":"Paul Mitchell Awapuhi Wild Ginger Styling Treatment Oil 100ml"},"content":{"rendered":"<p>Gi h\u00e5ret ditt den perfekte forberedelsen for enhver styling med Paul Mitchell Awapuhi Wild Ginger Styling Treatment Oil. Denne t\u00f8rre oljen absorberes raskt og enkelt, og gir h\u00e5ret ditt en myk, silkemyk tekstur som er klar for alle stylingutfordringer.<\/p>\n<p>Beriket med h\u00e5ndh\u00f8stet awapuhi-ekstrakt fra Hawaii og lette silikoner, forsegler denne behandlingen h\u00e5ret og glatter ut frizz for en glatt og glansfull finish. Det er den ultimate l\u00f8sningen for t\u00f8rt, fargebehandlet, bleket eller skadet h\u00e5r som trenger ekstra fuktighet og pleie.<\/p>\n<p>100 ml<\/p>\n","protected":false},"excerpt":{"rendered":"<p>Gi h\u00e5ret ditt den perfekte forberedelsen for enhver styling med Paul Mitchell Awapuhi Wild Ginger Styling Treatment Oil. Denne t\u00f8rre oljen absorberes raskt og enkelt, og gir h\u00e5ret ditt en myk, silkemyk tekstur som er klar for alle stylingutfordringer. Beriket med h\u00e5ndh\u00f8stet awapuhi-ekstrakt fra Hawaii og lette silikoner, forsegler denne behandlingen h\u00e5ret og glatter ut [&hellip;]<\/p>\n","protected":false},"featured_media":391377,"comment_status":"open","ping_status":"closed","template":"","meta":{"_trash_the_other_posts":false},"product_brand":[],"product_cat":[610],"product_tag":[],"berocket_brand":[1053],"class_list":{"0":"post-391397","1":"product","2":"type-product","3":"status-publish","4":"has-post-thumbnail","6":"product_cat-hare-olje","7":"pa_brand-paul-mitchell","8":"berocket_brand-paul-mitchell","10":"first","11":"instock","12":"sale","13":"taxable","14":"shipping-taxable","15":"purchasable","16":"product-type-simple"},"_links":{"self":[{"href":"https:\/\/stylingagenten.com\/no\/wp-json\/wp\/v2\/product\/391397","targetHints":{"allow":["GET"]}}],"collection":[{"href":"https:\/\/stylingagenten.com\/no\/wp-json\/wp\/v2\/product"}],"about":[{"href":"https:\/\/stylingagenten.com\/no\/wp-json\/wp\/v2\/types\/product"}],"replies":[{"embeddable":true,"href":"https:\/\/stylingagenten.com\/no\/wp-json\/wp\/v2\/comments?post=391397"}],"version-history":[{"count":0,"href":"https:\/\/stylingagenten.com\/no\/wp-json\/wp\/v2\/product\/391397\/revisions"}],"wp:featuredmedia":[{"embeddable":true,"href":"https:\/\/stylingagenten.com\/no\/wp-json\/wp\/v2\/media\/391377"}],"wp:attachment":[{"href":"https:\/\/stylingagenten.com\/no\/wp-json\/wp\/v2\/media?parent=391397"}],"wp:term":[{"taxonomy":"product_brand","embeddable":true,"href":"https:\/\/stylingagenten.com\/no\/wp-json\/wp\/v2\/product_brand?post=391397"},{"taxonomy":"product_cat","embeddable":true,"href":"https:\/\/stylingagenten.com\/no\/wp-json\/wp\/v2\/product_cat?post=391397"},{"taxonomy":"product_tag","embeddable":true,"href":"https:\/\/stylingagenten.com\/no\/wp-json\/wp\/v2\/product_tag?post=391397"},{"taxonomy":"berocket_brand","embeddable":true,"href":"https:\/\/stylingagenten.com\/no\/wp-json\/wp\/v2\/berocket_brand?post=391397"}],"curies":[{"name":"wp","href":"https:\/\/api.w.org\/{rel}","templated":true}]}}