{"id":391395,"date":"2025-05-18T22:02:32","date_gmt":"2025-05-18T22:02:32","guid":{"rendered":"https:\/\/staging2.stylingagenten.com\/no\/produkt\/joico-k-pak-color-therapy-luster-lock-glossing-oil-63ml\/"},"modified":"2026-04-10T21:58:38","modified_gmt":"2026-04-10T21:58:38","slug":"joico-k-pak-color-therapy-luster-lock-glossing-oil-63ml","status":"publish","type":"product","link":"https:\/\/stylingagenten.com\/no\/produkt\/joico-k-pak-color-therapy-luster-lock-glossing-oil-63ml\/","title":{"rendered":"Joico K-Pak Color Therapy Luster Lock Glossing Oil 63ml"},"content":{"rendered":"<p>M\u00f8t din nye &ldquo;m\u00e5-ha&rdquo;. Med en formel lett nok for fint h\u00e5r, men samtidig verdifull nok for tykt h\u00e5r, er det en umiddelbar wow-effekt igjen. Den lette, n\u00e6rende oljen gir kraftig beskyttelse for \u00e5 sikre h\u00e5rfargens utrolige glans. Etterlater h\u00e5ret levende med utrolig glans!<br \/>Egenskaper:<br \/>&bull; Dobler fargens intensitet og livlighet<br \/>&bull; Bevarer arven mer enn 85 %<br \/>&bull; 150 % mer glans<br \/>&bull; Gj\u00f8r h\u00e5ret mykt<br \/>&bull; Beskytter h\u00e5ret mot ytre milj\u00f8p\u00e5virkning<\/p>\n<p>Bruk:<br \/>P\u00e5f\u00f8r 1-2 pumps i t\u00f8rt eller fuktig h\u00e5r. Stil som vanlig.<\/p>\n","protected":false},"excerpt":{"rendered":"<p>M\u00f8t din nye &ldquo;m\u00e5-ha&rdquo;. Med en formel lett nok for fint h\u00e5r, men samtidig verdifull nok for tykt h\u00e5r, er det en umiddelbar wow-effekt igjen. Den lette, n\u00e6rende oljen gir kraftig beskyttelse for \u00e5 sikre h\u00e5rfargens utrolige glans. Etterlater h\u00e5ret levende med utrolig glans!Egenskaper:&bull; Dobler fargens intensitet og livlighet&bull; Bevarer arven mer enn 85 %&bull; [&hellip;]<\/p>\n","protected":false},"featured_media":391390,"comment_status":"open","ping_status":"closed","template":"","meta":{"_trash_the_other_posts":false},"product_brand":[],"product_cat":[1003,610],"product_tag":[],"berocket_brand":[1372],"class_list":{"0":"post-391395","1":"product","2":"type-product","3":"status-publish","4":"has-post-thumbnail","6":"product_cat-bestselgere","7":"product_cat-hare-olje","8":"pa_brand-joico","9":"berocket_brand-joico","11":"first","12":"instock","13":"sale","14":"taxable","15":"shipping-taxable","16":"purchasable","17":"product-type-simple"},"_links":{"self":[{"href":"https:\/\/stylingagenten.com\/no\/wp-json\/wp\/v2\/product\/391395","targetHints":{"allow":["GET"]}}],"collection":[{"href":"https:\/\/stylingagenten.com\/no\/wp-json\/wp\/v2\/product"}],"about":[{"href":"https:\/\/stylingagenten.com\/no\/wp-json\/wp\/v2\/types\/product"}],"replies":[{"embeddable":true,"href":"https:\/\/stylingagenten.com\/no\/wp-json\/wp\/v2\/comments?post=391395"}],"version-history":[{"count":0,"href":"https:\/\/stylingagenten.com\/no\/wp-json\/wp\/v2\/product\/391395\/revisions"}],"wp:featuredmedia":[{"embeddable":true,"href":"https:\/\/stylingagenten.com\/no\/wp-json\/wp\/v2\/media\/391390"}],"wp:attachment":[{"href":"https:\/\/stylingagenten.com\/no\/wp-json\/wp\/v2\/media?parent=391395"}],"wp:term":[{"taxonomy":"product_brand","embeddable":true,"href":"https:\/\/stylingagenten.com\/no\/wp-json\/wp\/v2\/product_brand?post=391395"},{"taxonomy":"product_cat","embeddable":true,"href":"https:\/\/stylingagenten.com\/no\/wp-json\/wp\/v2\/product_cat?post=391395"},{"taxonomy":"product_tag","embeddable":true,"href":"https:\/\/stylingagenten.com\/no\/wp-json\/wp\/v2\/product_tag?post=391395"},{"taxonomy":"berocket_brand","embeddable":true,"href":"https:\/\/stylingagenten.com\/no\/wp-json\/wp\/v2\/berocket_brand?post=391395"}],"curies":[{"name":"wp","href":"https:\/\/api.w.org\/{rel}","templated":true}]}}