{"id":391374,"date":"2025-05-18T22:02:28","date_gmt":"2025-05-18T22:02:28","guid":{"rendered":"https:\/\/staging2.stylingagenten.com\/no\/produkt\/wella-professionals-oil-reflections-light-luminous-reflective-oil-100ml\/"},"modified":"2026-03-11T21:49:46","modified_gmt":"2026-03-11T21:49:46","slug":"wella-professionals-oil-reflections-light-luminous-reflective-oil-100ml","status":"publish","type":"product","link":"https:\/\/stylingagenten.com\/no\/produkt\/wella-professionals-oil-reflections-light-luminous-reflective-oil-100ml\/","title":{"rendered":"Wella Professionals Oil Reflections Light Luminous Reflective Oil 100ml"},"content":{"rendered":"<p>Wella Professionals Oil Reflections Light Luminous Reflective Oil er en h\u00e5rolje som passer for normalt h\u00e5r. F\u00e5 umiddelbar glans med denne lette h\u00e5roljen, som er spesielt utviklet med ekstrakt av hvit te og naturlig kamilleolje som umiddelbart fukter, pleier og glatter h\u00e5ret. Oil Reflections er v\u00e5r eksklusive oljesamling for glansfullt h\u00e5r. Din rutine for \u00e5 glatte ut t\u00f8rt og livl\u00f8st h\u00e5r.<\/p>\n<p>100ml<\/p>\n","protected":false},"excerpt":{"rendered":"<p>Wella Professionals Oil Reflections Light Luminous Reflective Oil er en h\u00e5rolje som passer for normalt h\u00e5r. F\u00e5 umiddelbar glans med denne lette h\u00e5roljen, som er spesielt utviklet med ekstrakt av hvit te og naturlig kamilleolje som umiddelbart fukter, pleier og glatter h\u00e5ret. Oil Reflections er v\u00e5r eksklusive oljesamling for glansfullt h\u00e5r. Din rutine for \u00e5 [&hellip;]<\/p>\n","protected":false},"featured_media":391345,"comment_status":"open","ping_status":"closed","template":"","meta":{"_trash_the_other_posts":false},"product_brand":[],"product_cat":[610],"product_tag":[],"berocket_brand":[1030],"class_list":{"0":"post-391374","1":"product","2":"type-product","3":"status-publish","4":"has-post-thumbnail","6":"product_cat-hare-olje","7":"pa_brand-wella","8":"berocket_brand-wella","10":"first","11":"instock","12":"sale","13":"taxable","14":"shipping-taxable","15":"purchasable","16":"product-type-simple"},"_links":{"self":[{"href":"https:\/\/stylingagenten.com\/no\/wp-json\/wp\/v2\/product\/391374","targetHints":{"allow":["GET"]}}],"collection":[{"href":"https:\/\/stylingagenten.com\/no\/wp-json\/wp\/v2\/product"}],"about":[{"href":"https:\/\/stylingagenten.com\/no\/wp-json\/wp\/v2\/types\/product"}],"replies":[{"embeddable":true,"href":"https:\/\/stylingagenten.com\/no\/wp-json\/wp\/v2\/comments?post=391374"}],"version-history":[{"count":0,"href":"https:\/\/stylingagenten.com\/no\/wp-json\/wp\/v2\/product\/391374\/revisions"}],"wp:featuredmedia":[{"embeddable":true,"href":"https:\/\/stylingagenten.com\/no\/wp-json\/wp\/v2\/media\/391345"}],"wp:attachment":[{"href":"https:\/\/stylingagenten.com\/no\/wp-json\/wp\/v2\/media?parent=391374"}],"wp:term":[{"taxonomy":"product_brand","embeddable":true,"href":"https:\/\/stylingagenten.com\/no\/wp-json\/wp\/v2\/product_brand?post=391374"},{"taxonomy":"product_cat","embeddable":true,"href":"https:\/\/stylingagenten.com\/no\/wp-json\/wp\/v2\/product_cat?post=391374"},{"taxonomy":"product_tag","embeddable":true,"href":"https:\/\/stylingagenten.com\/no\/wp-json\/wp\/v2\/product_tag?post=391374"},{"taxonomy":"berocket_brand","embeddable":true,"href":"https:\/\/stylingagenten.com\/no\/wp-json\/wp\/v2\/berocket_brand?post=391374"}],"curies":[{"name":"wp","href":"https:\/\/api.w.org\/{rel}","templated":true}]}}