{"id":391363,"date":"2025-05-18T22:02:27","date_gmt":"2025-05-18T22:02:27","guid":{"rendered":"https:\/\/staging2.stylingagenten.com\/no\/produkt\/lanza-keratin-healing-oil-hair-treatment-100ml\/"},"modified":"2026-04-08T15:26:24","modified_gmt":"2026-04-08T15:26:24","slug":"lanza-keratin-healing-oil-hair-treatment-100ml","status":"publish","type":"product","link":"https:\/\/stylingagenten.com\/no\/produkt\/lanza-keratin-healing-oil-hair-treatment-100ml\/","title":{"rendered":"L&#8217;anza Keratin Healing Oil Hair Treatment 100ml"},"content":{"rendered":"<p>L&#8217;anza Keratin Healing Oil Hair Treatment 100ml<br \/>Reparerende, volumgivende olje som gir h\u00e5ret en umiddelbar glans uten \u00e5 tynge det ned. Inneholder neste generasjon keratin og Phyto IV Complex som sammen styrker, reparerer og forbedrer h\u00e5rets kvalitet. Fukter h\u00e5ret s\u00e5 det blir mykt, smidig og silkeaktig. Bidrar til \u00e5 forkorte t\u00f8rketiden og gir et glansfullt sluttresultat Oljen trekkes raskt inn i h\u00e5ret uten \u00e5 tynge det.<\/p>\n<p>Fargekonservering, gir full UV-beskyttelse og varmebeskyttelse opp til 260\u00b0C.<\/p>\n","protected":false},"excerpt":{"rendered":"<p>L&#8217;anza Keratin Healing Oil Hair Treatment 100mlReparerende, volumgivende olje som gir h\u00e5ret en umiddelbar glans uten \u00e5 tynge det ned. Inneholder neste generasjon keratin og Phyto IV Complex som sammen styrker, reparerer og forbedrer h\u00e5rets kvalitet. Fukter h\u00e5ret s\u00e5 det blir mykt, smidig og silkeaktig. Bidrar til \u00e5 forkorte t\u00f8rketiden og gir et glansfullt sluttresultat [&hellip;]<\/p>\n","protected":false},"featured_media":391361,"comment_status":"open","ping_status":"closed","template":"","meta":{"_trash_the_other_posts":false},"product_brand":[],"product_cat":[615],"product_tag":[3201],"berocket_brand":[1082],"class_list":{"0":"post-391363","1":"product","2":"type-product","3":"status-publish","4":"has-post-thumbnail","6":"product_cat-harserum","7":"product_tag-lanza-keratin-healing-oil-hair-treatment","8":"pa_brand-lanza","9":"pa_variant-100ml","10":"berocket_brand-lanza","12":"first","13":"outofstock","14":"sale","15":"taxable","16":"shipping-taxable","17":"purchasable","18":"product-type-simple"},"_links":{"self":[{"href":"https:\/\/stylingagenten.com\/no\/wp-json\/wp\/v2\/product\/391363","targetHints":{"allow":["GET"]}}],"collection":[{"href":"https:\/\/stylingagenten.com\/no\/wp-json\/wp\/v2\/product"}],"about":[{"href":"https:\/\/stylingagenten.com\/no\/wp-json\/wp\/v2\/types\/product"}],"replies":[{"embeddable":true,"href":"https:\/\/stylingagenten.com\/no\/wp-json\/wp\/v2\/comments?post=391363"}],"version-history":[{"count":0,"href":"https:\/\/stylingagenten.com\/no\/wp-json\/wp\/v2\/product\/391363\/revisions"}],"wp:featuredmedia":[{"embeddable":true,"href":"https:\/\/stylingagenten.com\/no\/wp-json\/wp\/v2\/media\/391361"}],"wp:attachment":[{"href":"https:\/\/stylingagenten.com\/no\/wp-json\/wp\/v2\/media?parent=391363"}],"wp:term":[{"taxonomy":"product_brand","embeddable":true,"href":"https:\/\/stylingagenten.com\/no\/wp-json\/wp\/v2\/product_brand?post=391363"},{"taxonomy":"product_cat","embeddable":true,"href":"https:\/\/stylingagenten.com\/no\/wp-json\/wp\/v2\/product_cat?post=391363"},{"taxonomy":"product_tag","embeddable":true,"href":"https:\/\/stylingagenten.com\/no\/wp-json\/wp\/v2\/product_tag?post=391363"},{"taxonomy":"berocket_brand","embeddable":true,"href":"https:\/\/stylingagenten.com\/no\/wp-json\/wp\/v2\/berocket_brand?post=391363"}],"curies":[{"name":"wp","href":"https:\/\/api.w.org\/{rel}","templated":true}]}}