{"id":391305,"date":"2025-05-18T22:02:17","date_gmt":"2025-05-18T22:02:17","guid":{"rendered":"https:\/\/staging2.stylingagenten.com\/no\/produkt\/sebastian-professional-mousse-forte-200ml\/"},"modified":"2026-03-18T17:37:32","modified_gmt":"2026-03-18T17:37:32","slug":"sebastian-professional-mousse-forte-200ml","status":"publish","type":"product","link":"https:\/\/stylingagenten.com\/no\/produkt\/sebastian-professional-mousse-forte-200ml\/","title":{"rendered":"Sebastian Professional Mousse Forte 200ml"},"content":{"rendered":"<p>Definer og beskytt kr\u00f8ller og b\u00f8lger i h\u00e5ret med Sebastian Professional Mousse Forte. Gir h\u00e5ret varmebestandig fylde og styrke. Denne profesjonelle h\u00e5rmoussen gir sterkt hold og volum til kr\u00f8llete h\u00e5r. Mousse Fortes anti-frizz-effekt bidrar til \u00e5 styrke og kontrollere b\u00f8lger og kr\u00f8ller, samtidig som den beskytter mot varmeskader.<\/p>\n","protected":false},"excerpt":{"rendered":"<p>Definer og beskytt kr\u00f8ller og b\u00f8lger i h\u00e5ret med Sebastian Professional Mousse Forte. Gir h\u00e5ret varmebestandig fylde og styrke. Denne profesjonelle h\u00e5rmoussen gir sterkt hold og volum til kr\u00f8llete h\u00e5r. Mousse Fortes anti-frizz-effekt bidrar til \u00e5 styrke og kontrollere b\u00f8lger og kr\u00f8ller, samtidig som den beskytter mot varmeskader.<\/p>\n","protected":false},"featured_media":391303,"comment_status":"open","ping_status":"closed","template":"","meta":{"_trash_the_other_posts":false},"product_brand":[],"product_cat":[1003,595],"product_tag":[],"berocket_brand":[1194],"class_list":{"0":"post-391305","1":"product","2":"type-product","3":"status-publish","4":"has-post-thumbnail","6":"product_cat-bestselgere","7":"product_cat-harmousse","8":"pa_brand-sebastian","9":"berocket_brand-sebastian","11":"first","12":"outofstock","13":"sale","14":"taxable","15":"shipping-taxable","16":"purchasable","17":"product-type-simple"},"_links":{"self":[{"href":"https:\/\/stylingagenten.com\/no\/wp-json\/wp\/v2\/product\/391305","targetHints":{"allow":["GET"]}}],"collection":[{"href":"https:\/\/stylingagenten.com\/no\/wp-json\/wp\/v2\/product"}],"about":[{"href":"https:\/\/stylingagenten.com\/no\/wp-json\/wp\/v2\/types\/product"}],"replies":[{"embeddable":true,"href":"https:\/\/stylingagenten.com\/no\/wp-json\/wp\/v2\/comments?post=391305"}],"version-history":[{"count":0,"href":"https:\/\/stylingagenten.com\/no\/wp-json\/wp\/v2\/product\/391305\/revisions"}],"wp:featuredmedia":[{"embeddable":true,"href":"https:\/\/stylingagenten.com\/no\/wp-json\/wp\/v2\/media\/391303"}],"wp:attachment":[{"href":"https:\/\/stylingagenten.com\/no\/wp-json\/wp\/v2\/media?parent=391305"}],"wp:term":[{"taxonomy":"product_brand","embeddable":true,"href":"https:\/\/stylingagenten.com\/no\/wp-json\/wp\/v2\/product_brand?post=391305"},{"taxonomy":"product_cat","embeddable":true,"href":"https:\/\/stylingagenten.com\/no\/wp-json\/wp\/v2\/product_cat?post=391305"},{"taxonomy":"product_tag","embeddable":true,"href":"https:\/\/stylingagenten.com\/no\/wp-json\/wp\/v2\/product_tag?post=391305"},{"taxonomy":"berocket_brand","embeddable":true,"href":"https:\/\/stylingagenten.com\/no\/wp-json\/wp\/v2\/berocket_brand?post=391305"}],"curies":[{"name":"wp","href":"https:\/\/api.w.org\/{rel}","templated":true}]}}