{"id":391209,"date":"2025-05-18T22:01:59","date_gmt":"2025-05-18T22:01:59","guid":{"rendered":"https:\/\/staging2.stylingagenten.com\/no\/produkt\/system-professional-volumize-aerolifter-200ml\/"},"modified":"2026-03-30T08:19:13","modified_gmt":"2026-03-30T08:19:13","slug":"system-professional-volumize-aerolifter-200ml","status":"publish","type":"product","link":"https:\/\/stylingagenten.com\/no\/produkt\/system-professional-volumize-aerolifter-200ml\/","title":{"rendered":"System Professional Volumize Aerolifter 200ml"},"content":{"rendered":"<p>System Professional Volumize Aerolifter er en lett balsammousse for daglig bruk som gir volum og styrke til flatt og livl\u00f8st h\u00e5r. Den vektl\u00f8se formelen gj\u00f8r h\u00e5ret fyldigere, lettere \u00e5 style og gre ut. Perfekt for h\u00e5r som trenger ekstra volum og styrke.<\/p>\n<p>System Professional Volumize-serien er laget for \u00e5 styrke og l\u00f8fte fint og skj\u00f8r h\u00e5r. Med Formastrength Complex gjenoppretter serien fylde, h\u00e5ndterbarhet og styrke selv i det fineste h\u00e5ret. Luksuri\u00f8se og lette formler som f\u00e5r favorittfrisyrene dine til \u00e5 vare lenger.<\/p>\n<p>200ml<\/p>\n","protected":false},"excerpt":{"rendered":"<p>System Professional Volumize Aerolifter er en lett balsammousse for daglig bruk som gir volum og styrke til flatt og livl\u00f8st h\u00e5r. Den vektl\u00f8se formelen gj\u00f8r h\u00e5ret fyldigere, lettere \u00e5 style og gre ut. Perfekt for h\u00e5r som trenger ekstra volum og styrke. System Professional Volumize-serien er laget for \u00e5 styrke og l\u00f8fte fint og skj\u00f8r [&hellip;]<\/p>\n","protected":false},"featured_media":391190,"comment_status":"open","ping_status":"closed","template":"","meta":{"_trash_the_other_posts":false},"product_brand":[],"product_cat":[595],"product_tag":[],"berocket_brand":[1995],"class_list":{"0":"post-391209","1":"product","2":"type-product","3":"status-publish","4":"has-post-thumbnail","6":"product_cat-harmousse","7":"pa_brand-system-professional","8":"berocket_brand-system-professional","10":"first","11":"outofstock","12":"sale","13":"taxable","14":"shipping-taxable","15":"purchasable","16":"product-type-simple"},"_links":{"self":[{"href":"https:\/\/stylingagenten.com\/no\/wp-json\/wp\/v2\/product\/391209","targetHints":{"allow":["GET"]}}],"collection":[{"href":"https:\/\/stylingagenten.com\/no\/wp-json\/wp\/v2\/product"}],"about":[{"href":"https:\/\/stylingagenten.com\/no\/wp-json\/wp\/v2\/types\/product"}],"replies":[{"embeddable":true,"href":"https:\/\/stylingagenten.com\/no\/wp-json\/wp\/v2\/comments?post=391209"}],"version-history":[{"count":0,"href":"https:\/\/stylingagenten.com\/no\/wp-json\/wp\/v2\/product\/391209\/revisions"}],"wp:featuredmedia":[{"embeddable":true,"href":"https:\/\/stylingagenten.com\/no\/wp-json\/wp\/v2\/media\/391190"}],"wp:attachment":[{"href":"https:\/\/stylingagenten.com\/no\/wp-json\/wp\/v2\/media?parent=391209"}],"wp:term":[{"taxonomy":"product_brand","embeddable":true,"href":"https:\/\/stylingagenten.com\/no\/wp-json\/wp\/v2\/product_brand?post=391209"},{"taxonomy":"product_cat","embeddable":true,"href":"https:\/\/stylingagenten.com\/no\/wp-json\/wp\/v2\/product_cat?post=391209"},{"taxonomy":"product_tag","embeddable":true,"href":"https:\/\/stylingagenten.com\/no\/wp-json\/wp\/v2\/product_tag?post=391209"},{"taxonomy":"berocket_brand","embeddable":true,"href":"https:\/\/stylingagenten.com\/no\/wp-json\/wp\/v2\/berocket_brand?post=391209"}],"curies":[{"name":"wp","href":"https:\/\/api.w.org\/{rel}","templated":true}]}}