{"id":391183,"date":"2025-05-18T22:01:53","date_gmt":"2025-05-18T22:01:53","guid":{"rendered":"https:\/\/staging2.stylingagenten.com\/no\/produkt\/bjork-forma-hojd-root-lifter-150ml\/"},"modified":"2026-03-16T09:30:41","modified_gmt":"2026-03-16T09:30:41","slug":"bjork-forma-hojd-root-lifter-150ml","status":"publish","type":"product","link":"https:\/\/stylingagenten.com\/no\/produkt\/bjork-forma-hojd-root-lifter-150ml\/","title":{"rendered":"Bj\u00f6rk FORMA H\u00d6JD Root Lifter 150ml"},"content":{"rendered":"<p>Bj\u00f6rk FORMA H\u00d6JD Root Lifter er en varmebeskyttende volumspray som gir volum og fylde til r\u00f8ttene og der h\u00e5ret trenger ekstra l\u00f8ft. Formelen inneholder panthenol, bj\u00f8rkeekstrakt og solsikkeekstrakt som virker n\u00e6rende, formende og antistatisk p\u00e5 h\u00e5ret.<\/p>\n<p>Duft: Luksuri\u00f8s, oppfriskende og blomsterduft med hint av aprikos.<\/p>\n<p>150 ml<\/p>\n","protected":false},"excerpt":{"rendered":"<p>Bj\u00f6rk FORMA H\u00d6JD Root Lifter er en varmebeskyttende volumspray som gir volum og fylde til r\u00f8ttene og der h\u00e5ret trenger ekstra l\u00f8ft. Formelen inneholder panthenol, bj\u00f8rkeekstrakt og solsikkeekstrakt som virker n\u00e6rende, formende og antistatisk p\u00e5 h\u00e5ret. Duft: Luksuri\u00f8s, oppfriskende og blomsterduft med hint av aprikos. 150 ml<\/p>\n","protected":false},"featured_media":391181,"comment_status":"open","ping_status":"closed","template":"","meta":{"_trash_the_other_posts":false},"product_brand":[],"product_cat":[546],"product_tag":[],"berocket_brand":[1418],"class_list":{"0":"post-391183","1":"product","2":"type-product","3":"status-publish","4":"has-post-thumbnail","6":"product_cat-harstyling","7":"pa_brand-bjork","8":"berocket_brand-bjork","10":"first","11":"instock","12":"sale","13":"taxable","14":"shipping-taxable","15":"purchasable","16":"product-type-simple"},"_links":{"self":[{"href":"https:\/\/stylingagenten.com\/no\/wp-json\/wp\/v2\/product\/391183","targetHints":{"allow":["GET"]}}],"collection":[{"href":"https:\/\/stylingagenten.com\/no\/wp-json\/wp\/v2\/product"}],"about":[{"href":"https:\/\/stylingagenten.com\/no\/wp-json\/wp\/v2\/types\/product"}],"replies":[{"embeddable":true,"href":"https:\/\/stylingagenten.com\/no\/wp-json\/wp\/v2\/comments?post=391183"}],"version-history":[{"count":0,"href":"https:\/\/stylingagenten.com\/no\/wp-json\/wp\/v2\/product\/391183\/revisions"}],"wp:featuredmedia":[{"embeddable":true,"href":"https:\/\/stylingagenten.com\/no\/wp-json\/wp\/v2\/media\/391181"}],"wp:attachment":[{"href":"https:\/\/stylingagenten.com\/no\/wp-json\/wp\/v2\/media?parent=391183"}],"wp:term":[{"taxonomy":"product_brand","embeddable":true,"href":"https:\/\/stylingagenten.com\/no\/wp-json\/wp\/v2\/product_brand?post=391183"},{"taxonomy":"product_cat","embeddable":true,"href":"https:\/\/stylingagenten.com\/no\/wp-json\/wp\/v2\/product_cat?post=391183"},{"taxonomy":"product_tag","embeddable":true,"href":"https:\/\/stylingagenten.com\/no\/wp-json\/wp\/v2\/product_tag?post=391183"},{"taxonomy":"berocket_brand","embeddable":true,"href":"https:\/\/stylingagenten.com\/no\/wp-json\/wp\/v2\/berocket_brand?post=391183"}],"curies":[{"name":"wp","href":"https:\/\/api.w.org\/{rel}","templated":true}]}}