{"id":391111,"date":"2025-05-18T22:01:39","date_gmt":"2025-05-18T22:01:39","guid":{"rendered":"https:\/\/staging2.stylingagenten.com\/no\/produkt\/ellwo-moisturizing-masque-250ml\/"},"modified":"2026-03-11T21:52:16","modified_gmt":"2026-03-11T21:52:16","slug":"ellwo-moisturizing-masque-250ml","status":"publish","type":"product","link":"https:\/\/stylingagenten.com\/no\/produkt\/ellwo-moisturizing-masque-250ml\/","title":{"rendered":"Ellwo Moisturizing Masque 250ml"},"content":{"rendered":"<p>Ellwo Moisturizing Masque er en fuktighetsgivende h\u00e5rmaske som gjenoppretter h\u00e5rets naturlige fuktighetsbalanse og tilf\u00f8rer glans og glans. Masken gj\u00f8r h\u00e5ret mykt, silkeaktig og lett \u00e5 h\u00e5ndtere. Beriket med Jojobaolje, Olivenolje og Arganolje.<br \/>Alle oljer gir fuktighet og n\u00e6ring.<\/p>\n<p>Sulfat- og parabenfri<br \/>Vegan<br \/>Fargebevaring<br \/>&nbsp;UV-beskyttende<\/p>\n","protected":false},"excerpt":{"rendered":"<p>Ellwo Moisturizing Masque er en fuktighetsgivende h\u00e5rmaske som gjenoppretter h\u00e5rets naturlige fuktighetsbalanse og tilf\u00f8rer glans og glans. Masken gj\u00f8r h\u00e5ret mykt, silkeaktig og lett \u00e5 h\u00e5ndtere. Beriket med Jojobaolje, Olivenolje og Arganolje.Alle oljer gir fuktighet og n\u00e6ring. Sulfat- og parabenfriVeganFargebevaring&nbsp;UV-beskyttende<\/p>\n","protected":false},"featured_media":391107,"comment_status":"open","ping_status":"closed","template":"","meta":{"_trash_the_other_posts":false},"product_brand":[],"product_cat":[620],"product_tag":[],"berocket_brand":[1305],"class_list":{"0":"post-391111","1":"product","2":"type-product","3":"status-publish","4":"has-post-thumbnail","6":"product_cat-harmaske","7":"pa_brand-ellwo-professional","8":"berocket_brand-ellwo-professional","10":"first","11":"instock","12":"sale","13":"taxable","14":"shipping-taxable","15":"purchasable","16":"product-type-simple"},"_links":{"self":[{"href":"https:\/\/stylingagenten.com\/no\/wp-json\/wp\/v2\/product\/391111","targetHints":{"allow":["GET"]}}],"collection":[{"href":"https:\/\/stylingagenten.com\/no\/wp-json\/wp\/v2\/product"}],"about":[{"href":"https:\/\/stylingagenten.com\/no\/wp-json\/wp\/v2\/types\/product"}],"replies":[{"embeddable":true,"href":"https:\/\/stylingagenten.com\/no\/wp-json\/wp\/v2\/comments?post=391111"}],"version-history":[{"count":0,"href":"https:\/\/stylingagenten.com\/no\/wp-json\/wp\/v2\/product\/391111\/revisions"}],"wp:featuredmedia":[{"embeddable":true,"href":"https:\/\/stylingagenten.com\/no\/wp-json\/wp\/v2\/media\/391107"}],"wp:attachment":[{"href":"https:\/\/stylingagenten.com\/no\/wp-json\/wp\/v2\/media?parent=391111"}],"wp:term":[{"taxonomy":"product_brand","embeddable":true,"href":"https:\/\/stylingagenten.com\/no\/wp-json\/wp\/v2\/product_brand?post=391111"},{"taxonomy":"product_cat","embeddable":true,"href":"https:\/\/stylingagenten.com\/no\/wp-json\/wp\/v2\/product_cat?post=391111"},{"taxonomy":"product_tag","embeddable":true,"href":"https:\/\/stylingagenten.com\/no\/wp-json\/wp\/v2\/product_tag?post=391111"},{"taxonomy":"berocket_brand","embeddable":true,"href":"https:\/\/stylingagenten.com\/no\/wp-json\/wp\/v2\/berocket_brand?post=391111"}],"curies":[{"name":"wp","href":"https:\/\/api.w.org\/{rel}","templated":true}]}}