{"id":391110,"date":"2025-05-18T22:01:39","date_gmt":"2025-05-18T22:01:39","guid":{"rendered":"https:\/\/staging2.stylingagenten.com\/no\/produkt\/ellwo-repair-masque-250ml\/"},"modified":"2026-04-03T15:16:34","modified_gmt":"2026-04-03T15:16:34","slug":"ellwo-repair-masque-250ml","status":"publish","type":"product","link":"https:\/\/stylingagenten.com\/no\/produkt\/ellwo-repair-masque-250ml\/","title":{"rendered":"Ellwo Repair Masque 250ml"},"content":{"rendered":"<p>Ellwo Repair Masque er en sk\u00e5nsom og reparerende h\u00e5rmaske for t\u00f8rt og kjemisk behandlet h\u00e5r. H\u00e5rmasken gjenoppretter gradvis h\u00e5rets naturlige vannavst\u00f8tende evne ved hver behandling. &nbsp;Etter en rekke behandlinger vil h\u00e5ret bli en god varme- og fargebeskyttelse. H\u00e5rmasken lukter bringeb\u00e6r og vanilje og er beriket med arganolje, avokadoolje, gojiekstrakt, panthenol, sheasm\u00f8r og aloe vera.<\/p>\n<p>Sulfat- og parabenfri<br \/>Vegan<br \/>Fargebevaring<br \/>Varmebeskyttende for<br \/>UV-beskyttende<\/p>\n","protected":false},"excerpt":{"rendered":"<p>Ellwo Repair Masque er en sk\u00e5nsom og reparerende h\u00e5rmaske for t\u00f8rt og kjemisk behandlet h\u00e5r. H\u00e5rmasken gjenoppretter gradvis h\u00e5rets naturlige vannavst\u00f8tende evne ved hver behandling. &nbsp;Etter en rekke behandlinger vil h\u00e5ret bli en god varme- og fargebeskyttelse. H\u00e5rmasken lukter bringeb\u00e6r og vanilje og er beriket med arganolje, avokadoolje, gojiekstrakt, panthenol, sheasm\u00f8r og aloe vera. Sulfat- [&hellip;]<\/p>\n","protected":false},"featured_media":391104,"comment_status":"open","ping_status":"closed","template":"","meta":{"_trash_the_other_posts":false},"product_brand":[],"product_cat":[620],"product_tag":[],"berocket_brand":[1305],"class_list":{"0":"post-391110","1":"product","2":"type-product","3":"status-publish","4":"has-post-thumbnail","6":"product_cat-harmaske","7":"pa_brand-ellwo-professional","8":"berocket_brand-ellwo-professional","10":"first","11":"instock","12":"taxable","13":"shipping-taxable","14":"purchasable","15":"product-type-simple"},"_links":{"self":[{"href":"https:\/\/stylingagenten.com\/no\/wp-json\/wp\/v2\/product\/391110","targetHints":{"allow":["GET"]}}],"collection":[{"href":"https:\/\/stylingagenten.com\/no\/wp-json\/wp\/v2\/product"}],"about":[{"href":"https:\/\/stylingagenten.com\/no\/wp-json\/wp\/v2\/types\/product"}],"replies":[{"embeddable":true,"href":"https:\/\/stylingagenten.com\/no\/wp-json\/wp\/v2\/comments?post=391110"}],"version-history":[{"count":0,"href":"https:\/\/stylingagenten.com\/no\/wp-json\/wp\/v2\/product\/391110\/revisions"}],"wp:featuredmedia":[{"embeddable":true,"href":"https:\/\/stylingagenten.com\/no\/wp-json\/wp\/v2\/media\/391104"}],"wp:attachment":[{"href":"https:\/\/stylingagenten.com\/no\/wp-json\/wp\/v2\/media?parent=391110"}],"wp:term":[{"taxonomy":"product_brand","embeddable":true,"href":"https:\/\/stylingagenten.com\/no\/wp-json\/wp\/v2\/product_brand?post=391110"},{"taxonomy":"product_cat","embeddable":true,"href":"https:\/\/stylingagenten.com\/no\/wp-json\/wp\/v2\/product_cat?post=391110"},{"taxonomy":"product_tag","embeddable":true,"href":"https:\/\/stylingagenten.com\/no\/wp-json\/wp\/v2\/product_tag?post=391110"},{"taxonomy":"berocket_brand","embeddable":true,"href":"https:\/\/stylingagenten.com\/no\/wp-json\/wp\/v2\/berocket_brand?post=391110"}],"curies":[{"name":"wp","href":"https:\/\/api.w.org\/{rel}","templated":true}]}}