{"id":391109,"date":"2025-05-18T22:01:38","date_gmt":"2025-05-18T22:01:38","guid":{"rendered":"https:\/\/staging2.stylingagenten.com\/no\/produkt\/ellwo-volumizing-masque-250ml\/"},"modified":"2026-04-03T15:15:20","modified_gmt":"2026-04-03T15:15:20","slug":"ellwo-volumizing-masque-250ml","status":"publish","type":"product","link":"https:\/\/stylingagenten.com\/no\/produkt\/ellwo-volumizing-masque-250ml\/","title":{"rendered":"Ellwo Volumizing Masque 250ml"},"content":{"rendered":"<p>Ellwo Volumizing Masque er en volumgivende og fargebevarende h\u00e5rmaske med en duft av mango og sommerlig gr\u00f8nt. H\u00e5rmasken gir h\u00e5ret glans og glans og er beriket med jojobaolje, sheasm\u00f8r, olivenolje og panthenol, et provitamin for B5.<\/p>\n<p>Sulfat- og parabenfri<br \/>Vegan<br \/>For&auml; RGB -bevarende<br \/>&nbsp;UV-beskyttende<\/p>\n<p><\/p>\n","protected":false},"excerpt":{"rendered":"<p>Ellwo Volumizing Masque er en volumgivende og fargebevarende h\u00e5rmaske med en duft av mango og sommerlig gr\u00f8nt. H\u00e5rmasken gir h\u00e5ret glans og glans og er beriket med jojobaolje, sheasm\u00f8r, olivenolje og panthenol, et provitamin for B5. Sulfat- og parabenfriVeganFor&auml; RGB -bevarende&nbsp;UV-beskyttende<\/p>\n","protected":false},"featured_media":391102,"comment_status":"open","ping_status":"closed","template":"","meta":{"_trash_the_other_posts":false},"product_brand":[],"product_cat":[620],"product_tag":[],"berocket_brand":[1305],"class_list":{"0":"post-391109","1":"product","2":"type-product","3":"status-publish","4":"has-post-thumbnail","6":"product_cat-harmaske","7":"pa_brand-ellwo-professional","8":"berocket_brand-ellwo-professional","10":"first","11":"instock","12":"taxable","13":"shipping-taxable","14":"purchasable","15":"product-type-simple"},"_links":{"self":[{"href":"https:\/\/stylingagenten.com\/no\/wp-json\/wp\/v2\/product\/391109","targetHints":{"allow":["GET"]}}],"collection":[{"href":"https:\/\/stylingagenten.com\/no\/wp-json\/wp\/v2\/product"}],"about":[{"href":"https:\/\/stylingagenten.com\/no\/wp-json\/wp\/v2\/types\/product"}],"replies":[{"embeddable":true,"href":"https:\/\/stylingagenten.com\/no\/wp-json\/wp\/v2\/comments?post=391109"}],"version-history":[{"count":0,"href":"https:\/\/stylingagenten.com\/no\/wp-json\/wp\/v2\/product\/391109\/revisions"}],"wp:featuredmedia":[{"embeddable":true,"href":"https:\/\/stylingagenten.com\/no\/wp-json\/wp\/v2\/media\/391102"}],"wp:attachment":[{"href":"https:\/\/stylingagenten.com\/no\/wp-json\/wp\/v2\/media?parent=391109"}],"wp:term":[{"taxonomy":"product_brand","embeddable":true,"href":"https:\/\/stylingagenten.com\/no\/wp-json\/wp\/v2\/product_brand?post=391109"},{"taxonomy":"product_cat","embeddable":true,"href":"https:\/\/stylingagenten.com\/no\/wp-json\/wp\/v2\/product_cat?post=391109"},{"taxonomy":"product_tag","embeddable":true,"href":"https:\/\/stylingagenten.com\/no\/wp-json\/wp\/v2\/product_tag?post=391109"},{"taxonomy":"berocket_brand","embeddable":true,"href":"https:\/\/stylingagenten.com\/no\/wp-json\/wp\/v2\/berocket_brand?post=391109"}],"curies":[{"name":"wp","href":"https:\/\/api.w.org\/{rel}","templated":true}]}}