{"id":391108,"date":"2025-05-18T22:01:38","date_gmt":"2025-05-18T22:01:38","guid":{"rendered":"https:\/\/staging2.stylingagenten.com\/no\/produkt\/ref-illuminate-colour-masque-200ml\/"},"modified":"2025-11-19T08:26:42","modified_gmt":"2025-11-19T08:26:42","slug":"ref-illuminate-colour-masque-200ml","status":"publish","type":"product","link":"https:\/\/stylingagenten.com\/no\/produkt\/ref-illuminate-colour-masque-200ml\/","title":{"rendered":"REF Illuminate Colour Masque 200ml"},"content":{"rendered":"<p>REF Illuminate Colour Masque er en beskyttende h\u00e5rmaske med botaniske ekstrakter som er spesielt utvalgt for \u00e5 bevare, styrke og gi glans til farget h\u00e5r.<\/p>\n<p>+ FARGEBEVARENDE<br \/>+ STYRKENDE QUINOAPROTEIN<br \/> + \u00d8KOLOGISK ACAI-OLJE<\/p>\n<p>Gruskapsfri<br \/>100 % vegansk<\/p>\n","protected":false},"excerpt":{"rendered":"<p>REF Illuminate Colour Masque er en beskyttende h\u00e5rmaske med botaniske ekstrakter som er spesielt utvalgt for \u00e5 bevare, styrke og gi glans til farget h\u00e5r. + FARGEBEVARENDE+ STYRKENDE QUINOAPROTEIN + \u00d8KOLOGISK ACAI-OLJE Gruskapsfri100 % vegansk<\/p>\n","protected":false},"featured_media":391106,"comment_status":"open","ping_status":"closed","template":"","meta":{"_trash_the_other_posts":false},"product_brand":[],"product_cat":[620],"product_tag":[3868],"berocket_brand":[1209],"class_list":{"0":"post-391108","1":"product","2":"type-product","3":"status-publish","4":"has-post-thumbnail","6":"product_cat-harmaske","7":"product_tag-ref-illuminate-colour-masque","8":"pa_brand-ref","9":"pa_variant-200ml","10":"berocket_brand-ref","12":"first","13":"outofstock","14":"sale","15":"taxable","16":"shipping-taxable","17":"purchasable","18":"product-type-simple"},"_links":{"self":[{"href":"https:\/\/stylingagenten.com\/no\/wp-json\/wp\/v2\/product\/391108","targetHints":{"allow":["GET"]}}],"collection":[{"href":"https:\/\/stylingagenten.com\/no\/wp-json\/wp\/v2\/product"}],"about":[{"href":"https:\/\/stylingagenten.com\/no\/wp-json\/wp\/v2\/types\/product"}],"replies":[{"embeddable":true,"href":"https:\/\/stylingagenten.com\/no\/wp-json\/wp\/v2\/comments?post=391108"}],"version-history":[{"count":0,"href":"https:\/\/stylingagenten.com\/no\/wp-json\/wp\/v2\/product\/391108\/revisions"}],"wp:featuredmedia":[{"embeddable":true,"href":"https:\/\/stylingagenten.com\/no\/wp-json\/wp\/v2\/media\/391106"}],"wp:attachment":[{"href":"https:\/\/stylingagenten.com\/no\/wp-json\/wp\/v2\/media?parent=391108"}],"wp:term":[{"taxonomy":"product_brand","embeddable":true,"href":"https:\/\/stylingagenten.com\/no\/wp-json\/wp\/v2\/product_brand?post=391108"},{"taxonomy":"product_cat","embeddable":true,"href":"https:\/\/stylingagenten.com\/no\/wp-json\/wp\/v2\/product_cat?post=391108"},{"taxonomy":"product_tag","embeddable":true,"href":"https:\/\/stylingagenten.com\/no\/wp-json\/wp\/v2\/product_tag?post=391108"},{"taxonomy":"berocket_brand","embeddable":true,"href":"https:\/\/stylingagenten.com\/no\/wp-json\/wp\/v2\/berocket_brand?post=391108"}],"curies":[{"name":"wp","href":"https:\/\/api.w.org\/{rel}","templated":true}]}}