{"id":391101,"date":"2025-05-18T22:01:38","date_gmt":"2025-05-18T22:01:38","guid":{"rendered":"https:\/\/staging2.stylingagenten.com\/no\/produkt\/brave-new-hair-keratin-mask-concentrate-250ml\/"},"modified":"2026-04-09T08:47:50","modified_gmt":"2026-04-09T08:47:50","slug":"brave-new-hair-keratin-mask-concentrate-250ml","status":"publish","type":"product","link":"https:\/\/stylingagenten.com\/no\/produkt\/brave-new-hair-keratin-mask-concentrate-250ml\/","title":{"rendered":"Brave. New. Hair. Keratin Mask Concentrate 250ml"},"content":{"rendered":"<p id=\"isPasted\" style=\"margin-top:0cm;margin-right:0cm;margin-bottom:7.5pt;margin-left:0cm;background:white\">Keratin Mask Concentrate fra Brave New Hair er en konsentrert h\u00e5rpakke for \u00f8yeblikkelig mykt og spenstig h\u00e5r med keratinaminosyrer, baobab og tamanu.<\/p>\n<p style=\"margin-top:0cm;margin-right:0cm;margin-bottom:7.5pt;margin-left: 0 cm\">Fordeler:<br \/>\u2014 Jevner ut og kontrollerer h\u00e5ret<br \/>\u2014 Erstatter h\u00e5rets naturlige protein til forbedre h\u00e5rets spenst og elastisitet<br \/>\u2014 Styrker h\u00e5ret&nbsp;<br \/>\u2014 Bevarer fuktigheten i h\u00e5ret<br \/>\u2014 Reduserer risikoen for flisete tupper<br \/>\u2014 Gir h\u00e5ret \u00f8kt glans og mykhet<br \/>\u2014 Forbedrer h\u00e5ndterbarhet<br \/>\u2014 Antistatisk effekt<\/p>\n<p style=\"margin-top:0cm;margin-right:0cm;margin-bottom:7.5pt;margin-left:0cm;background:white\">Bruk: Bruk h\u00e5rmasken etter keratinsjampoen i samme serie. La virke i fem minutter og skyll godt med vann.<\/p>\n<p>Fri for:<br \/> &nbsp;sulfater<br \/>&nbsp;silikoner<br \/>&nbsp;Tilsatt salt<br \/>&nbsp;Petrolatum<\/p>\n","protected":false},"excerpt":{"rendered":"<p>Keratin Mask Concentrate fra Brave New Hair er en konsentrert h\u00e5rpakke for \u00f8yeblikkelig mykt og spenstig h\u00e5r med keratinaminosyrer, baobab og tamanu. Fordeler:\u2014 Jevner ut og kontrollerer h\u00e5ret\u2014 Erstatter h\u00e5rets naturlige protein til forbedre h\u00e5rets spenst og elastisitet\u2014 Styrker h\u00e5ret&nbsp;\u2014 Bevarer fuktigheten i h\u00e5ret\u2014 Reduserer risikoen for flisete tupper\u2014 Gir h\u00e5ret \u00f8kt glans og mykhet\u2014 [&hellip;]<\/p>\n","protected":false},"featured_media":391100,"comment_status":"open","ping_status":"closed","template":"","meta":{"_trash_the_other_posts":false},"product_brand":[],"product_cat":[620],"product_tag":[],"berocket_brand":[1211],"class_list":{"0":"post-391101","1":"product","2":"type-product","3":"status-publish","4":"has-post-thumbnail","6":"product_cat-harmaske","7":"pa_brand-brave-new-hair","8":"berocket_brand-brave-new-hair","10":"first","11":"instock","12":"taxable","13":"shipping-taxable","14":"purchasable","15":"product-type-simple"},"_links":{"self":[{"href":"https:\/\/stylingagenten.com\/no\/wp-json\/wp\/v2\/product\/391101","targetHints":{"allow":["GET"]}}],"collection":[{"href":"https:\/\/stylingagenten.com\/no\/wp-json\/wp\/v2\/product"}],"about":[{"href":"https:\/\/stylingagenten.com\/no\/wp-json\/wp\/v2\/types\/product"}],"replies":[{"embeddable":true,"href":"https:\/\/stylingagenten.com\/no\/wp-json\/wp\/v2\/comments?post=391101"}],"version-history":[{"count":0,"href":"https:\/\/stylingagenten.com\/no\/wp-json\/wp\/v2\/product\/391101\/revisions"}],"wp:featuredmedia":[{"embeddable":true,"href":"https:\/\/stylingagenten.com\/no\/wp-json\/wp\/v2\/media\/391100"}],"wp:attachment":[{"href":"https:\/\/stylingagenten.com\/no\/wp-json\/wp\/v2\/media?parent=391101"}],"wp:term":[{"taxonomy":"product_brand","embeddable":true,"href":"https:\/\/stylingagenten.com\/no\/wp-json\/wp\/v2\/product_brand?post=391101"},{"taxonomy":"product_cat","embeddable":true,"href":"https:\/\/stylingagenten.com\/no\/wp-json\/wp\/v2\/product_cat?post=391101"},{"taxonomy":"product_tag","embeddable":true,"href":"https:\/\/stylingagenten.com\/no\/wp-json\/wp\/v2\/product_tag?post=391101"},{"taxonomy":"berocket_brand","embeddable":true,"href":"https:\/\/stylingagenten.com\/no\/wp-json\/wp\/v2\/berocket_brand?post=391101"}],"curies":[{"name":"wp","href":"https:\/\/api.w.org\/{rel}","templated":true}]}}