{"id":391083,"date":"2025-05-18T22:01:33","date_gmt":"2025-05-18T22:01:33","guid":{"rendered":"https:\/\/staging2.stylingagenten.com\/no\/produkt\/brave-new-hair-reboot-mask-concentrate-250ml\/"},"modified":"2026-04-09T08:49:29","modified_gmt":"2026-04-09T08:49:29","slug":"brave-new-hair-reboot-mask-concentrate-250ml","status":"publish","type":"product","link":"https:\/\/stylingagenten.com\/no\/produkt\/brave-new-hair-reboot-mask-concentrate-250ml\/","title":{"rendered":"Brave. New. Hair. Reboot Mask Concentrate 250ml"},"content":{"rendered":"<p>Reboot Mask Concentrate fra Brave New Hair er en h\u00e5rmaske med reparerende og fuktighetsgivende egenskaper takket v\u00e6re hyaluronsyre, panthenol og BRAVE PLEX-teknologi.<\/p>\n<p>10 fordeler:<\/p>\n<p>\u00e2\u2014 Unik h\u00e5rbindingsmultiplikator<\/p>\n<p>\u00e2\u2014 R\u00f8tter h\u00e5ret opp til tre ganger<\/p>\n<p>\u00e2\u2014 Gjenoppretter den indre strukturen i h\u00e5ret <\/p>\n<p>\u00e2\u2014 Reduserer flisete tupper<\/p>\n<p>\u00e2\u2014 Gir glans og mykhet<\/p>\n<p>\u00e2\u2014 Deep condition<\/p>\n<p>\u00e2\u2014 Legger til tekstur til h\u00e5rfibrene<\/p>\n<p>\u00e2\u2014 Antistatisk effekt<\/p>\n<p>\u00e2\u2014 Reduserer skade fra t\u00f8ffe kjemiske behandlinger<\/p>\n<p>\u00e2\u2014 Forbedrer h\u00e5rets h\u00e5ndterbarhet<\/p>\n<p>Bruk: Bruk h\u00e5rmasken etter Reboot-sjampoen i samme serie. La virke i fem minutter og skyll grundig med vann.<\/p>\n<p>Fri for:<br \/>sulfater<br \/>silikoner<br \/>tilsatt salt<br \/>Ingredienser av animalsk opprinnelse <br \/>petrolatum<\/p>\n<p><\/p>\n","protected":false},"excerpt":{"rendered":"<p>Reboot Mask Concentrate fra Brave New Hair er en h\u00e5rmaske med reparerende og fuktighetsgivende egenskaper takket v\u00e6re hyaluronsyre, panthenol og BRAVE PLEX-teknologi. 10 fordeler: \u00e2\u2014 Unik h\u00e5rbindingsmultiplikator \u00e2\u2014 R\u00f8tter h\u00e5ret opp til tre ganger \u00e2\u2014 Gjenoppretter den indre strukturen i h\u00e5ret \u00e2\u2014 Reduserer flisete tupper \u00e2\u2014 Gir glans og mykhet \u00e2\u2014 Deep condition \u00e2\u2014 Legger [&hellip;]<\/p>\n","protected":false},"featured_media":391081,"comment_status":"open","ping_status":"closed","template":"","meta":{"_trash_the_other_posts":false},"product_brand":[],"product_cat":[620],"product_tag":[],"berocket_brand":[1211],"class_list":{"0":"post-391083","1":"product","2":"type-product","3":"status-publish","4":"has-post-thumbnail","6":"product_cat-harmaske","7":"pa_brand-brave-new-hair","8":"berocket_brand-brave-new-hair","10":"first","11":"instock","12":"taxable","13":"shipping-taxable","14":"purchasable","15":"product-type-simple"},"_links":{"self":[{"href":"https:\/\/stylingagenten.com\/no\/wp-json\/wp\/v2\/product\/391083","targetHints":{"allow":["GET"]}}],"collection":[{"href":"https:\/\/stylingagenten.com\/no\/wp-json\/wp\/v2\/product"}],"about":[{"href":"https:\/\/stylingagenten.com\/no\/wp-json\/wp\/v2\/types\/product"}],"replies":[{"embeddable":true,"href":"https:\/\/stylingagenten.com\/no\/wp-json\/wp\/v2\/comments?post=391083"}],"version-history":[{"count":0,"href":"https:\/\/stylingagenten.com\/no\/wp-json\/wp\/v2\/product\/391083\/revisions"}],"wp:featuredmedia":[{"embeddable":true,"href":"https:\/\/stylingagenten.com\/no\/wp-json\/wp\/v2\/media\/391081"}],"wp:attachment":[{"href":"https:\/\/stylingagenten.com\/no\/wp-json\/wp\/v2\/media?parent=391083"}],"wp:term":[{"taxonomy":"product_brand","embeddable":true,"href":"https:\/\/stylingagenten.com\/no\/wp-json\/wp\/v2\/product_brand?post=391083"},{"taxonomy":"product_cat","embeddable":true,"href":"https:\/\/stylingagenten.com\/no\/wp-json\/wp\/v2\/product_cat?post=391083"},{"taxonomy":"product_tag","embeddable":true,"href":"https:\/\/stylingagenten.com\/no\/wp-json\/wp\/v2\/product_tag?post=391083"},{"taxonomy":"berocket_brand","embeddable":true,"href":"https:\/\/stylingagenten.com\/no\/wp-json\/wp\/v2\/berocket_brand?post=391083"}],"curies":[{"name":"wp","href":"https:\/\/api.w.org\/{rel}","templated":true}]}}