{"id":391071,"date":"2025-05-18T22:01:31","date_gmt":"2025-05-18T22:01:31","guid":{"rendered":"https:\/\/staging2.stylingagenten.com\/no\/produkt\/wella-sp-luxeoil-keratine-restore-mask-400ml\/"},"modified":"2026-04-13T19:58:38","modified_gmt":"2026-04-13T19:58:38","slug":"wella-sp-luxeoil-keratine-restore-mask-400ml","status":"publish","type":"product","link":"https:\/\/stylingagenten.com\/no\/produkt\/wella-sp-luxeoil-keratine-restore-mask-400ml\/","title":{"rendered":"Wella SP LuxeOil Keratine Restore Mask 400ml"},"content":{"rendered":"<p>Luxe Oil Keratin Restore Mask er en gjenoppbyggende innpakning som bygger opp h\u00e5rfiberen for en bedre h\u00e5rstruktur samtidig som den myker opp h\u00e5ret. Emballasjen inneholder tre verdifulle oljer. Jojobaolje som er en flytende voks produsert av frukten av jojobaplanten. Jojobaolje er spesielt bra for spr\u00f8tt og tynt h\u00e5r og t\u00f8rre tupper hvor; den har n\u00e6rende egenskaper, beskytter huden og gj\u00f8r h\u00e5ret glatt og smidig samtidig som den l\u00e5ser inn fuktigheten. Mandelolje, som er en mild og lett olje som er bra for huden n\u00e5r det er mykgj\u00f8rende og n\u00e6rende arganolje produsert fra kjernene til argantreet.<\/p>\n","protected":false},"excerpt":{"rendered":"<p>Luxe Oil Keratin Restore Mask er en gjenoppbyggende innpakning som bygger opp h\u00e5rfiberen for en bedre h\u00e5rstruktur samtidig som den myker opp h\u00e5ret. Emballasjen inneholder tre verdifulle oljer. Jojobaolje som er en flytende voks produsert av frukten av jojobaplanten. Jojobaolje er spesielt bra for spr\u00f8tt og tynt h\u00e5r og t\u00f8rre tupper hvor; den har n\u00e6rende [&hellip;]<\/p>\n","protected":false},"featured_media":391069,"comment_status":"open","ping_status":"closed","template":"","meta":{"_trash_the_other_posts":false},"product_brand":[],"product_cat":[1003,620],"product_tag":[4069],"berocket_brand":[1030],"class_list":{"0":"post-391071","1":"product","2":"type-product","3":"status-publish","4":"has-post-thumbnail","6":"product_cat-bestselgere","7":"product_cat-harmaske","8":"product_tag-wella-sp-luxeoil-keratine-restore-mask","9":"pa_brand-wella","10":"pa_variant-400ml","11":"berocket_brand-wella","13":"first","14":"instock","15":"sale","16":"taxable","17":"shipping-taxable","18":"purchasable","19":"product-type-simple"},"_links":{"self":[{"href":"https:\/\/stylingagenten.com\/no\/wp-json\/wp\/v2\/product\/391071","targetHints":{"allow":["GET"]}}],"collection":[{"href":"https:\/\/stylingagenten.com\/no\/wp-json\/wp\/v2\/product"}],"about":[{"href":"https:\/\/stylingagenten.com\/no\/wp-json\/wp\/v2\/types\/product"}],"replies":[{"embeddable":true,"href":"https:\/\/stylingagenten.com\/no\/wp-json\/wp\/v2\/comments?post=391071"}],"version-history":[{"count":0,"href":"https:\/\/stylingagenten.com\/no\/wp-json\/wp\/v2\/product\/391071\/revisions"}],"wp:featuredmedia":[{"embeddable":true,"href":"https:\/\/stylingagenten.com\/no\/wp-json\/wp\/v2\/media\/391069"}],"wp:attachment":[{"href":"https:\/\/stylingagenten.com\/no\/wp-json\/wp\/v2\/media?parent=391071"}],"wp:term":[{"taxonomy":"product_brand","embeddable":true,"href":"https:\/\/stylingagenten.com\/no\/wp-json\/wp\/v2\/product_brand?post=391071"},{"taxonomy":"product_cat","embeddable":true,"href":"https:\/\/stylingagenten.com\/no\/wp-json\/wp\/v2\/product_cat?post=391071"},{"taxonomy":"product_tag","embeddable":true,"href":"https:\/\/stylingagenten.com\/no\/wp-json\/wp\/v2\/product_tag?post=391071"},{"taxonomy":"berocket_brand","embeddable":true,"href":"https:\/\/stylingagenten.com\/no\/wp-json\/wp\/v2\/berocket_brand?post=391071"}],"curies":[{"name":"wp","href":"https:\/\/api.w.org\/{rel}","templated":true}]}}