{"id":391041,"date":"2025-05-18T22:01:24","date_gmt":"2025-05-18T22:01:24","guid":{"rendered":"https:\/\/staging2.stylingagenten.com\/no\/produkt\/loreal-professionnel-blondifier-masque-250-ml\/"},"modified":"2026-03-30T07:30:39","modified_gmt":"2026-03-30T07:30:39","slug":"loreal-professionnel-blondifier-masque-250-ml","status":"publish","type":"product","link":"https:\/\/stylingagenten.com\/no\/produkt\/loreal-professionnel-blondifier-masque-250-ml\/","title":{"rendered":"LOreal Professionnel Blondifier Masque 250 ml"},"content":{"rendered":"<p>L&#8217;Or\u00e9al Serie Expert Blondifier Treatment Masque er en reparerende og lysreflekterende maske for b\u00e5de fint og tykt blondt h\u00e5r Beriket med acaib\u00e6rekstrakt som inneholder polyfenoler. Innpakningen reparerer, mykgj\u00f8r og gir n\u00e6ring til h\u00e5ret samtidig som den fremhever den flerdimensjonale glansen til det blonde h\u00e5ret. Beriket med acaib\u00e6rekstrakt som inneholder polyfenoler som gir n\u00e6ring og hjelper til med \u00e5 myke opp skadet h\u00e5r.<\/p>\n","protected":false},"excerpt":{"rendered":"<p>L&#8217;Or\u00e9al Serie Expert Blondifier Treatment Masque er en reparerende og lysreflekterende maske for b\u00e5de fint og tykt blondt h\u00e5r Beriket med acaib\u00e6rekstrakt som inneholder polyfenoler. Innpakningen reparerer, mykgj\u00f8r og gir n\u00e6ring til h\u00e5ret samtidig som den fremhever den flerdimensjonale glansen til det blonde h\u00e5ret. Beriket med acaib\u00e6rekstrakt som inneholder polyfenoler som gir n\u00e6ring og hjelper [&hellip;]<\/p>\n","protected":false},"featured_media":391039,"comment_status":"open","ping_status":"closed","template":"","meta":{"_trash_the_other_posts":false},"product_brand":[],"product_cat":[620],"product_tag":[],"berocket_brand":[2001],"class_list":{"0":"post-391041","1":"product","2":"type-product","3":"status-publish","4":"has-post-thumbnail","6":"product_cat-harmaske","7":"pa_brand-loreal-paris-2","8":"berocket_brand-loreal-paris","10":"first","11":"instock","12":"sale","13":"taxable","14":"shipping-taxable","15":"purchasable","16":"product-type-simple"},"_links":{"self":[{"href":"https:\/\/stylingagenten.com\/no\/wp-json\/wp\/v2\/product\/391041","targetHints":{"allow":["GET"]}}],"collection":[{"href":"https:\/\/stylingagenten.com\/no\/wp-json\/wp\/v2\/product"}],"about":[{"href":"https:\/\/stylingagenten.com\/no\/wp-json\/wp\/v2\/types\/product"}],"replies":[{"embeddable":true,"href":"https:\/\/stylingagenten.com\/no\/wp-json\/wp\/v2\/comments?post=391041"}],"version-history":[{"count":0,"href":"https:\/\/stylingagenten.com\/no\/wp-json\/wp\/v2\/product\/391041\/revisions"}],"wp:featuredmedia":[{"embeddable":true,"href":"https:\/\/stylingagenten.com\/no\/wp-json\/wp\/v2\/media\/391039"}],"wp:attachment":[{"href":"https:\/\/stylingagenten.com\/no\/wp-json\/wp\/v2\/media?parent=391041"}],"wp:term":[{"taxonomy":"product_brand","embeddable":true,"href":"https:\/\/stylingagenten.com\/no\/wp-json\/wp\/v2\/product_brand?post=391041"},{"taxonomy":"product_cat","embeddable":true,"href":"https:\/\/stylingagenten.com\/no\/wp-json\/wp\/v2\/product_cat?post=391041"},{"taxonomy":"product_tag","embeddable":true,"href":"https:\/\/stylingagenten.com\/no\/wp-json\/wp\/v2\/product_tag?post=391041"},{"taxonomy":"berocket_brand","embeddable":true,"href":"https:\/\/stylingagenten.com\/no\/wp-json\/wp\/v2\/berocket_brand?post=391041"}],"curies":[{"name":"wp","href":"https:\/\/api.w.org\/{rel}","templated":true}]}}