{"id":391008,"date":"2025-05-18T22:01:17","date_gmt":"2025-05-18T22:01:17","guid":{"rendered":"https:\/\/staging2.stylingagenten.com\/no\/produkt\/schwarzkopf-bc-repair-rescue-treatment-200ml\/"},"modified":"2026-04-06T08:08:46","modified_gmt":"2026-04-06T08:08:46","slug":"schwarzkopf-bc-repair-rescue-treatment-200ml","status":"publish","type":"product","link":"https:\/\/stylingagenten.com\/no\/produkt\/schwarzkopf-bc-repair-rescue-treatment-200ml\/","title":{"rendered":"Schwarzkopf BC Repair Rescue Treatment 200ml"},"content":{"rendered":"<p>BC Bonacure Repair Rescue Treatment er en gjenopprettende behandling for skadet h\u00e5r. Den balanserte konsentrasjonen av pleiende ingredienser styrker skadede og svekkede omr\u00e5der av den ytre h\u00e5rstrukturen, samtidig som den reparerer den indre strukturen for maksimal elastisitet med en langvarig effekt. Vegansk <\/p>\n<p>Bruk: Fordel en liten mengde i h\u00e5ndklet\u00f8rt h\u00e5r og masser inn. La virke i opptil ti minutter. Skyll ut. <\/p>\n<p>200 ml<\/p>\n","protected":false},"excerpt":{"rendered":"<p>BC Bonacure Repair Rescue Treatment er en gjenopprettende behandling for skadet h\u00e5r. Den balanserte konsentrasjonen av pleiende ingredienser styrker skadede og svekkede omr\u00e5der av den ytre h\u00e5rstrukturen, samtidig som den reparerer den indre strukturen for maksimal elastisitet med en langvarig effekt. Vegansk Bruk: Fordel en liten mengde i h\u00e5ndklet\u00f8rt h\u00e5r og masser inn. La virke [&hellip;]<\/p>\n","protected":false},"featured_media":391006,"comment_status":"open","ping_status":"closed","template":"","meta":{"_trash_the_other_posts":false},"product_brand":[],"product_cat":[620],"product_tag":[],"berocket_brand":[1060],"class_list":{"0":"post-391008","1":"product","2":"type-product","3":"status-publish","4":"has-post-thumbnail","6":"product_cat-harmaske","7":"pa_brand-schwarzkopf","8":"berocket_brand-schwarzkopf","10":"first","11":"outofstock","12":"sale","13":"taxable","14":"shipping-taxable","15":"purchasable","16":"product-type-simple"},"_links":{"self":[{"href":"https:\/\/stylingagenten.com\/no\/wp-json\/wp\/v2\/product\/391008","targetHints":{"allow":["GET"]}}],"collection":[{"href":"https:\/\/stylingagenten.com\/no\/wp-json\/wp\/v2\/product"}],"about":[{"href":"https:\/\/stylingagenten.com\/no\/wp-json\/wp\/v2\/types\/product"}],"replies":[{"embeddable":true,"href":"https:\/\/stylingagenten.com\/no\/wp-json\/wp\/v2\/comments?post=391008"}],"version-history":[{"count":0,"href":"https:\/\/stylingagenten.com\/no\/wp-json\/wp\/v2\/product\/391008\/revisions"}],"wp:featuredmedia":[{"embeddable":true,"href":"https:\/\/stylingagenten.com\/no\/wp-json\/wp\/v2\/media\/391006"}],"wp:attachment":[{"href":"https:\/\/stylingagenten.com\/no\/wp-json\/wp\/v2\/media?parent=391008"}],"wp:term":[{"taxonomy":"product_brand","embeddable":true,"href":"https:\/\/stylingagenten.com\/no\/wp-json\/wp\/v2\/product_brand?post=391008"},{"taxonomy":"product_cat","embeddable":true,"href":"https:\/\/stylingagenten.com\/no\/wp-json\/wp\/v2\/product_cat?post=391008"},{"taxonomy":"product_tag","embeddable":true,"href":"https:\/\/stylingagenten.com\/no\/wp-json\/wp\/v2\/product_tag?post=391008"},{"taxonomy":"berocket_brand","embeddable":true,"href":"https:\/\/stylingagenten.com\/no\/wp-json\/wp\/v2\/berocket_brand?post=391008"}],"curies":[{"name":"wp","href":"https:\/\/api.w.org\/{rel}","templated":true}]}}