{"id":390993,"date":"2025-05-18T22:01:12","date_gmt":"2025-05-18T22:01:12","guid":{"rendered":"https:\/\/staging2.stylingagenten.com\/no\/produkt\/paul-mitchell-clean-beauty-repair-leave-in-treatment-150ml\/"},"modified":"2026-03-11T21:52:31","modified_gmt":"2026-03-11T21:52:31","slug":"paul-mitchell-clean-beauty-repair-leave-in-treatment-150ml","status":"publish","type":"product","link":"https:\/\/stylingagenten.com\/no\/produkt\/paul-mitchell-clean-beauty-repair-leave-in-treatment-150ml\/","title":{"rendered":"Paul Mitchell Clean Beauty Repair Leave-In Treatment 150ml"},"content":{"rendered":"<p>Clean Beauty Repair Leave-In Treatment.<br \/>Beriket med amarantfr\u00f8 og erteprotein for \u00e5 reparere skadet h\u00e5r. H\u00e5ret ditt f\u00e5r ny vitalitet og styrke. H\u00e5ret blir mykt og lett \u00e5 l\u00f8se opp.<\/p>\n","protected":false},"excerpt":{"rendered":"<p>Clean Beauty Repair Leave-In Treatment.Beriket med amarantfr\u00f8 og erteprotein for \u00e5 reparere skadet h\u00e5r. H\u00e5ret ditt f\u00e5r ny vitalitet og styrke. H\u00e5ret blir mykt og lett \u00e5 l\u00f8se opp.<\/p>\n","protected":false},"featured_media":390981,"comment_status":"open","ping_status":"closed","template":"","meta":{"_trash_the_other_posts":false},"product_brand":[],"product_cat":[587],"product_tag":[],"berocket_brand":[1053],"class_list":{"0":"post-390993","1":"product","2":"type-product","3":"status-publish","4":"has-post-thumbnail","6":"product_cat-balsam","7":"pa_brand-paul-mitchell","8":"berocket_brand-paul-mitchell","10":"first","11":"instock","12":"sale","13":"taxable","14":"shipping-taxable","15":"purchasable","16":"product-type-simple"},"_links":{"self":[{"href":"https:\/\/stylingagenten.com\/no\/wp-json\/wp\/v2\/product\/390993","targetHints":{"allow":["GET"]}}],"collection":[{"href":"https:\/\/stylingagenten.com\/no\/wp-json\/wp\/v2\/product"}],"about":[{"href":"https:\/\/stylingagenten.com\/no\/wp-json\/wp\/v2\/types\/product"}],"replies":[{"embeddable":true,"href":"https:\/\/stylingagenten.com\/no\/wp-json\/wp\/v2\/comments?post=390993"}],"version-history":[{"count":0,"href":"https:\/\/stylingagenten.com\/no\/wp-json\/wp\/v2\/product\/390993\/revisions"}],"wp:featuredmedia":[{"embeddable":true,"href":"https:\/\/stylingagenten.com\/no\/wp-json\/wp\/v2\/media\/390981"}],"wp:attachment":[{"href":"https:\/\/stylingagenten.com\/no\/wp-json\/wp\/v2\/media?parent=390993"}],"wp:term":[{"taxonomy":"product_brand","embeddable":true,"href":"https:\/\/stylingagenten.com\/no\/wp-json\/wp\/v2\/product_brand?post=390993"},{"taxonomy":"product_cat","embeddable":true,"href":"https:\/\/stylingagenten.com\/no\/wp-json\/wp\/v2\/product_cat?post=390993"},{"taxonomy":"product_tag","embeddable":true,"href":"https:\/\/stylingagenten.com\/no\/wp-json\/wp\/v2\/product_tag?post=390993"},{"taxonomy":"berocket_brand","embeddable":true,"href":"https:\/\/stylingagenten.com\/no\/wp-json\/wp\/v2\/berocket_brand?post=390993"}],"curies":[{"name":"wp","href":"https:\/\/api.w.org\/{rel}","templated":true}]}}