{"id":390954,"date":"2025-05-18T22:01:04","date_gmt":"2025-05-18T22:01:04","guid":{"rendered":"https:\/\/staging2.stylingagenten.com\/no\/produkt\/wella-sp-luxeoil-keratin-restore-mask-150ml\/"},"modified":"2026-04-01T11:28:46","modified_gmt":"2026-04-01T11:28:46","slug":"wella-sp-luxeoil-keratin-restore-mask-150ml","status":"publish","type":"product","link":"https:\/\/stylingagenten.com\/no\/produkt\/wella-sp-luxeoil-keratin-restore-mask-150ml\/","title":{"rendered":"Wella SP LuxeOil Keratin Restore Mask 150ml"},"content":{"rendered":"<p>SP LUXEOIL KERATIN RESTORE MASK <br \/>En innpakning som umiddelbart gjenoppbygger h\u00e5rfibrene for \u00e5 forbedre strukturen og gj\u00f8re den myk og glatt.<\/p>\n","protected":false},"excerpt":{"rendered":"<p>SP LUXEOIL KERATIN RESTORE MASK En innpakning som umiddelbart gjenoppbygger h\u00e5rfibrene for \u00e5 forbedre strukturen og gj\u00f8re den myk og glatt.<\/p>\n","protected":false},"featured_media":390951,"comment_status":"open","ping_status":"closed","template":"","meta":{"_trash_the_other_posts":false},"product_brand":[],"product_cat":[1003,620],"product_tag":[4068],"berocket_brand":[1030],"class_list":{"0":"post-390954","1":"product","2":"type-product","3":"status-publish","4":"has-post-thumbnail","6":"product_cat-bestselgere","7":"product_cat-harmaske","8":"product_tag-wella-sp-luxeoil-keratin-restore-mask","9":"pa_brand-wella","10":"pa_variant-150ml","11":"berocket_brand-wella","13":"first","14":"outofstock","15":"sale","16":"taxable","17":"shipping-taxable","18":"purchasable","19":"product-type-simple"},"_links":{"self":[{"href":"https:\/\/stylingagenten.com\/no\/wp-json\/wp\/v2\/product\/390954","targetHints":{"allow":["GET"]}}],"collection":[{"href":"https:\/\/stylingagenten.com\/no\/wp-json\/wp\/v2\/product"}],"about":[{"href":"https:\/\/stylingagenten.com\/no\/wp-json\/wp\/v2\/types\/product"}],"replies":[{"embeddable":true,"href":"https:\/\/stylingagenten.com\/no\/wp-json\/wp\/v2\/comments?post=390954"}],"version-history":[{"count":0,"href":"https:\/\/stylingagenten.com\/no\/wp-json\/wp\/v2\/product\/390954\/revisions"}],"wp:featuredmedia":[{"embeddable":true,"href":"https:\/\/stylingagenten.com\/no\/wp-json\/wp\/v2\/media\/390951"}],"wp:attachment":[{"href":"https:\/\/stylingagenten.com\/no\/wp-json\/wp\/v2\/media?parent=390954"}],"wp:term":[{"taxonomy":"product_brand","embeddable":true,"href":"https:\/\/stylingagenten.com\/no\/wp-json\/wp\/v2\/product_brand?post=390954"},{"taxonomy":"product_cat","embeddable":true,"href":"https:\/\/stylingagenten.com\/no\/wp-json\/wp\/v2\/product_cat?post=390954"},{"taxonomy":"product_tag","embeddable":true,"href":"https:\/\/stylingagenten.com\/no\/wp-json\/wp\/v2\/product_tag?post=390954"},{"taxonomy":"berocket_brand","embeddable":true,"href":"https:\/\/stylingagenten.com\/no\/wp-json\/wp\/v2\/berocket_brand?post=390954"}],"curies":[{"name":"wp","href":"https:\/\/api.w.org\/{rel}","templated":true}]}}