{"id":390943,"date":"2025-05-18T22:01:03","date_gmt":"2025-05-18T22:01:03","guid":{"rendered":"https:\/\/staging2.stylingagenten.com\/no\/produkt\/wella-sp-color-save-mask-200ml\/"},"modified":"2026-03-11T21:50:20","modified_gmt":"2026-03-11T21:50:20","slug":"wella-sp-color-save-mask-200ml","status":"publish","type":"product","link":"https:\/\/stylingagenten.com\/no\/produkt\/wella-sp-color-save-mask-200ml\/","title":{"rendered":"Wella SP Color Save Mask 200ml"},"content":{"rendered":"<p>SP COLOR SAVE MASK<br \/>INTENSIV behandling for \u00e5 bevare h\u00e5rfargen<br \/>Gir kontinuerlig beskyttelse for farget h\u00e5r.<br \/>Intensiv beskyttelse mot falming av farge og mot endringer i fargens nyanse<br \/>Beskytter og gir en lang- varig fargeglans<br \/> Gj\u00f8r h\u00e5ret merkbart mykt<\/p>\n","protected":false},"excerpt":{"rendered":"<p>SP COLOR SAVE MASKINTENSIV behandling for \u00e5 bevare h\u00e5rfargenGir kontinuerlig beskyttelse for farget h\u00e5r.Intensiv beskyttelse mot falming av farge og mot endringer i fargens nyanseBeskytter og gir en lang- varig fargeglans Gj\u00f8r h\u00e5ret merkbart mykt<\/p>\n","protected":false},"featured_media":390942,"comment_status":"open","ping_status":"closed","template":"","meta":{"_trash_the_other_posts":false},"product_brand":[],"product_cat":[620],"product_tag":[],"berocket_brand":[1030],"class_list":{"0":"post-390943","1":"product","2":"type-product","3":"status-publish","4":"has-post-thumbnail","6":"product_cat-harmaske","7":"pa_brand-wella","8":"berocket_brand-wella","10":"first","11":"instock","12":"sale","13":"taxable","14":"shipping-taxable","15":"purchasable","16":"product-type-simple"},"_links":{"self":[{"href":"https:\/\/stylingagenten.com\/no\/wp-json\/wp\/v2\/product\/390943","targetHints":{"allow":["GET"]}}],"collection":[{"href":"https:\/\/stylingagenten.com\/no\/wp-json\/wp\/v2\/product"}],"about":[{"href":"https:\/\/stylingagenten.com\/no\/wp-json\/wp\/v2\/types\/product"}],"replies":[{"embeddable":true,"href":"https:\/\/stylingagenten.com\/no\/wp-json\/wp\/v2\/comments?post=390943"}],"version-history":[{"count":0,"href":"https:\/\/stylingagenten.com\/no\/wp-json\/wp\/v2\/product\/390943\/revisions"}],"wp:featuredmedia":[{"embeddable":true,"href":"https:\/\/stylingagenten.com\/no\/wp-json\/wp\/v2\/media\/390942"}],"wp:attachment":[{"href":"https:\/\/stylingagenten.com\/no\/wp-json\/wp\/v2\/media?parent=390943"}],"wp:term":[{"taxonomy":"product_brand","embeddable":true,"href":"https:\/\/stylingagenten.com\/no\/wp-json\/wp\/v2\/product_brand?post=390943"},{"taxonomy":"product_cat","embeddable":true,"href":"https:\/\/stylingagenten.com\/no\/wp-json\/wp\/v2\/product_cat?post=390943"},{"taxonomy":"product_tag","embeddable":true,"href":"https:\/\/stylingagenten.com\/no\/wp-json\/wp\/v2\/product_tag?post=390943"},{"taxonomy":"berocket_brand","embeddable":true,"href":"https:\/\/stylingagenten.com\/no\/wp-json\/wp\/v2\/berocket_brand?post=390943"}],"curies":[{"name":"wp","href":"https:\/\/api.w.org\/{rel}","templated":true}]}}