{"id":390938,"date":"2025-05-18T22:01:01","date_gmt":"2025-05-18T22:01:01","guid":{"rendered":"https:\/\/staging2.stylingagenten.com\/no\/produkt\/maria-nila-pure-volume-masque-250ml\/"},"modified":"2026-03-11T21:57:04","modified_gmt":"2026-03-11T21:57:04","slug":"maria-nila-pure-volume-masque-250ml","status":"publish","type":"product","link":"https:\/\/stylingagenten.com\/no\/produkt\/maria-nila-pure-volume-masque-250ml\/","title":{"rendered":"Maria Nila Pure Volume Masque 250ml"},"content":{"rendered":"<p>En effektiv h\u00e5rinnpakning som tilf\u00f8rer fuktighet og n\u00e6ring til fint og tynt h\u00e5r for et silkemykt resultat uten \u00e5 tynge h\u00e5ret. Volumgivende Pro-Vitamin B5 gir langvarig volum og elastisitet.&nbsp;<br \/>Pure Volume Masque har en frisk blomsterduft av neroli, sitron og hyasint.<\/p>\n<p>For tynt og fint h\u00e5r<br \/>Fukter og tilf\u00f8rer ern\u00e6ring<br \/>100 % vegansk &amp; dyrevennlig<br \/>Klimakompensert emballasje<\/p>\n","protected":false},"excerpt":{"rendered":"<p>En effektiv h\u00e5rinnpakning som tilf\u00f8rer fuktighet og n\u00e6ring til fint og tynt h\u00e5r for et silkemykt resultat uten \u00e5 tynge h\u00e5ret. Volumgivende Pro-Vitamin B5 gir langvarig volum og elastisitet.&nbsp;Pure Volume Masque har en frisk blomsterduft av neroli, sitron og hyasint. For tynt og fint h\u00e5rFukter og tilf\u00f8rer ern\u00e6ring100 % vegansk &amp; dyrevennligKlimakompensert emballasje<\/p>\n","protected":false},"featured_media":390930,"comment_status":"open","ping_status":"closed","template":"","meta":{"_trash_the_other_posts":false},"product_brand":[],"product_cat":[620],"product_tag":[],"berocket_brand":[1388],"class_list":{"0":"post-390938","1":"product","2":"type-product","3":"status-publish","4":"has-post-thumbnail","6":"product_cat-harmaske","7":"pa_brand-maria-nila","8":"berocket_brand-maria-nila","10":"first","11":"instock","12":"taxable","13":"shipping-taxable","14":"purchasable","15":"product-type-simple"},"_links":{"self":[{"href":"https:\/\/stylingagenten.com\/no\/wp-json\/wp\/v2\/product\/390938","targetHints":{"allow":["GET"]}}],"collection":[{"href":"https:\/\/stylingagenten.com\/no\/wp-json\/wp\/v2\/product"}],"about":[{"href":"https:\/\/stylingagenten.com\/no\/wp-json\/wp\/v2\/types\/product"}],"replies":[{"embeddable":true,"href":"https:\/\/stylingagenten.com\/no\/wp-json\/wp\/v2\/comments?post=390938"}],"version-history":[{"count":0,"href":"https:\/\/stylingagenten.com\/no\/wp-json\/wp\/v2\/product\/390938\/revisions"}],"wp:featuredmedia":[{"embeddable":true,"href":"https:\/\/stylingagenten.com\/no\/wp-json\/wp\/v2\/media\/390930"}],"wp:attachment":[{"href":"https:\/\/stylingagenten.com\/no\/wp-json\/wp\/v2\/media?parent=390938"}],"wp:term":[{"taxonomy":"product_brand","embeddable":true,"href":"https:\/\/stylingagenten.com\/no\/wp-json\/wp\/v2\/product_brand?post=390938"},{"taxonomy":"product_cat","embeddable":true,"href":"https:\/\/stylingagenten.com\/no\/wp-json\/wp\/v2\/product_cat?post=390938"},{"taxonomy":"product_tag","embeddable":true,"href":"https:\/\/stylingagenten.com\/no\/wp-json\/wp\/v2\/product_tag?post=390938"},{"taxonomy":"berocket_brand","embeddable":true,"href":"https:\/\/stylingagenten.com\/no\/wp-json\/wp\/v2\/berocket_brand?post=390938"}],"curies":[{"name":"wp","href":"https:\/\/api.w.org\/{rel}","templated":true}]}}