{"id":390913,"date":"2025-05-18T22:00:58","date_gmt":"2025-05-18T22:00:58","guid":{"rendered":"https:\/\/staging2.stylingagenten.com\/no\/produkt\/maria-nila-pure-volume-booster-masque-50ml\/"},"modified":"2026-03-11T21:44:24","modified_gmt":"2026-03-11T21:44:24","slug":"maria-nila-pure-volume-booster-masque-50ml","status":"publish","type":"product","link":"https:\/\/stylingagenten.com\/no\/produkt\/maria-nila-pure-volume-booster-masque-50ml\/","title":{"rendered":"Maria Nila Pure Volume Booster Masque 50ml"},"content":{"rendered":"<p>Dypt n\u00e6rende etterbehandling med granatepleekstrakt som gj\u00f8r h\u00e5ret ditt mykt, skinnende og beskytter farget h\u00e5r p\u00e5 kun 3 minutter. Erstatter b\u00e5de h\u00e5rmaske og balsam. Luminous Color har en frisk duft av eple, bj\u00f8rneb\u00e6r og fersken.<\/p>\n<p>Fuktighetsgivende og gir glans<br \/>Rasktvirkende<br \/>Erstatter balsam og h\u00e5rinnpakning <br \/>10 ganger flere aktive ingredienser enn h\u00e5rinnpakningene v\u00e5re<br \/>50 % mer duft enn h\u00e5rinnpakningene v\u00e5re<\/p>\n","protected":false},"excerpt":{"rendered":"<p>Dypt n\u00e6rende etterbehandling med granatepleekstrakt som gj\u00f8r h\u00e5ret ditt mykt, skinnende og beskytter farget h\u00e5r p\u00e5 kun 3 minutter. Erstatter b\u00e5de h\u00e5rmaske og balsam. Luminous Color har en frisk duft av eple, bj\u00f8rneb\u00e6r og fersken. Fuktighetsgivende og gir glansRasktvirkendeErstatter balsam og h\u00e5rinnpakning 10 ganger flere aktive ingredienser enn h\u00e5rinnpakningene v\u00e5re50 % mer duft enn h\u00e5rinnpakningene [&hellip;]<\/p>\n","protected":false},"featured_media":390904,"comment_status":"open","ping_status":"closed","template":"","meta":{"_trash_the_other_posts":false},"product_brand":[],"product_cat":[620],"product_tag":[],"berocket_brand":[1388],"class_list":{"0":"post-390913","1":"product","2":"type-product","3":"status-publish","4":"has-post-thumbnail","6":"product_cat-harmaske","7":"pa_brand-maria-nila","8":"berocket_brand-maria-nila","10":"first","11":"instock","12":"taxable","13":"shipping-taxable","14":"purchasable","15":"product-type-simple"},"_links":{"self":[{"href":"https:\/\/stylingagenten.com\/no\/wp-json\/wp\/v2\/product\/390913","targetHints":{"allow":["GET"]}}],"collection":[{"href":"https:\/\/stylingagenten.com\/no\/wp-json\/wp\/v2\/product"}],"about":[{"href":"https:\/\/stylingagenten.com\/no\/wp-json\/wp\/v2\/types\/product"}],"replies":[{"embeddable":true,"href":"https:\/\/stylingagenten.com\/no\/wp-json\/wp\/v2\/comments?post=390913"}],"version-history":[{"count":0,"href":"https:\/\/stylingagenten.com\/no\/wp-json\/wp\/v2\/product\/390913\/revisions"}],"wp:featuredmedia":[{"embeddable":true,"href":"https:\/\/stylingagenten.com\/no\/wp-json\/wp\/v2\/media\/390904"}],"wp:attachment":[{"href":"https:\/\/stylingagenten.com\/no\/wp-json\/wp\/v2\/media?parent=390913"}],"wp:term":[{"taxonomy":"product_brand","embeddable":true,"href":"https:\/\/stylingagenten.com\/no\/wp-json\/wp\/v2\/product_brand?post=390913"},{"taxonomy":"product_cat","embeddable":true,"href":"https:\/\/stylingagenten.com\/no\/wp-json\/wp\/v2\/product_cat?post=390913"},{"taxonomy":"product_tag","embeddable":true,"href":"https:\/\/stylingagenten.com\/no\/wp-json\/wp\/v2\/product_tag?post=390913"},{"taxonomy":"berocket_brand","embeddable":true,"href":"https:\/\/stylingagenten.com\/no\/wp-json\/wp\/v2\/berocket_brand?post=390913"}],"curies":[{"name":"wp","href":"https:\/\/api.w.org\/{rel}","templated":true}]}}