{"id":390858,"date":"2025-05-18T22:00:47","date_gmt":"2025-05-18T22:00:47","guid":{"rendered":"https:\/\/staging2.stylingagenten.com\/no\/produkt\/sachajuan-hair-cleansing-cream-500ml\/"},"modified":"2026-03-11T21:59:34","modified_gmt":"2026-03-11T21:59:34","slug":"sachajuan-hair-cleansing-cream-500ml","status":"publish","type":"product","link":"https:\/\/stylingagenten.com\/no\/produkt\/sachajuan-hair-cleansing-cream-500ml\/","title":{"rendered":"SACHAJUAN Hair Cleansing Cream 500ml"},"content":{"rendered":"<p>Frisk opp h\u00e5ret med den nye SACHAJUAN h\u00e5rrensekremen som renser h\u00e5ret med en ny teknologi basert p\u00e5 pleiende voks. Den nye kremete og skumfrie formelen gir utrolig glans, glans, fuktighet og mykhet samtidig som den forfrisker h\u00e5ret. egnet for alle h\u00e5rtyper, inkludert t\u00f8rt, bleket, farget eller skadet h\u00e5r.<\/p>\n<p>P\u00e5f\u00f8res i v\u00e5tt h\u00e5r og masseres grundig inn i hodebunnen i ett minutt, la virke mens den andre vaskerutinen utf\u00f8res, for at produktet skal absorberes i h\u00e5ret. Skyll godt med varmt vann slik at kremen n\u00e5r til endene. Gjenta om n\u00f8dvendig. Tillat en uke med konsekvent bruk for hodebunnen for \u00e5 tilpasse seg denne nye innovative m\u00e5ten \u00e5 rense p\u00e5.<\/p>\n<p>500ml<\/p>\n","protected":false},"excerpt":{"rendered":"<p>Frisk opp h\u00e5ret med den nye SACHAJUAN h\u00e5rrensekremen som renser h\u00e5ret med en ny teknologi basert p\u00e5 pleiende voks. Den nye kremete og skumfrie formelen gir utrolig glans, glans, fuktighet og mykhet samtidig som den forfrisker h\u00e5ret. egnet for alle h\u00e5rtyper, inkludert t\u00f8rt, bleket, farget eller skadet h\u00e5r. P\u00e5f\u00f8res i v\u00e5tt h\u00e5r og masseres grundig [&hellip;]<\/p>\n","protected":false},"featured_media":390856,"comment_status":"open","ping_status":"closed","template":"","meta":{"_trash_the_other_posts":false},"product_brand":[],"product_cat":[620],"product_tag":[],"berocket_brand":[1409],"class_list":{"0":"post-390858","1":"product","2":"type-product","3":"status-publish","4":"has-post-thumbnail","6":"product_cat-harmaske","7":"pa_brand-sachajuan","8":"berocket_brand-sachajuan","10":"first","11":"instock","12":"sale","13":"taxable","14":"shipping-taxable","15":"purchasable","16":"product-type-simple"},"_links":{"self":[{"href":"https:\/\/stylingagenten.com\/no\/wp-json\/wp\/v2\/product\/390858","targetHints":{"allow":["GET"]}}],"collection":[{"href":"https:\/\/stylingagenten.com\/no\/wp-json\/wp\/v2\/product"}],"about":[{"href":"https:\/\/stylingagenten.com\/no\/wp-json\/wp\/v2\/types\/product"}],"replies":[{"embeddable":true,"href":"https:\/\/stylingagenten.com\/no\/wp-json\/wp\/v2\/comments?post=390858"}],"version-history":[{"count":0,"href":"https:\/\/stylingagenten.com\/no\/wp-json\/wp\/v2\/product\/390858\/revisions"}],"wp:featuredmedia":[{"embeddable":true,"href":"https:\/\/stylingagenten.com\/no\/wp-json\/wp\/v2\/media\/390856"}],"wp:attachment":[{"href":"https:\/\/stylingagenten.com\/no\/wp-json\/wp\/v2\/media?parent=390858"}],"wp:term":[{"taxonomy":"product_brand","embeddable":true,"href":"https:\/\/stylingagenten.com\/no\/wp-json\/wp\/v2\/product_brand?post=390858"},{"taxonomy":"product_cat","embeddable":true,"href":"https:\/\/stylingagenten.com\/no\/wp-json\/wp\/v2\/product_cat?post=390858"},{"taxonomy":"product_tag","embeddable":true,"href":"https:\/\/stylingagenten.com\/no\/wp-json\/wp\/v2\/product_tag?post=390858"},{"taxonomy":"berocket_brand","embeddable":true,"href":"https:\/\/stylingagenten.com\/no\/wp-json\/wp\/v2\/berocket_brand?post=390858"}],"curies":[{"name":"wp","href":"https:\/\/api.w.org\/{rel}","templated":true}]}}