{"id":390855,"date":"2025-05-18T22:00:47","date_gmt":"2025-05-18T22:00:47","guid":{"rendered":"https:\/\/staging2.stylingagenten.com\/no\/produkt\/sachajuan-intensive-leave-in-conditioner-150ml\/"},"modified":"2026-03-11T21:58:34","modified_gmt":"2026-03-11T21:58:34","slug":"sachajuan-intensive-leave-in-conditioner-150ml","status":"publish","type":"product","link":"https:\/\/stylingagenten.com\/no\/produkt\/sachajuan-intensive-leave-in-conditioner-150ml\/","title":{"rendered":"SACHAJUAN Intensive Leave In Conditioner 150ml"},"content":{"rendered":"<p>SACHAJUAN Intensive Repair Leave In Conditioner reduserer frizz, reparerer og skaper et beskyttende skjold for h\u00e5ret. Den inneholder ingredienser som macadamia-olje, hydrolysert Rhodophycea-ekstrakt og n\u00e6rende egenskaper for \u00e5 l\u00f8se opp og reparere. H\u00e5ret blir mykt, skinnende og h\u00e5ndterbart, med et utmerket grunnlag for styling. Produktet fungerer ogs\u00e5 utmerket p\u00e5 h\u00e5rforlengelser.<\/p>\n<p>150 ml<\/p>\n","protected":false},"excerpt":{"rendered":"<p>SACHAJUAN Intensive Repair Leave In Conditioner reduserer frizz, reparerer og skaper et beskyttende skjold for h\u00e5ret. Den inneholder ingredienser som macadamia-olje, hydrolysert Rhodophycea-ekstrakt og n\u00e6rende egenskaper for \u00e5 l\u00f8se opp og reparere. H\u00e5ret blir mykt, skinnende og h\u00e5ndterbart, med et utmerket grunnlag for styling. Produktet fungerer ogs\u00e5 utmerket p\u00e5 h\u00e5rforlengelser. 150 ml<\/p>\n","protected":false},"featured_media":390853,"comment_status":"open","ping_status":"closed","template":"","meta":{"_trash_the_other_posts":false},"product_brand":[],"product_cat":[615],"product_tag":[],"berocket_brand":[1409],"class_list":{"0":"post-390855","1":"product","2":"type-product","3":"status-publish","4":"has-post-thumbnail","6":"product_cat-harserum","7":"pa_brand-sachajuan","8":"berocket_brand-sachajuan","10":"first","11":"instock","12":"sale","13":"taxable","14":"shipping-taxable","15":"purchasable","16":"product-type-simple"},"_links":{"self":[{"href":"https:\/\/stylingagenten.com\/no\/wp-json\/wp\/v2\/product\/390855","targetHints":{"allow":["GET"]}}],"collection":[{"href":"https:\/\/stylingagenten.com\/no\/wp-json\/wp\/v2\/product"}],"about":[{"href":"https:\/\/stylingagenten.com\/no\/wp-json\/wp\/v2\/types\/product"}],"replies":[{"embeddable":true,"href":"https:\/\/stylingagenten.com\/no\/wp-json\/wp\/v2\/comments?post=390855"}],"version-history":[{"count":0,"href":"https:\/\/stylingagenten.com\/no\/wp-json\/wp\/v2\/product\/390855\/revisions"}],"wp:featuredmedia":[{"embeddable":true,"href":"https:\/\/stylingagenten.com\/no\/wp-json\/wp\/v2\/media\/390853"}],"wp:attachment":[{"href":"https:\/\/stylingagenten.com\/no\/wp-json\/wp\/v2\/media?parent=390855"}],"wp:term":[{"taxonomy":"product_brand","embeddable":true,"href":"https:\/\/stylingagenten.com\/no\/wp-json\/wp\/v2\/product_brand?post=390855"},{"taxonomy":"product_cat","embeddable":true,"href":"https:\/\/stylingagenten.com\/no\/wp-json\/wp\/v2\/product_cat?post=390855"},{"taxonomy":"product_tag","embeddable":true,"href":"https:\/\/stylingagenten.com\/no\/wp-json\/wp\/v2\/product_tag?post=390855"},{"taxonomy":"berocket_brand","embeddable":true,"href":"https:\/\/stylingagenten.com\/no\/wp-json\/wp\/v2\/berocket_brand?post=390855"}],"curies":[{"name":"wp","href":"https:\/\/api.w.org\/{rel}","templated":true}]}}