{"id":390850,"date":"2025-05-18T22:00:44","date_gmt":"2025-05-18T22:00:44","guid":{"rendered":"https:\/\/staging2.stylingagenten.com\/no\/produkt\/sachajuan-scalp-scrub-250ml\/"},"modified":"2026-03-11T22:00:13","modified_gmt":"2026-03-11T22:00:13","slug":"sachajuan-scalp-scrub-250ml","status":"publish","type":"product","link":"https:\/\/stylingagenten.com\/no\/produkt\/sachajuan-scalp-scrub-250ml\/","title":{"rendered":"SACHAJUAN Scalp Scrub 250ml"},"content":{"rendered":"<p>SACHAJUAN Scalp Scrub er en dyprensende og sukkerrensende s\u00e5pe med Ocean Silk Technology, Climbazole, soyab\u00f8nner og olje. Den inneholder naturlig sukker som hjelper til med \u00e5 eksfoliere og fjerne flass fra hodebunnen. Oljen bygger opp og hjelper med ny cellevekst.<\/p>\n<p>250ml<\/p>\n","protected":false},"excerpt":{"rendered":"<p>SACHAJUAN Scalp Scrub er en dyprensende og sukkerrensende s\u00e5pe med Ocean Silk Technology, Climbazole, soyab\u00f8nner og olje. Den inneholder naturlig sukker som hjelper til med \u00e5 eksfoliere og fjerne flass fra hodebunnen. Oljen bygger opp og hjelper med ny cellevekst. 250ml<\/p>\n","protected":false},"featured_media":390849,"comment_status":"open","ping_status":"closed","template":"","meta":{"_trash_the_other_posts":false},"product_brand":[],"product_cat":[620],"product_tag":[],"berocket_brand":[1409],"class_list":{"0":"post-390850","1":"product","2":"type-product","3":"status-publish","4":"has-post-thumbnail","6":"product_cat-harmaske","7":"pa_brand-sachajuan","8":"berocket_brand-sachajuan","10":"first","11":"instock","12":"sale","13":"taxable","14":"shipping-taxable","15":"purchasable","16":"product-type-simple"},"_links":{"self":[{"href":"https:\/\/stylingagenten.com\/no\/wp-json\/wp\/v2\/product\/390850","targetHints":{"allow":["GET"]}}],"collection":[{"href":"https:\/\/stylingagenten.com\/no\/wp-json\/wp\/v2\/product"}],"about":[{"href":"https:\/\/stylingagenten.com\/no\/wp-json\/wp\/v2\/types\/product"}],"replies":[{"embeddable":true,"href":"https:\/\/stylingagenten.com\/no\/wp-json\/wp\/v2\/comments?post=390850"}],"version-history":[{"count":0,"href":"https:\/\/stylingagenten.com\/no\/wp-json\/wp\/v2\/product\/390850\/revisions"}],"wp:featuredmedia":[{"embeddable":true,"href":"https:\/\/stylingagenten.com\/no\/wp-json\/wp\/v2\/media\/390849"}],"wp:attachment":[{"href":"https:\/\/stylingagenten.com\/no\/wp-json\/wp\/v2\/media?parent=390850"}],"wp:term":[{"taxonomy":"product_brand","embeddable":true,"href":"https:\/\/stylingagenten.com\/no\/wp-json\/wp\/v2\/product_brand?post=390850"},{"taxonomy":"product_cat","embeddable":true,"href":"https:\/\/stylingagenten.com\/no\/wp-json\/wp\/v2\/product_cat?post=390850"},{"taxonomy":"product_tag","embeddable":true,"href":"https:\/\/stylingagenten.com\/no\/wp-json\/wp\/v2\/product_tag?post=390850"},{"taxonomy":"berocket_brand","embeddable":true,"href":"https:\/\/stylingagenten.com\/no\/wp-json\/wp\/v2\/berocket_brand?post=390850"}],"curies":[{"name":"wp","href":"https:\/\/api.w.org\/{rel}","templated":true}]}}