{"id":390848,"date":"2025-05-18T22:00:44","date_gmt":"2025-05-18T22:00:44","guid":{"rendered":"https:\/\/staging2.stylingagenten.com\/no\/produkt\/eleven-australia-keep-my-colour-treatment-blonde-200ml\/"},"modified":"2026-03-16T13:47:47","modified_gmt":"2026-03-16T13:47:47","slug":"eleven-australia-keep-my-colour-treatment-blonde-200ml","status":"publish","type":"product","link":"https:\/\/stylingagenten.com\/no\/produkt\/eleven-australia-keep-my-colour-treatment-blonde-200ml\/","title":{"rendered":"Eleven Australia Keep My Colour Treatment Blonde 200ml"},"content":{"rendered":"<p>Fargekorrigerende innpakning som fremhever kj\u00f8lige toner. Olje fra macadamian\u00f8tt gir en nydelig glans og glans. For farget og naturlig h\u00e5r. Emballasje av resirkulerbart materiale.<\/p>\n","protected":false},"excerpt":{"rendered":"<p>Fargekorrigerende innpakning som fremhever kj\u00f8lige toner. Olje fra macadamian\u00f8tt gir en nydelig glans og glans. For farget og naturlig h\u00e5r. Emballasje av resirkulerbart materiale.<\/p>\n","protected":false},"featured_media":390818,"comment_status":"open","ping_status":"closed","template":"","meta":{"_trash_the_other_posts":false},"product_brand":[],"product_cat":[620],"product_tag":[],"berocket_brand":[1386],"class_list":{"0":"post-390848","1":"product","2":"type-product","3":"status-publish","4":"has-post-thumbnail","6":"product_cat-harmaske","7":"pa_brand-eleven-australia","8":"berocket_brand-eleven-australia","10":"first","11":"instock","12":"sale","13":"taxable","14":"shipping-taxable","15":"purchasable","16":"product-type-simple"},"_links":{"self":[{"href":"https:\/\/stylingagenten.com\/no\/wp-json\/wp\/v2\/product\/390848","targetHints":{"allow":["GET"]}}],"collection":[{"href":"https:\/\/stylingagenten.com\/no\/wp-json\/wp\/v2\/product"}],"about":[{"href":"https:\/\/stylingagenten.com\/no\/wp-json\/wp\/v2\/types\/product"}],"replies":[{"embeddable":true,"href":"https:\/\/stylingagenten.com\/no\/wp-json\/wp\/v2\/comments?post=390848"}],"version-history":[{"count":0,"href":"https:\/\/stylingagenten.com\/no\/wp-json\/wp\/v2\/product\/390848\/revisions"}],"wp:featuredmedia":[{"embeddable":true,"href":"https:\/\/stylingagenten.com\/no\/wp-json\/wp\/v2\/media\/390818"}],"wp:attachment":[{"href":"https:\/\/stylingagenten.com\/no\/wp-json\/wp\/v2\/media?parent=390848"}],"wp:term":[{"taxonomy":"product_brand","embeddable":true,"href":"https:\/\/stylingagenten.com\/no\/wp-json\/wp\/v2\/product_brand?post=390848"},{"taxonomy":"product_cat","embeddable":true,"href":"https:\/\/stylingagenten.com\/no\/wp-json\/wp\/v2\/product_cat?post=390848"},{"taxonomy":"product_tag","embeddable":true,"href":"https:\/\/stylingagenten.com\/no\/wp-json\/wp\/v2\/product_tag?post=390848"},{"taxonomy":"berocket_brand","embeddable":true,"href":"https:\/\/stylingagenten.com\/no\/wp-json\/wp\/v2\/berocket_brand?post=390848"}],"curies":[{"name":"wp","href":"https:\/\/api.w.org\/{rel}","templated":true}]}}