{"id":390815,"date":"2025-05-18T22:00:40","date_gmt":"2025-05-18T22:00:40","guid":{"rendered":"https:\/\/staging2.stylingagenten.com\/no\/produkt\/paul-mitchell-clean-beauty-color-protect-leave-in-treatment-150ml\/"},"modified":"2026-04-08T15:28:42","modified_gmt":"2026-04-08T15:28:42","slug":"paul-mitchell-clean-beauty-color-protect-leave-in-treatment-150ml","status":"publish","type":"product","link":"https:\/\/stylingagenten.com\/no\/produkt\/paul-mitchell-clean-beauty-color-protect-leave-in-treatment-150ml\/","title":{"rendered":"Paul Mitchell Clean Beauty Color Protect Leave-In Treatment 150ml"},"content":{"rendered":"<p>Paul Mitchell Clean Beauty Color Protect Leave-In Treatment \u00f8ker glansen og holder fargen frisk, lenger samtidig som den mykner, n\u00e6rer og reduserer synlige tegn p\u00e5 skade.<br \/>Beriket med antioksidanter fra granatepleekstrakt, kjent for \u00e5 forhindre at fargen falmer, og at den beskytter mot milj\u00f8eksponering og frie radikaler.<\/p>\n<p>150ml<\/p>\n","protected":false},"excerpt":{"rendered":"<p>Paul Mitchell Clean Beauty Color Protect Leave-In Treatment \u00f8ker glansen og holder fargen frisk, lenger samtidig som den mykner, n\u00e6rer og reduserer synlige tegn p\u00e5 skade.Beriket med antioksidanter fra granatepleekstrakt, kjent for \u00e5 forhindre at fargen falmer, og at den beskytter mot milj\u00f8eksponering og frie radikaler. 150ml<\/p>\n","protected":false},"featured_media":390807,"comment_status":"open","ping_status":"closed","template":"","meta":{"_trash_the_other_posts":false},"product_brand":[],"product_cat":[615],"product_tag":[],"berocket_brand":[1053],"class_list":{"0":"post-390815","1":"product","2":"type-product","3":"status-publish","4":"has-post-thumbnail","6":"product_cat-harserum","7":"pa_brand-paul-mitchell","8":"berocket_brand-paul-mitchell","10":"first","11":"instock","12":"sale","13":"taxable","14":"shipping-taxable","15":"purchasable","16":"product-type-simple"},"_links":{"self":[{"href":"https:\/\/stylingagenten.com\/no\/wp-json\/wp\/v2\/product\/390815","targetHints":{"allow":["GET"]}}],"collection":[{"href":"https:\/\/stylingagenten.com\/no\/wp-json\/wp\/v2\/product"}],"about":[{"href":"https:\/\/stylingagenten.com\/no\/wp-json\/wp\/v2\/types\/product"}],"replies":[{"embeddable":true,"href":"https:\/\/stylingagenten.com\/no\/wp-json\/wp\/v2\/comments?post=390815"}],"version-history":[{"count":0,"href":"https:\/\/stylingagenten.com\/no\/wp-json\/wp\/v2\/product\/390815\/revisions"}],"wp:featuredmedia":[{"embeddable":true,"href":"https:\/\/stylingagenten.com\/no\/wp-json\/wp\/v2\/media\/390807"}],"wp:attachment":[{"href":"https:\/\/stylingagenten.com\/no\/wp-json\/wp\/v2\/media?parent=390815"}],"wp:term":[{"taxonomy":"product_brand","embeddable":true,"href":"https:\/\/stylingagenten.com\/no\/wp-json\/wp\/v2\/product_brand?post=390815"},{"taxonomy":"product_cat","embeddable":true,"href":"https:\/\/stylingagenten.com\/no\/wp-json\/wp\/v2\/product_cat?post=390815"},{"taxonomy":"product_tag","embeddable":true,"href":"https:\/\/stylingagenten.com\/no\/wp-json\/wp\/v2\/product_tag?post=390815"},{"taxonomy":"berocket_brand","embeddable":true,"href":"https:\/\/stylingagenten.com\/no\/wp-json\/wp\/v2\/berocket_brand?post=390815"}],"curies":[{"name":"wp","href":"https:\/\/api.w.org\/{rel}","templated":true}]}}