{"id":390794,"date":"2025-05-18T22:00:37","date_gmt":"2025-05-18T22:00:37","guid":{"rendered":"https:\/\/staging2.stylingagenten.com\/no\/produkt\/living-proof-triple-bond-complex-hair-strengthener-45ml\/"},"modified":"2026-04-08T15:29:02","modified_gmt":"2026-04-08T15:29:02","slug":"living-proof-triple-bond-complex-hair-strengthener-45ml","status":"publish","type":"product","link":"https:\/\/stylingagenten.com\/no\/produkt\/living-proof-triple-bond-complex-hair-strengthener-45ml\/","title":{"rendered":"Living Proof Triple Bond Complex Hair Strengthener 45ml"},"content":{"rendered":"<p>Living Proof Triple Bond Complex er en leave-in ukentlig behandling som, med hjelp av varme, gj\u00f8r h\u00e5ret 8x sterkere, glattere og mer glansfullt etter bare \u00e9n bruk, samtidig som det beskytter mot fremtidig skade. Den f\u00f8rste teknologien noensinne som skaper helt nye bindinger og reparerer \u00f8delagte bindinger av alle slag i h\u00e5rstr\u00e5et. Triple Bond Complex for sunnere, mykere og mer velstelt h\u00e5r.<\/p>\n<p>\u2022Reparerer umiddelbart og gir langvarig beskyttelse mot fremtidig skade<br \/>\n<br \/>\u2022Beskytter mot UV- og varmeskader og gir varmebeskyttelse opp til 230 \u00b0C<br \/>\n<br \/>\u2022Gj\u00f8r h\u00e5ret mykt, glansfullt og lett \u00e5 h\u00e5ndtere<br \/>\n<br \/>\u2022Entrinnsprosess<br \/>\n<br \/>\u2022Utnytter varmens kraft for \u00e5 fylle p\u00e5 kovalente bindinger<br \/>\n<br \/>\u2022Forsegler kutikulaen<br \/>\n<br \/>\u2022Trenger inn i kjernen av h\u00e5rstr\u00e5et<br \/>\n<br \/>\u2022Cruelty-free, fargebevarende, trygt for kjemisk behandlet h\u00e5r og fritt for silikoner, parabener, ftalater, formaldehyd og sulfater.<\/p>\n<p>45 ml<\/p>\n","protected":false},"excerpt":{"rendered":"<p>Living Proof Triple Bond Complex er en leave-in ukentlig behandling som, med hjelp av varme, gj\u00f8r h\u00e5ret 8x sterkere, glattere og mer glansfullt etter bare \u00e9n bruk, samtidig som det beskytter mot fremtidig skade. Den f\u00f8rste teknologien noensinne som skaper helt nye bindinger og reparerer \u00f8delagte bindinger av alle slag i h\u00e5rstr\u00e5et. Triple Bond Complex [&hellip;]<\/p>\n","protected":false},"featured_media":390769,"comment_status":"open","ping_status":"closed","template":"","meta":{"_trash_the_other_posts":false},"product_brand":[],"product_cat":[615],"product_tag":[],"berocket_brand":[1392],"class_list":{"0":"post-390794","1":"product","2":"type-product","3":"status-publish","4":"has-post-thumbnail","6":"product_cat-harserum","7":"pa_brand-living-proof","8":"berocket_brand-living-proof","10":"first","11":"instock","12":"sale","13":"taxable","14":"shipping-taxable","15":"purchasable","16":"product-type-simple"},"_links":{"self":[{"href":"https:\/\/stylingagenten.com\/no\/wp-json\/wp\/v2\/product\/390794","targetHints":{"allow":["GET"]}}],"collection":[{"href":"https:\/\/stylingagenten.com\/no\/wp-json\/wp\/v2\/product"}],"about":[{"href":"https:\/\/stylingagenten.com\/no\/wp-json\/wp\/v2\/types\/product"}],"replies":[{"embeddable":true,"href":"https:\/\/stylingagenten.com\/no\/wp-json\/wp\/v2\/comments?post=390794"}],"version-history":[{"count":0,"href":"https:\/\/stylingagenten.com\/no\/wp-json\/wp\/v2\/product\/390794\/revisions"}],"wp:featuredmedia":[{"embeddable":true,"href":"https:\/\/stylingagenten.com\/no\/wp-json\/wp\/v2\/media\/390769"}],"wp:attachment":[{"href":"https:\/\/stylingagenten.com\/no\/wp-json\/wp\/v2\/media?parent=390794"}],"wp:term":[{"taxonomy":"product_brand","embeddable":true,"href":"https:\/\/stylingagenten.com\/no\/wp-json\/wp\/v2\/product_brand?post=390794"},{"taxonomy":"product_cat","embeddable":true,"href":"https:\/\/stylingagenten.com\/no\/wp-json\/wp\/v2\/product_cat?post=390794"},{"taxonomy":"product_tag","embeddable":true,"href":"https:\/\/stylingagenten.com\/no\/wp-json\/wp\/v2\/product_tag?post=390794"},{"taxonomy":"berocket_brand","embeddable":true,"href":"https:\/\/stylingagenten.com\/no\/wp-json\/wp\/v2\/berocket_brand?post=390794"}],"curies":[{"name":"wp","href":"https:\/\/api.w.org\/{rel}","templated":true}]}}