{"id":390738,"date":"2025-05-18T22:00:27","date_gmt":"2025-05-18T22:00:27","guid":{"rendered":"https:\/\/staging2.stylingagenten.com\/no\/produkt\/bjork-laga-repair-treatment-750ml\/"},"modified":"2026-03-16T09:31:04","modified_gmt":"2026-03-16T09:31:04","slug":"bjork-laga-repair-treatment-750ml","status":"publish","type":"product","link":"https:\/\/stylingagenten.com\/no\/produkt\/bjork-laga-repair-treatment-750ml\/","title":{"rendered":"Bj\u00f6rk LAGA Repair Treatment 750ml"},"content":{"rendered":"<p>Bj\u00f6rk LAGA Repair Treatment er en intensiv reparerende behandling for skadet, t\u00f8rt og kjemisk behandlet h\u00e5r. Med reparerende alge- og bj\u00f8rkeekstrakt for \u00e5 forbedre h\u00e5rkvaliteten, forebygge frizz, gi glans og skape en beroligende effekt p\u00e5 hodebunnen.<\/p>\n<p>Duft: Frisk og blomsterduft med hint av bergamott.<\/p>\n<p>750ml<\/p>\n","protected":false},"excerpt":{"rendered":"<p>Bj\u00f6rk LAGA Repair Treatment er en intensiv reparerende behandling for skadet, t\u00f8rt og kjemisk behandlet h\u00e5r. Med reparerende alge- og bj\u00f8rkeekstrakt for \u00e5 forbedre h\u00e5rkvaliteten, forebygge frizz, gi glans og skape en beroligende effekt p\u00e5 hodebunnen. Duft: Frisk og blomsterduft med hint av bergamott. 750ml<\/p>\n","protected":false},"featured_media":390737,"comment_status":"open","ping_status":"closed","template":"","meta":{"_trash_the_other_posts":false},"product_brand":[],"product_cat":[620],"product_tag":[2564],"berocket_brand":[1418],"class_list":{"0":"post-390738","1":"product","2":"type-product","3":"status-publish","4":"has-post-thumbnail","6":"product_cat-harmaske","7":"product_tag-bjork-laga-repair-treatment","8":"pa_brand-bjork","9":"pa_variant-750ml","10":"berocket_brand-bjork","12":"first","13":"instock","14":"sale","15":"taxable","16":"shipping-taxable","17":"purchasable","18":"product-type-simple"},"_links":{"self":[{"href":"https:\/\/stylingagenten.com\/no\/wp-json\/wp\/v2\/product\/390738","targetHints":{"allow":["GET"]}}],"collection":[{"href":"https:\/\/stylingagenten.com\/no\/wp-json\/wp\/v2\/product"}],"about":[{"href":"https:\/\/stylingagenten.com\/no\/wp-json\/wp\/v2\/types\/product"}],"replies":[{"embeddable":true,"href":"https:\/\/stylingagenten.com\/no\/wp-json\/wp\/v2\/comments?post=390738"}],"version-history":[{"count":0,"href":"https:\/\/stylingagenten.com\/no\/wp-json\/wp\/v2\/product\/390738\/revisions"}],"wp:featuredmedia":[{"embeddable":true,"href":"https:\/\/stylingagenten.com\/no\/wp-json\/wp\/v2\/media\/390737"}],"wp:attachment":[{"href":"https:\/\/stylingagenten.com\/no\/wp-json\/wp\/v2\/media?parent=390738"}],"wp:term":[{"taxonomy":"product_brand","embeddable":true,"href":"https:\/\/stylingagenten.com\/no\/wp-json\/wp\/v2\/product_brand?post=390738"},{"taxonomy":"product_cat","embeddable":true,"href":"https:\/\/stylingagenten.com\/no\/wp-json\/wp\/v2\/product_cat?post=390738"},{"taxonomy":"product_tag","embeddable":true,"href":"https:\/\/stylingagenten.com\/no\/wp-json\/wp\/v2\/product_tag?post=390738"},{"taxonomy":"berocket_brand","embeddable":true,"href":"https:\/\/stylingagenten.com\/no\/wp-json\/wp\/v2\/berocket_brand?post=390738"}],"curies":[{"name":"wp","href":"https:\/\/api.w.org\/{rel}","templated":true}]}}