{"id":390735,"date":"2025-05-18T22:00:27","date_gmt":"2025-05-18T22:00:27","guid":{"rendered":"https:\/\/staging2.stylingagenten.com\/no\/produkt\/joico-moisture-recovery-treatment-balm-500ml\/"},"modified":"2026-04-05T09:28:41","modified_gmt":"2026-04-05T09:28:41","slug":"joico-moisture-recovery-treatment-balm-500ml","status":"publish","type":"product","link":"https:\/\/stylingagenten.com\/no\/produkt\/joico-moisture-recovery-treatment-balm-500ml\/","title":{"rendered":"Joico Moisture Recovery Treatment Balm 500ml"},"content":{"rendered":"<p>Joico Moisture Recovery Treatment Balm er en intenst fuktighetsgivende h\u00e5rmaske for t\u00f8rt og tykt h\u00e5r. Den fukter h\u00e5ret slik at det blir mykere og mer elastisk. Tykt, grovt og kr\u00f8llete h\u00e5r f\u00e5r fornyet glans og vitalitet. H\u00e5rmasken minimerer krus og definerer kr\u00f8llene. I tillegg blir h\u00e5ret lettere \u00e5 gre ut. Moisture Recovery inneholder masse fuktighetsgivende og vitaminrike ingredienser. De kombineres med SmartRelease Technology, et kraftig liposomsystem som kontinuerlig tilf\u00f8rer tykt, grovt og kr\u00f8llete h\u00e5r n\u00e6ring.<\/p>\n<p>500ml<\/p>\n","protected":false},"excerpt":{"rendered":"<p>Joico Moisture Recovery Treatment Balm er en intenst fuktighetsgivende h\u00e5rmaske for t\u00f8rt og tykt h\u00e5r. Den fukter h\u00e5ret slik at det blir mykere og mer elastisk. Tykt, grovt og kr\u00f8llete h\u00e5r f\u00e5r fornyet glans og vitalitet. H\u00e5rmasken minimerer krus og definerer kr\u00f8llene. I tillegg blir h\u00e5ret lettere \u00e5 gre ut. Moisture Recovery inneholder masse fuktighetsgivende [&hellip;]<\/p>\n","protected":false},"featured_media":390734,"comment_status":"open","ping_status":"closed","template":"","meta":{"_trash_the_other_posts":false},"product_brand":[],"product_cat":[620],"product_tag":[3074],"berocket_brand":[1372],"class_list":{"0":"post-390735","1":"product","2":"type-product","3":"status-publish","4":"has-post-thumbnail","6":"product_cat-harmaske","7":"product_tag-joico-moisture-recovery-treatment-balm","8":"pa_brand-joico","9":"pa_variant-500ml","10":"berocket_brand-joico","12":"first","13":"instock","14":"sale","15":"taxable","16":"shipping-taxable","17":"purchasable","18":"product-type-simple"},"_links":{"self":[{"href":"https:\/\/stylingagenten.com\/no\/wp-json\/wp\/v2\/product\/390735","targetHints":{"allow":["GET"]}}],"collection":[{"href":"https:\/\/stylingagenten.com\/no\/wp-json\/wp\/v2\/product"}],"about":[{"href":"https:\/\/stylingagenten.com\/no\/wp-json\/wp\/v2\/types\/product"}],"replies":[{"embeddable":true,"href":"https:\/\/stylingagenten.com\/no\/wp-json\/wp\/v2\/comments?post=390735"}],"version-history":[{"count":0,"href":"https:\/\/stylingagenten.com\/no\/wp-json\/wp\/v2\/product\/390735\/revisions"}],"wp:featuredmedia":[{"embeddable":true,"href":"https:\/\/stylingagenten.com\/no\/wp-json\/wp\/v2\/media\/390734"}],"wp:attachment":[{"href":"https:\/\/stylingagenten.com\/no\/wp-json\/wp\/v2\/media?parent=390735"}],"wp:term":[{"taxonomy":"product_brand","embeddable":true,"href":"https:\/\/stylingagenten.com\/no\/wp-json\/wp\/v2\/product_brand?post=390735"},{"taxonomy":"product_cat","embeddable":true,"href":"https:\/\/stylingagenten.com\/no\/wp-json\/wp\/v2\/product_cat?post=390735"},{"taxonomy":"product_tag","embeddable":true,"href":"https:\/\/stylingagenten.com\/no\/wp-json\/wp\/v2\/product_tag?post=390735"},{"taxonomy":"berocket_brand","embeddable":true,"href":"https:\/\/stylingagenten.com\/no\/wp-json\/wp\/v2\/berocket_brand?post=390735"}],"curies":[{"name":"wp","href":"https:\/\/api.w.org\/{rel}","templated":true}]}}