{"id":390726,"date":"2025-05-18T22:00:25","date_gmt":"2025-05-18T22:00:25","guid":{"rendered":"https:\/\/staging2.stylingagenten.com\/no\/produkt\/system-professional-purify-mask-200ml\/"},"modified":"2026-03-11T21:58:06","modified_gmt":"2026-03-11T21:58:06","slug":"system-professional-purify-mask-200ml","status":"publish","type":"product","link":"https:\/\/stylingagenten.com\/no\/produkt\/system-professional-purify-mask-200ml\/","title":{"rendered":"System Professional Purify Mask 200ml"},"content":{"rendered":"<p>System Professional Purify Mask er en fuktighetsgivende og n\u00e6rende h\u00e5rmaske for irritert hodebunn, flass og betennelser. Masken pleier hodebunnen i dybden og motvirker flass. H\u00e5ret f\u00f8les mykt, lett \u00e5 h\u00e5ndtere og sunt.<\/p>\n<p>System Professional Purify-serien er utviklet for \u00e5 rense i dybden og redusere flass. Serien er b\u00e5de sk\u00e5nsom og effektiv, og den gjenoppretter en sunn hodebunn uten \u00e5 p\u00e5virke den sensitive pH-balansen.<\/p>\n<p>200ml<\/p>\n","protected":false},"excerpt":{"rendered":"<p>System Professional Purify Mask er en fuktighetsgivende og n\u00e6rende h\u00e5rmaske for irritert hodebunn, flass og betennelser. Masken pleier hodebunnen i dybden og motvirker flass. H\u00e5ret f\u00f8les mykt, lett \u00e5 h\u00e5ndtere og sunt. System Professional Purify-serien er utviklet for \u00e5 rense i dybden og redusere flass. Serien er b\u00e5de sk\u00e5nsom og effektiv, og den gjenoppretter en [&hellip;]<\/p>\n","protected":false},"featured_media":390693,"comment_status":"open","ping_status":"closed","template":"","meta":{"_trash_the_other_posts":false},"product_brand":[],"product_cat":[620],"product_tag":[],"berocket_brand":[1995],"class_list":{"0":"post-390726","1":"product","2":"type-product","3":"status-publish","4":"has-post-thumbnail","6":"product_cat-harmaske","7":"pa_brand-system-professional","8":"berocket_brand-system-professional","10":"first","11":"instock","12":"sale","13":"taxable","14":"shipping-taxable","15":"purchasable","16":"product-type-simple"},"_links":{"self":[{"href":"https:\/\/stylingagenten.com\/no\/wp-json\/wp\/v2\/product\/390726","targetHints":{"allow":["GET"]}}],"collection":[{"href":"https:\/\/stylingagenten.com\/no\/wp-json\/wp\/v2\/product"}],"about":[{"href":"https:\/\/stylingagenten.com\/no\/wp-json\/wp\/v2\/types\/product"}],"replies":[{"embeddable":true,"href":"https:\/\/stylingagenten.com\/no\/wp-json\/wp\/v2\/comments?post=390726"}],"version-history":[{"count":0,"href":"https:\/\/stylingagenten.com\/no\/wp-json\/wp\/v2\/product\/390726\/revisions"}],"wp:featuredmedia":[{"embeddable":true,"href":"https:\/\/stylingagenten.com\/no\/wp-json\/wp\/v2\/media\/390693"}],"wp:attachment":[{"href":"https:\/\/stylingagenten.com\/no\/wp-json\/wp\/v2\/media?parent=390726"}],"wp:term":[{"taxonomy":"product_brand","embeddable":true,"href":"https:\/\/stylingagenten.com\/no\/wp-json\/wp\/v2\/product_brand?post=390726"},{"taxonomy":"product_cat","embeddable":true,"href":"https:\/\/stylingagenten.com\/no\/wp-json\/wp\/v2\/product_cat?post=390726"},{"taxonomy":"product_tag","embeddable":true,"href":"https:\/\/stylingagenten.com\/no\/wp-json\/wp\/v2\/product_tag?post=390726"},{"taxonomy":"berocket_brand","embeddable":true,"href":"https:\/\/stylingagenten.com\/no\/wp-json\/wp\/v2\/berocket_brand?post=390726"}],"curies":[{"name":"wp","href":"https:\/\/api.w.org\/{rel}","templated":true}]}}