{"id":390723,"date":"2025-05-18T22:00:24","date_gmt":"2025-05-18T22:00:24","guid":{"rendered":"https:\/\/staging2.stylingagenten.com\/no\/produkt\/system-professional-smoothen-mask-200ml\/"},"modified":"2026-03-11T21:58:01","modified_gmt":"2026-03-11T21:58:01","slug":"system-professional-smoothen-mask-200ml","status":"publish","type":"product","link":"https:\/\/stylingagenten.com\/no\/produkt\/system-professional-smoothen-mask-200ml\/","title":{"rendered":"System Professional Smoothen Mask 200ml"},"content":{"rendered":"<p>System Professional Smoothen Mask er en pleiende og utglattende h\u00e5rkur for alle h\u00e5rtyper, spesielt vanskelig h\u00e5r. Smoothen Mask sin utglattende h\u00e5rkur er spesielt utviklet for \u00e5 kontrollere og pleie ustyrlig h\u00e5r, og gj\u00f8re det glatt, mykt og silkeaktig. Passer perfekt for rebellisk, grovt, kr\u00f8llete eller vanskelig h\u00e5r.<\/p>\n<p>Smoothen-serien gir aktiv n\u00e6ring til h\u00e5ret, balanserer dets hydrolipidprofil og beskytter mot videre utt\u00f8rking.<\/p>\n<p>200ml<\/p>\n","protected":false},"excerpt":{"rendered":"<p>System Professional Smoothen Mask er en pleiende og utglattende h\u00e5rkur for alle h\u00e5rtyper, spesielt vanskelig h\u00e5r. Smoothen Mask sin utglattende h\u00e5rkur er spesielt utviklet for \u00e5 kontrollere og pleie ustyrlig h\u00e5r, og gj\u00f8re det glatt, mykt og silkeaktig. Passer perfekt for rebellisk, grovt, kr\u00f8llete eller vanskelig h\u00e5r. Smoothen-serien gir aktiv n\u00e6ring til h\u00e5ret, balanserer dets [&hellip;]<\/p>\n","protected":false},"featured_media":390686,"comment_status":"open","ping_status":"closed","template":"","meta":{"_trash_the_other_posts":false},"product_brand":[],"product_cat":[620],"product_tag":[],"berocket_brand":[1995],"class_list":{"0":"post-390723","1":"product","2":"type-product","3":"status-publish","4":"has-post-thumbnail","6":"product_cat-harmaske","7":"pa_brand-system-professional","8":"berocket_brand-system-professional","10":"first","11":"instock","12":"sale","13":"taxable","14":"shipping-taxable","15":"purchasable","16":"product-type-simple"},"_links":{"self":[{"href":"https:\/\/stylingagenten.com\/no\/wp-json\/wp\/v2\/product\/390723","targetHints":{"allow":["GET"]}}],"collection":[{"href":"https:\/\/stylingagenten.com\/no\/wp-json\/wp\/v2\/product"}],"about":[{"href":"https:\/\/stylingagenten.com\/no\/wp-json\/wp\/v2\/types\/product"}],"replies":[{"embeddable":true,"href":"https:\/\/stylingagenten.com\/no\/wp-json\/wp\/v2\/comments?post=390723"}],"version-history":[{"count":0,"href":"https:\/\/stylingagenten.com\/no\/wp-json\/wp\/v2\/product\/390723\/revisions"}],"wp:featuredmedia":[{"embeddable":true,"href":"https:\/\/stylingagenten.com\/no\/wp-json\/wp\/v2\/media\/390686"}],"wp:attachment":[{"href":"https:\/\/stylingagenten.com\/no\/wp-json\/wp\/v2\/media?parent=390723"}],"wp:term":[{"taxonomy":"product_brand","embeddable":true,"href":"https:\/\/stylingagenten.com\/no\/wp-json\/wp\/v2\/product_brand?post=390723"},{"taxonomy":"product_cat","embeddable":true,"href":"https:\/\/stylingagenten.com\/no\/wp-json\/wp\/v2\/product_cat?post=390723"},{"taxonomy":"product_tag","embeddable":true,"href":"https:\/\/stylingagenten.com\/no\/wp-json\/wp\/v2\/product_tag?post=390723"},{"taxonomy":"berocket_brand","embeddable":true,"href":"https:\/\/stylingagenten.com\/no\/wp-json\/wp\/v2\/berocket_brand?post=390723"}],"curies":[{"name":"wp","href":"https:\/\/api.w.org\/{rel}","templated":true}]}}