{"id":390718,"date":"2025-05-18T22:00:24","date_gmt":"2025-05-18T22:00:24","guid":{"rendered":"https:\/\/staging2.stylingagenten.com\/no\/produkt\/system-professional-color-save-mask-200ml\/"},"modified":"2026-03-13T14:40:30","modified_gmt":"2026-03-13T14:40:30","slug":"system-professional-color-save-mask-200ml","status":"publish","type":"product","link":"https:\/\/stylingagenten.com\/no\/produkt\/system-professional-color-save-mask-200ml\/","title":{"rendered":"System Professional Color Save Mask 200ml"},"content":{"rendered":"<p>System Professional Color Save Mask er en intensivbehandling for farget h\u00e5r. Denne fuktighetsgivende og n\u00e6rende h\u00e5rmasken beskytter og bevarer farge, h\u00e5ndterbarhet og glans, samtidig som den motvirker fargeforandringer og falming. Color Save Mask passer for alle typer farging og beskytter mot UV-str\u00e5ling.<\/p>\n<p>Color Save-serien er utviklet for \u00e5 reparere og fremheve farget h\u00e5r, gi det langvarig glans og samtidig bevare en sunn og str\u00e5lende gl\u00f8d.<\/p>\n<p>200ml<\/p>\n","protected":false},"excerpt":{"rendered":"<p>System Professional Color Save Mask er en intensivbehandling for farget h\u00e5r. Denne fuktighetsgivende og n\u00e6rende h\u00e5rmasken beskytter og bevarer farge, h\u00e5ndterbarhet og glans, samtidig som den motvirker fargeforandringer og falming. Color Save Mask passer for alle typer farging og beskytter mot UV-str\u00e5ling. Color Save-serien er utviklet for \u00e5 reparere og fremheve farget h\u00e5r, gi det [&hellip;]<\/p>\n","protected":false},"featured_media":390699,"comment_status":"open","ping_status":"closed","template":"","meta":{"_trash_the_other_posts":false},"product_brand":[],"product_cat":[620],"product_tag":[],"berocket_brand":[1995],"class_list":{"0":"post-390718","1":"product","2":"type-product","3":"status-publish","4":"has-post-thumbnail","6":"product_cat-harmaske","7":"pa_brand-system-professional","8":"berocket_brand-system-professional","10":"first","11":"instock","12":"sale","13":"taxable","14":"shipping-taxable","15":"purchasable","16":"product-type-simple"},"_links":{"self":[{"href":"https:\/\/stylingagenten.com\/no\/wp-json\/wp\/v2\/product\/390718","targetHints":{"allow":["GET"]}}],"collection":[{"href":"https:\/\/stylingagenten.com\/no\/wp-json\/wp\/v2\/product"}],"about":[{"href":"https:\/\/stylingagenten.com\/no\/wp-json\/wp\/v2\/types\/product"}],"replies":[{"embeddable":true,"href":"https:\/\/stylingagenten.com\/no\/wp-json\/wp\/v2\/comments?post=390718"}],"version-history":[{"count":0,"href":"https:\/\/stylingagenten.com\/no\/wp-json\/wp\/v2\/product\/390718\/revisions"}],"wp:featuredmedia":[{"embeddable":true,"href":"https:\/\/stylingagenten.com\/no\/wp-json\/wp\/v2\/media\/390699"}],"wp:attachment":[{"href":"https:\/\/stylingagenten.com\/no\/wp-json\/wp\/v2\/media?parent=390718"}],"wp:term":[{"taxonomy":"product_brand","embeddable":true,"href":"https:\/\/stylingagenten.com\/no\/wp-json\/wp\/v2\/product_brand?post=390718"},{"taxonomy":"product_cat","embeddable":true,"href":"https:\/\/stylingagenten.com\/no\/wp-json\/wp\/v2\/product_cat?post=390718"},{"taxonomy":"product_tag","embeddable":true,"href":"https:\/\/stylingagenten.com\/no\/wp-json\/wp\/v2\/product_tag?post=390718"},{"taxonomy":"berocket_brand","embeddable":true,"href":"https:\/\/stylingagenten.com\/no\/wp-json\/wp\/v2\/berocket_brand?post=390718"}],"curies":[{"name":"wp","href":"https:\/\/api.w.org\/{rel}","templated":true}]}}