{"id":390679,"date":"2025-05-18T22:00:18","date_gmt":"2025-05-18T22:00:18","guid":{"rendered":"https:\/\/staging2.stylingagenten.com\/no\/produkt\/system-professional-volumize-mask-200ml\/"},"modified":"2026-04-15T06:23:34","modified_gmt":"2026-04-15T06:23:34","slug":"system-professional-volumize-mask-200ml","status":"publish","type":"product","link":"https:\/\/stylingagenten.com\/no\/produkt\/system-professional-volumize-mask-200ml\/","title":{"rendered":"System Professional Volumize Mask 200ml"},"content":{"rendered":"<p>System Professional Volumize Mask er en intensiv behandling som styrker h\u00e5ret og gir varig volum. Den er perfekt for fint, lett skadet eller kjemisk behandlet h\u00e5r, da den styrker h\u00e5rstrukturen, beskytter mot brudd og \u00f8ker fylden uten \u00e5 tynge h\u00e5ret.<\/p>\n<p>System Professional Volumize-serien er utformet for \u00e5 styrke og l\u00f8fte fint og skj\u00f8r h\u00e5r. Med Formastrength Complex gjenoppretter serien fylde, h\u00e5ndterbarhet og styrke i selv det fineste h\u00e5ret. Luksuri\u00f8se og lette formler som gj\u00f8r at favorittfrisyrene dine holder lenger.<\/p>\n<p>200ml<\/p>\n","protected":false},"excerpt":{"rendered":"<p>System Professional Volumize Mask er en intensiv behandling som styrker h\u00e5ret og gir varig volum. Den er perfekt for fint, lett skadet eller kjemisk behandlet h\u00e5r, da den styrker h\u00e5rstrukturen, beskytter mot brudd og \u00f8ker fylden uten \u00e5 tynge h\u00e5ret. System Professional Volumize-serien er utformet for \u00e5 styrke og l\u00f8fte fint og skj\u00f8r h\u00e5r. Med [&hellip;]<\/p>\n","protected":false},"featured_media":390656,"comment_status":"open","ping_status":"closed","template":"","meta":{"_trash_the_other_posts":false},"product_brand":[],"product_cat":[620],"product_tag":[],"berocket_brand":[1995],"class_list":{"0":"post-390679","1":"product","2":"type-product","3":"status-publish","4":"has-post-thumbnail","6":"product_cat-harmaske","7":"pa_brand-system-professional","8":"berocket_brand-system-professional","10":"first","11":"instock","12":"sale","13":"taxable","14":"shipping-taxable","15":"purchasable","16":"product-type-simple"},"_links":{"self":[{"href":"https:\/\/stylingagenten.com\/no\/wp-json\/wp\/v2\/product\/390679","targetHints":{"allow":["GET"]}}],"collection":[{"href":"https:\/\/stylingagenten.com\/no\/wp-json\/wp\/v2\/product"}],"about":[{"href":"https:\/\/stylingagenten.com\/no\/wp-json\/wp\/v2\/types\/product"}],"replies":[{"embeddable":true,"href":"https:\/\/stylingagenten.com\/no\/wp-json\/wp\/v2\/comments?post=390679"}],"version-history":[{"count":0,"href":"https:\/\/stylingagenten.com\/no\/wp-json\/wp\/v2\/product\/390679\/revisions"}],"wp:featuredmedia":[{"embeddable":true,"href":"https:\/\/stylingagenten.com\/no\/wp-json\/wp\/v2\/media\/390656"}],"wp:attachment":[{"href":"https:\/\/stylingagenten.com\/no\/wp-json\/wp\/v2\/media?parent=390679"}],"wp:term":[{"taxonomy":"product_brand","embeddable":true,"href":"https:\/\/stylingagenten.com\/no\/wp-json\/wp\/v2\/product_brand?post=390679"},{"taxonomy":"product_cat","embeddable":true,"href":"https:\/\/stylingagenten.com\/no\/wp-json\/wp\/v2\/product_cat?post=390679"},{"taxonomy":"product_tag","embeddable":true,"href":"https:\/\/stylingagenten.com\/no\/wp-json\/wp\/v2\/product_tag?post=390679"},{"taxonomy":"berocket_brand","embeddable":true,"href":"https:\/\/stylingagenten.com\/no\/wp-json\/wp\/v2\/berocket_brand?post=390679"}],"curies":[{"name":"wp","href":"https:\/\/api.w.org\/{rel}","templated":true}]}}