{"id":390674,"date":"2025-05-18T22:00:17","date_gmt":"2025-05-18T22:00:17","guid":{"rendered":"https:\/\/staging2.stylingagenten.com\/no\/produkt\/loreal-professionnel-serie-expert-pro-longer-mask-250ml\/"},"modified":"2026-04-14T10:38:55","modified_gmt":"2026-04-14T10:38:55","slug":"loreal-professionnel-serie-expert-pro-longer-mask-250ml","status":"publish","type":"product","link":"https:\/\/stylingagenten.com\/no\/produkt\/loreal-professionnel-serie-expert-pro-longer-mask-250ml\/","title":{"rendered":"L&#8217;Oreal Professionnel Serie Expert Pro Longer Mask 250ml"},"content":{"rendered":"<p>L&#8217;Or\u00e9al Professionnel Serie Expert Pro Longer Mask er en lengdefornyende maske for langt h\u00e5r. Den profesjonelle formelen er beriket med Filler-A100 og aminosyrer.<br \/>\n<br \/>Bruksanvisning: P\u00e5f\u00f8r p\u00e5 h\u00e5ndklet\u00f8rt h\u00e5r etter bruk av Pro Longer-sjampo. La virke i 3-5 minutter. Skyll grundig. Skyll umiddelbart med rikelig med vann ved kontakt med \u00f8ynene.<br \/>\n<br \/>Instrumentell test sjampo + maske.<\/p>\n<p>250ml<\/p>\n","protected":false},"excerpt":{"rendered":"<p>L&#8217;Or\u00e9al Professionnel Serie Expert Pro Longer Mask er en lengdefornyende maske for langt h\u00e5r. Den profesjonelle formelen er beriket med Filler-A100 og aminosyrer. Bruksanvisning: P\u00e5f\u00f8r p\u00e5 h\u00e5ndklet\u00f8rt h\u00e5r etter bruk av Pro Longer-sjampo. La virke i 3-5 minutter. Skyll grundig. Skyll umiddelbart med rikelig med vann ved kontakt med \u00f8ynene. Instrumentell test sjampo + maske. [&hellip;]<\/p>\n","protected":false},"featured_media":390647,"comment_status":"open","ping_status":"closed","template":"","meta":{"_trash_the_other_posts":false},"product_brand":[],"product_cat":[620],"product_tag":[],"berocket_brand":[2001],"class_list":{"0":"post-390674","1":"product","2":"type-product","3":"status-publish","4":"has-post-thumbnail","6":"product_cat-harmaske","7":"pa_brand-loreal-paris","8":"berocket_brand-loreal-paris","10":"first","11":"instock","12":"sale","13":"taxable","14":"shipping-taxable","15":"purchasable","16":"product-type-simple"},"_links":{"self":[{"href":"https:\/\/stylingagenten.com\/no\/wp-json\/wp\/v2\/product\/390674","targetHints":{"allow":["GET"]}}],"collection":[{"href":"https:\/\/stylingagenten.com\/no\/wp-json\/wp\/v2\/product"}],"about":[{"href":"https:\/\/stylingagenten.com\/no\/wp-json\/wp\/v2\/types\/product"}],"replies":[{"embeddable":true,"href":"https:\/\/stylingagenten.com\/no\/wp-json\/wp\/v2\/comments?post=390674"}],"version-history":[{"count":1,"href":"https:\/\/stylingagenten.com\/no\/wp-json\/wp\/v2\/product\/390674\/revisions"}],"predecessor-version":[{"id":469812,"href":"https:\/\/stylingagenten.com\/no\/wp-json\/wp\/v2\/product\/390674\/revisions\/469812"}],"wp:featuredmedia":[{"embeddable":true,"href":"https:\/\/stylingagenten.com\/no\/wp-json\/wp\/v2\/media\/390647"}],"wp:attachment":[{"href":"https:\/\/stylingagenten.com\/no\/wp-json\/wp\/v2\/media?parent=390674"}],"wp:term":[{"taxonomy":"product_brand","embeddable":true,"href":"https:\/\/stylingagenten.com\/no\/wp-json\/wp\/v2\/product_brand?post=390674"},{"taxonomy":"product_cat","embeddable":true,"href":"https:\/\/stylingagenten.com\/no\/wp-json\/wp\/v2\/product_cat?post=390674"},{"taxonomy":"product_tag","embeddable":true,"href":"https:\/\/stylingagenten.com\/no\/wp-json\/wp\/v2\/product_tag?post=390674"},{"taxonomy":"berocket_brand","embeddable":true,"href":"https:\/\/stylingagenten.com\/no\/wp-json\/wp\/v2\/berocket_brand?post=390674"}],"curies":[{"name":"wp","href":"https:\/\/api.w.org\/{rel}","templated":true}]}}