{"id":390632,"date":"2025-05-18T22:00:10","date_gmt":"2025-05-18T22:00:10","guid":{"rendered":"https:\/\/staging2.stylingagenten.com\/no\/produkt\/wella-professionals-invigo-scalp-balance-sensitive-scalp-mask-150ml\/"},"modified":"2026-04-11T14:07:40","modified_gmt":"2026-04-11T14:07:40","slug":"wella-professionals-invigo-scalp-balance-sensitive-scalp-mask-150ml","status":"publish","type":"product","link":"https:\/\/stylingagenten.com\/no\/produkt\/wella-professionals-invigo-scalp-balance-sensitive-scalp-mask-150ml\/","title":{"rendered":"Wella Professionals Invigo Scalp Balance Sensitive Scalp Mask 150ml"},"content":{"rendered":"<p>Wella Professionals Invigo Scalp Balance Sensitive Scalp Mask er en uparfymert maske for sensitivt h\u00e5r og hodebunn. Denne profesjonelle h\u00e5rbehandlingen med allantoin lindrer kl\u00f8e og styrker h\u00e5ret. Invigo Scalp Balance-serien er utviklet for \u00e5 ta vare p\u00e5 din individuelle hodebunn og h\u00e5rbehov, med pleiende og forfriskende ingredienser. Din rutine for sunt h\u00e5r med en ubalansert hodebunn.<\/p>\n<p>150ml<\/p>\n","protected":false},"excerpt":{"rendered":"<p>Wella Professionals Invigo Scalp Balance Sensitive Scalp Mask er en uparfymert maske for sensitivt h\u00e5r og hodebunn. Denne profesjonelle h\u00e5rbehandlingen med allantoin lindrer kl\u00f8e og styrker h\u00e5ret. Invigo Scalp Balance-serien er utviklet for \u00e5 ta vare p\u00e5 din individuelle hodebunn og h\u00e5rbehov, med pleiende og forfriskende ingredienser. Din rutine for sunt h\u00e5r med en ubalansert [&hellip;]<\/p>\n","protected":false},"featured_media":390607,"comment_status":"open","ping_status":"closed","template":"","meta":{"_trash_the_other_posts":false},"product_brand":[],"product_cat":[620],"product_tag":[],"berocket_brand":[1030],"class_list":{"0":"post-390632","1":"product","2":"type-product","3":"status-publish","4":"has-post-thumbnail","6":"product_cat-harmaske","7":"pa_brand-wella","8":"berocket_brand-wella","10":"first","11":"instock","12":"sale","13":"taxable","14":"shipping-taxable","15":"purchasable","16":"product-type-simple"},"_links":{"self":[{"href":"https:\/\/stylingagenten.com\/no\/wp-json\/wp\/v2\/product\/390632","targetHints":{"allow":["GET"]}}],"collection":[{"href":"https:\/\/stylingagenten.com\/no\/wp-json\/wp\/v2\/product"}],"about":[{"href":"https:\/\/stylingagenten.com\/no\/wp-json\/wp\/v2\/types\/product"}],"replies":[{"embeddable":true,"href":"https:\/\/stylingagenten.com\/no\/wp-json\/wp\/v2\/comments?post=390632"}],"version-history":[{"count":0,"href":"https:\/\/stylingagenten.com\/no\/wp-json\/wp\/v2\/product\/390632\/revisions"}],"wp:featuredmedia":[{"embeddable":true,"href":"https:\/\/stylingagenten.com\/no\/wp-json\/wp\/v2\/media\/390607"}],"wp:attachment":[{"href":"https:\/\/stylingagenten.com\/no\/wp-json\/wp\/v2\/media?parent=390632"}],"wp:term":[{"taxonomy":"product_brand","embeddable":true,"href":"https:\/\/stylingagenten.com\/no\/wp-json\/wp\/v2\/product_brand?post=390632"},{"taxonomy":"product_cat","embeddable":true,"href":"https:\/\/stylingagenten.com\/no\/wp-json\/wp\/v2\/product_cat?post=390632"},{"taxonomy":"product_tag","embeddable":true,"href":"https:\/\/stylingagenten.com\/no\/wp-json\/wp\/v2\/product_tag?post=390632"},{"taxonomy":"berocket_brand","embeddable":true,"href":"https:\/\/stylingagenten.com\/no\/wp-json\/wp\/v2\/berocket_brand?post=390632"}],"curies":[{"name":"wp","href":"https:\/\/api.w.org\/{rel}","templated":true}]}}