{"id":390621,"date":"2025-05-18T22:00:08","date_gmt":"2025-05-18T22:00:08","guid":{"rendered":"https:\/\/staging2.stylingagenten.com\/no\/produkt\/system-professional-luxeoil-keratin-protect-mask-200ml\/"},"modified":"2026-03-20T16:05:35","modified_gmt":"2026-03-20T16:05:35","slug":"system-professional-luxeoil-keratin-protect-mask-200ml","status":"publish","type":"product","link":"https:\/\/stylingagenten.com\/no\/produkt\/system-professional-luxeoil-keratin-protect-mask-200ml\/","title":{"rendered":"System Professional LuxeOil Keratin Protect Mask 200ml"},"content":{"rendered":"<p>System Professional LuxeOil Keratin Protect Mask er en styrkende og n\u00e6rende h\u00e5rkur for alle h\u00e5rtyper. Denne utjevnende behandlingen er beriket med argan-, mandel- og jojobaolje, og bidrar til \u00e5 fukte og pleie h\u00e5ret, reparere skj\u00f8re og splittede tupper og forbedre h\u00e5rstrukturen. Denne intensive behandlingen gjenoppbygger og beskytter h\u00e5rfibrene, samtidig som den beskytter h\u00e5rets keratin mot slitasje fra styling og gj\u00f8r h\u00e5ret glatt og lett \u00e5 gre ut. LuxeOil har en unik duft med en varm, orientalsk komposisjon av osmanthus, vanilje, liljekonvall og krydder som gir en forf\u00f8rende opplevelse.<\/p>\n<p>200ml<\/p>\n","protected":false},"excerpt":{"rendered":"<p>System Professional LuxeOil Keratin Protect Mask er en styrkende og n\u00e6rende h\u00e5rkur for alle h\u00e5rtyper. Denne utjevnende behandlingen er beriket med argan-, mandel- og jojobaolje, og bidrar til \u00e5 fukte og pleie h\u00e5ret, reparere skj\u00f8re og splittede tupper og forbedre h\u00e5rstrukturen. Denne intensive behandlingen gjenoppbygger og beskytter h\u00e5rfibrene, samtidig som den beskytter h\u00e5rets keratin mot [&hellip;]<\/p>\n","protected":false},"featured_media":390600,"comment_status":"open","ping_status":"closed","template":"","meta":{"_trash_the_other_posts":false},"product_brand":[],"product_cat":[620],"product_tag":[],"berocket_brand":[1995],"class_list":{"0":"post-390621","1":"product","2":"type-product","3":"status-publish","4":"has-post-thumbnail","6":"product_cat-harmaske","7":"pa_brand-system-professional","8":"berocket_brand-system-professional","10":"first","11":"outofstock","12":"sale","13":"taxable","14":"shipping-taxable","15":"purchasable","16":"product-type-simple"},"_links":{"self":[{"href":"https:\/\/stylingagenten.com\/no\/wp-json\/wp\/v2\/product\/390621","targetHints":{"allow":["GET"]}}],"collection":[{"href":"https:\/\/stylingagenten.com\/no\/wp-json\/wp\/v2\/product"}],"about":[{"href":"https:\/\/stylingagenten.com\/no\/wp-json\/wp\/v2\/types\/product"}],"replies":[{"embeddable":true,"href":"https:\/\/stylingagenten.com\/no\/wp-json\/wp\/v2\/comments?post=390621"}],"version-history":[{"count":0,"href":"https:\/\/stylingagenten.com\/no\/wp-json\/wp\/v2\/product\/390621\/revisions"}],"wp:featuredmedia":[{"embeddable":true,"href":"https:\/\/stylingagenten.com\/no\/wp-json\/wp\/v2\/media\/390600"}],"wp:attachment":[{"href":"https:\/\/stylingagenten.com\/no\/wp-json\/wp\/v2\/media?parent=390621"}],"wp:term":[{"taxonomy":"product_brand","embeddable":true,"href":"https:\/\/stylingagenten.com\/no\/wp-json\/wp\/v2\/product_brand?post=390621"},{"taxonomy":"product_cat","embeddable":true,"href":"https:\/\/stylingagenten.com\/no\/wp-json\/wp\/v2\/product_cat?post=390621"},{"taxonomy":"product_tag","embeddable":true,"href":"https:\/\/stylingagenten.com\/no\/wp-json\/wp\/v2\/product_tag?post=390621"},{"taxonomy":"berocket_brand","embeddable":true,"href":"https:\/\/stylingagenten.com\/no\/wp-json\/wp\/v2\/berocket_brand?post=390621"}],"curies":[{"name":"wp","href":"https:\/\/api.w.org\/{rel}","templated":true}]}}