{"id":390614,"date":"2025-05-18T22:00:07","date_gmt":"2025-05-18T22:00:07","guid":{"rendered":"https:\/\/staging2.stylingagenten.com\/no\/produkt\/wella-professionals-fusion-intense-repair-mask-150ml\/"},"modified":"2026-03-13T14:43:31","modified_gmt":"2026-03-13T14:43:31","slug":"wella-professionals-fusion-intense-repair-mask-150ml","status":"publish","type":"product","link":"https:\/\/stylingagenten.com\/no\/produkt\/wella-professionals-fusion-intense-repair-mask-150ml\/","title":{"rendered":"Wella Professionals Fusion Intense Repair Mask 150ml"},"content":{"rendered":"<p>Wella Professionals Fusion Intense Repair Mask er en h\u00e5rmaske som motvirker h\u00e5rbrudd og er spesielt utviklet for \u00e5 behandle skadet h\u00e5r. Denne h\u00e5rmasken er laget for \u00e5 behandle skadet h\u00e5r og gir viktig beskyttelse mot fremtidige mekaniske skader og h\u00e5rbrudd ved kamming. Wella Intense Repair Fusion Hair Mask er beriket med silkeaminosyrer og kraftige pleiende ingredienser som gir h\u00e5ret dyp pleie og gj\u00f8r det mer motstandsdyktig. Din rutine for umiddelbar reparasjon av skadet h\u00e5r.<\/p>\n<p>150ml<\/p>\n","protected":false},"excerpt":{"rendered":"<p>Wella Professionals Fusion Intense Repair Mask er en h\u00e5rmaske som motvirker h\u00e5rbrudd og er spesielt utviklet for \u00e5 behandle skadet h\u00e5r. Denne h\u00e5rmasken er laget for \u00e5 behandle skadet h\u00e5r og gir viktig beskyttelse mot fremtidige mekaniske skader og h\u00e5rbrudd ved kamming. Wella Intense Repair Fusion Hair Mask er beriket med silkeaminosyrer og kraftige pleiende [&hellip;]<\/p>\n","protected":false},"featured_media":390594,"comment_status":"open","ping_status":"closed","template":"","meta":{"_trash_the_other_posts":false},"product_brand":[],"product_cat":[620],"product_tag":[],"berocket_brand":[1030],"class_list":{"0":"post-390614","1":"product","2":"type-product","3":"status-publish","4":"has-post-thumbnail","6":"product_cat-harmaske","7":"pa_brand-wella","8":"berocket_brand-wella","10":"first","11":"instock","12":"sale","13":"taxable","14":"shipping-taxable","15":"purchasable","16":"product-type-simple"},"_links":{"self":[{"href":"https:\/\/stylingagenten.com\/no\/wp-json\/wp\/v2\/product\/390614","targetHints":{"allow":["GET"]}}],"collection":[{"href":"https:\/\/stylingagenten.com\/no\/wp-json\/wp\/v2\/product"}],"about":[{"href":"https:\/\/stylingagenten.com\/no\/wp-json\/wp\/v2\/types\/product"}],"replies":[{"embeddable":true,"href":"https:\/\/stylingagenten.com\/no\/wp-json\/wp\/v2\/comments?post=390614"}],"version-history":[{"count":0,"href":"https:\/\/stylingagenten.com\/no\/wp-json\/wp\/v2\/product\/390614\/revisions"}],"wp:featuredmedia":[{"embeddable":true,"href":"https:\/\/stylingagenten.com\/no\/wp-json\/wp\/v2\/media\/390594"}],"wp:attachment":[{"href":"https:\/\/stylingagenten.com\/no\/wp-json\/wp\/v2\/media?parent=390614"}],"wp:term":[{"taxonomy":"product_brand","embeddable":true,"href":"https:\/\/stylingagenten.com\/no\/wp-json\/wp\/v2\/product_brand?post=390614"},{"taxonomy":"product_cat","embeddable":true,"href":"https:\/\/stylingagenten.com\/no\/wp-json\/wp\/v2\/product_cat?post=390614"},{"taxonomy":"product_tag","embeddable":true,"href":"https:\/\/stylingagenten.com\/no\/wp-json\/wp\/v2\/product_tag?post=390614"},{"taxonomy":"berocket_brand","embeddable":true,"href":"https:\/\/stylingagenten.com\/no\/wp-json\/wp\/v2\/berocket_brand?post=390614"}],"curies":[{"name":"wp","href":"https:\/\/api.w.org\/{rel}","templated":true}]}}