{"id":390584,"date":"2025-05-18T22:00:02","date_gmt":"2025-05-18T22:00:02","guid":{"rendered":"https:\/\/staging2.stylingagenten.com\/no\/produkt\/wella-professionals-ultimate-repair-mask-150ml\/"},"modified":"2026-03-31T12:58:47","modified_gmt":"2026-03-31T12:58:47","slug":"wella-professionals-ultimate-repair-mask-150ml","status":"publish","type":"product","link":"https:\/\/stylingagenten.com\/no\/produkt\/wella-professionals-ultimate-repair-mask-150ml\/","title":{"rendered":"Wella Professionals Ultimate Repair Mask 150ml"},"content":{"rendered":"<p>Wella Professionals Ultimate Repair Mask er en intensivt beroligende og reparerende h\u00e5rmaske med alfa-hydroksysyre (AHA) og omega 9 som synlig reparerer og styrker skadet h\u00e5r. Denne lette masken reparerer og retter seg mot skader for\u00e5rsaket av varmeverkt\u00f8y, UV-str\u00e5ling, bleking, h\u00e5rb\u00e5nd og extensions. I tillegg reduserer behandlingen frizz, reder ut h\u00e5ret og gj\u00f8r det opptil 6 ganger lettere \u00e5 kamme*, noe som gj\u00f8r h\u00e5ret sterkere, glattere og sunnere.<\/p>\n<p>Denne reparerende og fuktighetsgivende behandlingen inneholder alfa-hydroksysyre (AHA) og omega 9, som gjenoppbygger bindingene inni h\u00e5ret og fyller p\u00e5 den ytre barrieren i varme- og blekingsskadet h\u00e5r. AHA, som vanligvis er kjent fra hudpleie, brukes i Ultimate Repair for \u00e5 styrke, pleie og forhindre at h\u00e5rstr\u00e5 brekker i sunt og kjemisk behandlet h\u00e5r ved \u00e5 gjenoppbygge hydrogenbindingene og trenge dypt inn i h\u00e5rfiberen.<\/p>\n<p>Ultimate Repair Mask rengj\u00f8r, detoxer og fukter alle h\u00e5rtyper og teksturer, enten det er tynt, fett, fint, tykt, rett, b\u00f8lget, kr\u00f8llete, farget, stripet, kr\u00f8llete, asiatisk eller afro, og gj\u00f8r den egnet for alle.<\/p>\n<p>Wella Professionals Ultimate Repair System er en hudpleieinspirert serie som tilbyr en f\u00f8rsteklasses h\u00e5rpleierutine som perfeksjonerer h\u00e5ret ditt p\u00e5 bare 90 sekunder*. Serien er utviklet for deg som \u00f8nsker det h\u00f8yeste niv\u00e5et av reparasjon og en naturlig, sunn f\u00f8lelse i h\u00e5ret. Den gir n\u00e6ring, styrke og fukt, og gj\u00f8r h\u00e5ret mykt, friskt og rent. Dermatologisk testet og vegansk.<\/p>\n<p>*Ved bruk av Ultimate Repair Step 3.<br \/>150ml<\/p>\n","protected":false},"excerpt":{"rendered":"<p>Wella Professionals Ultimate Repair Mask er en intensivt beroligende og reparerende h\u00e5rmaske med alfa-hydroksysyre (AHA) og omega 9 som synlig reparerer og styrker skadet h\u00e5r. Denne lette masken reparerer og retter seg mot skader for\u00e5rsaket av varmeverkt\u00f8y, UV-str\u00e5ling, bleking, h\u00e5rb\u00e5nd og extensions. I tillegg reduserer behandlingen frizz, reder ut h\u00e5ret og gj\u00f8r det opptil 6 [&hellip;]<\/p>\n","protected":false},"featured_media":390565,"comment_status":"open","ping_status":"closed","template":"","meta":{"_trash_the_other_posts":false},"product_brand":[],"product_cat":[620],"product_tag":[4063],"berocket_brand":[1030],"class_list":{"0":"post-390584","1":"product","2":"type-product","3":"status-publish","4":"has-post-thumbnail","6":"product_cat-harmaske","7":"product_tag-wella-professionals-ultimate-repair-mask","8":"pa_brand-wella","9":"pa_variant-150ml","10":"berocket_brand-wella","12":"first","13":"instock","14":"sale","15":"taxable","16":"shipping-taxable","17":"purchasable","18":"product-type-simple"},"_links":{"self":[{"href":"https:\/\/stylingagenten.com\/no\/wp-json\/wp\/v2\/product\/390584","targetHints":{"allow":["GET"]}}],"collection":[{"href":"https:\/\/stylingagenten.com\/no\/wp-json\/wp\/v2\/product"}],"about":[{"href":"https:\/\/stylingagenten.com\/no\/wp-json\/wp\/v2\/types\/product"}],"replies":[{"embeddable":true,"href":"https:\/\/stylingagenten.com\/no\/wp-json\/wp\/v2\/comments?post=390584"}],"version-history":[{"count":0,"href":"https:\/\/stylingagenten.com\/no\/wp-json\/wp\/v2\/product\/390584\/revisions"}],"wp:featuredmedia":[{"embeddable":true,"href":"https:\/\/stylingagenten.com\/no\/wp-json\/wp\/v2\/media\/390565"}],"wp:attachment":[{"href":"https:\/\/stylingagenten.com\/no\/wp-json\/wp\/v2\/media?parent=390584"}],"wp:term":[{"taxonomy":"product_brand","embeddable":true,"href":"https:\/\/stylingagenten.com\/no\/wp-json\/wp\/v2\/product_brand?post=390584"},{"taxonomy":"product_cat","embeddable":true,"href":"https:\/\/stylingagenten.com\/no\/wp-json\/wp\/v2\/product_cat?post=390584"},{"taxonomy":"product_tag","embeddable":true,"href":"https:\/\/stylingagenten.com\/no\/wp-json\/wp\/v2\/product_tag?post=390584"},{"taxonomy":"berocket_brand","embeddable":true,"href":"https:\/\/stylingagenten.com\/no\/wp-json\/wp\/v2\/berocket_brand?post=390584"}],"curies":[{"name":"wp","href":"https:\/\/api.w.org\/{rel}","templated":true}]}}