{"id":390581,"date":"2025-05-18T22:00:01","date_gmt":"2025-05-18T22:00:01","guid":{"rendered":"https:\/\/staging2.stylingagenten.com\/no\/produkt\/ref-illuminate-colour-masque-250ml\/"},"modified":"2026-03-14T14:57:40","modified_gmt":"2026-03-14T14:57:40","slug":"ref-illuminate-colour-masque-250ml","status":"publish","type":"product","link":"https:\/\/stylingagenten.com\/no\/produkt\/ref-illuminate-colour-masque-250ml\/","title":{"rendered":"REF Illuminate Colour Masque 250ml"},"content":{"rendered":"<p>REF Illuminate Colour Masque er en pleiende h\u00e5rkur som reduserer frizz, fremhever fargerefleksene i h\u00e5ret og gir langvarig glans. Perfekt for fargebehandlet h\u00e5r.<\/p>\n<p>250ml<\/p>\n","protected":false},"excerpt":{"rendered":"<p>REF Illuminate Colour Masque er en pleiende h\u00e5rkur som reduserer frizz, fremhever fargerefleksene i h\u00e5ret og gir langvarig glans. Perfekt for fargebehandlet h\u00e5r. 250ml<\/p>\n","protected":false},"featured_media":390580,"comment_status":"open","ping_status":"closed","template":"","meta":{"_trash_the_other_posts":false},"product_brand":[],"product_cat":[620],"product_tag":[3868],"berocket_brand":[1209],"class_list":{"0":"post-390581","1":"product","2":"type-product","3":"status-publish","4":"has-post-thumbnail","6":"product_cat-harmaske","7":"product_tag-ref-illuminate-colour-masque","8":"pa_brand-ref","9":"pa_variant-250ml","10":"berocket_brand-ref","12":"first","13":"instock","14":"sale","15":"taxable","16":"shipping-taxable","17":"purchasable","18":"product-type-simple"},"_links":{"self":[{"href":"https:\/\/stylingagenten.com\/no\/wp-json\/wp\/v2\/product\/390581","targetHints":{"allow":["GET"]}}],"collection":[{"href":"https:\/\/stylingagenten.com\/no\/wp-json\/wp\/v2\/product"}],"about":[{"href":"https:\/\/stylingagenten.com\/no\/wp-json\/wp\/v2\/types\/product"}],"replies":[{"embeddable":true,"href":"https:\/\/stylingagenten.com\/no\/wp-json\/wp\/v2\/comments?post=390581"}],"version-history":[{"count":0,"href":"https:\/\/stylingagenten.com\/no\/wp-json\/wp\/v2\/product\/390581\/revisions"}],"wp:featuredmedia":[{"embeddable":true,"href":"https:\/\/stylingagenten.com\/no\/wp-json\/wp\/v2\/media\/390580"}],"wp:attachment":[{"href":"https:\/\/stylingagenten.com\/no\/wp-json\/wp\/v2\/media?parent=390581"}],"wp:term":[{"taxonomy":"product_brand","embeddable":true,"href":"https:\/\/stylingagenten.com\/no\/wp-json\/wp\/v2\/product_brand?post=390581"},{"taxonomy":"product_cat","embeddable":true,"href":"https:\/\/stylingagenten.com\/no\/wp-json\/wp\/v2\/product_cat?post=390581"},{"taxonomy":"product_tag","embeddable":true,"href":"https:\/\/stylingagenten.com\/no\/wp-json\/wp\/v2\/product_tag?post=390581"},{"taxonomy":"berocket_brand","embeddable":true,"href":"https:\/\/stylingagenten.com\/no\/wp-json\/wp\/v2\/berocket_brand?post=390581"}],"curies":[{"name":"wp","href":"https:\/\/api.w.org\/{rel}","templated":true}]}}