{"id":390579,"date":"2025-05-18T22:00:00","date_gmt":"2025-05-18T22:00:00","guid":{"rendered":"https:\/\/staging2.stylingagenten.com\/no\/produkt\/ref-weightless-volume-masque-500ml\/"},"modified":"2026-04-11T19:38:50","modified_gmt":"2026-04-11T19:38:50","slug":"ref-weightless-volume-masque-500ml","status":"publish","type":"product","link":"https:\/\/stylingagenten.com\/no\/produkt\/ref-weightless-volume-masque-500ml\/","title":{"rendered":"REF Weightless Volume Masque 500ml"},"content":{"rendered":"<p>REF Weightless Volume Masque er en lett h\u00e5rkur med volumgivende effekt som tilf\u00f8rer fukt og fylde uten \u00e5 tynge h\u00e5ret. Perfekt for tynt, fint h\u00e5r.<\/p>\n<p>500ml<\/p>\n","protected":false},"excerpt":{"rendered":"<p>REF Weightless Volume Masque er en lett h\u00e5rkur med volumgivende effekt som tilf\u00f8rer fukt og fylde uten \u00e5 tynge h\u00e5ret. Perfekt for tynt, fint h\u00e5r. 500ml<\/p>\n","protected":false},"featured_media":390577,"comment_status":"open","ping_status":"closed","template":"","meta":{"_trash_the_other_posts":false},"product_brand":[],"product_cat":[620],"product_tag":[3879],"berocket_brand":[1209],"class_list":{"0":"post-390579","1":"product","2":"type-product","3":"status-publish","4":"has-post-thumbnail","6":"product_cat-harmaske","7":"product_tag-ref-weightless-volume-masque","8":"pa_brand-ref","9":"pa_variant-500ml","10":"berocket_brand-ref","12":"first","13":"instock","14":"sale","15":"taxable","16":"shipping-taxable","17":"purchasable","18":"product-type-simple"},"_links":{"self":[{"href":"https:\/\/stylingagenten.com\/no\/wp-json\/wp\/v2\/product\/390579","targetHints":{"allow":["GET"]}}],"collection":[{"href":"https:\/\/stylingagenten.com\/no\/wp-json\/wp\/v2\/product"}],"about":[{"href":"https:\/\/stylingagenten.com\/no\/wp-json\/wp\/v2\/types\/product"}],"replies":[{"embeddable":true,"href":"https:\/\/stylingagenten.com\/no\/wp-json\/wp\/v2\/comments?post=390579"}],"version-history":[{"count":0,"href":"https:\/\/stylingagenten.com\/no\/wp-json\/wp\/v2\/product\/390579\/revisions"}],"wp:featuredmedia":[{"embeddable":true,"href":"https:\/\/stylingagenten.com\/no\/wp-json\/wp\/v2\/media\/390577"}],"wp:attachment":[{"href":"https:\/\/stylingagenten.com\/no\/wp-json\/wp\/v2\/media?parent=390579"}],"wp:term":[{"taxonomy":"product_brand","embeddable":true,"href":"https:\/\/stylingagenten.com\/no\/wp-json\/wp\/v2\/product_brand?post=390579"},{"taxonomy":"product_cat","embeddable":true,"href":"https:\/\/stylingagenten.com\/no\/wp-json\/wp\/v2\/product_cat?post=390579"},{"taxonomy":"product_tag","embeddable":true,"href":"https:\/\/stylingagenten.com\/no\/wp-json\/wp\/v2\/product_tag?post=390579"},{"taxonomy":"berocket_brand","embeddable":true,"href":"https:\/\/stylingagenten.com\/no\/wp-json\/wp\/v2\/berocket_brand?post=390579"}],"curies":[{"name":"wp","href":"https:\/\/api.w.org\/{rel}","templated":true}]}}